{"id":914,"date":"2024-11-15T17:51:32","date_gmt":"2024-11-15T17:51:32","guid":{"rendered":"https:\/\/www.transparencia.anotameupedido.com\/?page_id=914"},"modified":"2024-12-10T00:26:48","modified_gmt":"2024-12-10T00:26:48","slug":"_diarias","status":"publish","type":"page","link":"https:\/\/upgyn.com.br\/sistemas\/transparencia\/_diarias\/","title":{"rendered":"Di\u00e1rias"},"content":{"rendered":"\t\t<div data-elementor-type=\"wp-page\" data-elementor-id=\"914\" class=\"elementor elementor-914\" data-elementor-post-type=\"page\">\n\t\t\t\t<div class=\"elementor-element elementor-element-695ec29 e-flex e-con-boxed e-con e-parent\" data-id=\"695ec29\" data-element_type=\"container\">\n\t\t\t\t\t<div class=\"e-con-inner\">\n\t\t<div class=\"elementor-element elementor-element-c6a8a28 e-con-full e-flex e-con e-child\" data-id=\"c6a8a28\" data-element_type=\"container\">\n\t\t\t\t<div class=\"elementor-element elementor-element-f9283ba elementor-icon-list--layout-traditional elementor-list-item-link-full_width elementor-widget elementor-widget-icon-list\" data-id=\"f9283ba\" data-element_type=\"widget\" data-widget_type=\"icon-list.default\">\n\t\t\t\t<div class=\"elementor-widget-container\">\n\t\t\t\t\t\t\t<ul class=\"elementor-icon-list-items\">\n\t\t\t\t\t\t\t<li class=\"elementor-icon-list-item\">\n\t\t\t\t\t\t\t\t\t\t\t<span class=\"elementor-icon-list-icon\">\n\t\t\t\t\t\t\t<i aria-hidden=\"true\" class=\"fas fa-money-bill-wave-alt\"><\/i>\t\t\t\t\t\t<\/span>\n\t\t\t\t\t\t\t\t\t\t<span class=\"elementor-icon-list-text\">DI\u00c1RIAS<\/span>\n\t\t\t\t\t\t\t\t\t<\/li>\n\t\t\t\t\t\t\t\t<li class=\"elementor-icon-list-item\">\n\t\t\t\t\t\t\t\t\t\t<span class=\"elementor-icon-list-text\">CAMPOS DE PESQUISA<\/span>\n\t\t\t\t\t\t\t\t\t<\/li>\n\t\t\t\t\t\t<\/ul>\n\t\t\t\t\t\t<\/div>\n\t\t\t\t<\/div>\n\t\t\t\t<\/div>\n\t\t\t\t\t<\/div>\n\t\t\t\t<\/div>\n\t\t<div class=\"elementor-element elementor-element-e658a45 e-flex e-con-boxed e-con e-parent\" data-id=\"e658a45\" data-element_type=\"container\">\n\t\t\t\t\t<div class=\"e-con-inner\">\n\t\t\t\t<div class=\"elementor-element elementor-element-012c5c6 elementor-widget__width-initial elementor-widget elementor-widget-jet-smart-filters-search\" data-id=\"012c5c6\" data-element_type=\"widget\" data-widget_type=\"jet-smart-filters-search.default\">\n\t\t\t\t<div class=\"elementor-widget-container\">\n\t\t\t\t\t<div class=\"jet-smart-filters-search jet-filter\"><div class=\"jet-filter-label\">Favorecido<\/div>\n<div class=\"jet-search-filter\" data-query-type=\"meta_query\" data-query-var=\"favorecido\" data-smart-filter=\"search\" data-filter-id=\"1328\" data-apply-type=\"ajax-ontyping\" data-content-provider=\"jet-data-table\" data-additional-providers=\"\" data-query-id=\"default\" data-active-label=\"Favorecido\" data-layout-options=\"{&quot;show_label&quot;:&quot;&quot;,&quot;display_options&quot;:[]}\" data-query-var-suffix=\"search\" data-min-letters-count=\"3\">\n\t<div class=\"jet-search-filter__input-wrapper\">\n\t\t<input\n\t\t\tclass=\"jet-search-filter__input\"\n\t\t\ttype=\"search\"\n\t\t\tautocomplete=\"off\"\n\t\t\tname=\"favorecido\"\n\t\t\tvalue=\"\"\n\t\t\tplaceholder=\"Favorecido\"\n\t\t\taria-label=\"Favorecido\"\n\t\t\t\t\t>\n\t\t\t\t\t<div class=\"jet-search-filter__input-clear\">\n\t\t\t\t<svg width=\"22\" height=\"28\" viewBox=\"0 0 22 28\" xmlns=\"http:\/\/www.w3.org\/2000\/svg\">\n\t<path d=\"M20.281 20.656c0 0.391-0.156 0.781-0.438 1.062l-2.125 2.125c-0.281 0.281-0.672 0.438-1.062 0.438s-0.781-0.156-1.062-0.438l-4.594-4.594-4.594 4.594c-0.281 0.281-0.672 0.438-1.062 0.438s-0.781-0.156-1.062-0.438l-2.125-2.125c-0.281-0.281-0.438-0.672-0.438-1.062s0.156-0.781 0.438-1.062l4.594-4.594-4.594-4.594c-0.281-0.281-0.438-0.672-0.438-1.062s0.156-0.781 0.438-1.062l2.125-2.125c0.281-0.281 0.672-0.438 1.062-0.438s0.781 0.156 1.062 0.438l4.594 4.594 4.594-4.594c0.281-0.281 0.672-0.438 1.062-0.438s0.781 0.156 1.062 0.438l2.125 2.125c0.281 0.281 0.438 0.672 0.438 1.062s-0.156 0.781-0.438 1.062l-4.594 4.594 4.594 4.594c0.281 0.281 0.438 0.672 0.438 1.062z\"><\/path>\n<\/svg>\n\t\t\t<\/div>\n\t\t\t<div class=\"jet-search-filter__input-loading\"><\/div>\n\t\t\t<\/div>\n\t<\/div>\n<\/div>\t\t\t\t<\/div>\n\t\t\t\t<\/div>\n\t\t\t\t\t<\/div>\n\t\t\t\t<\/div>\n\t\t<div class=\"elementor-element elementor-element-53cf24c e-flex e-con-boxed e-con e-parent\" data-id=\"53cf24c\" data-element_type=\"container\">\n\t\t\t\t\t<div class=\"e-con-inner\">\n\t\t\t\t<div class=\"elementor-element elementor-element-842c64d elementor-widget__width-initial elementor-widget elementor-widget-jet-dynamic-table\" data-id=\"842c64d\" data-element_type=\"widget\" data-widget_type=\"jet-dynamic-table.default\">\n\t\t\t\t<div class=\"elementor-widget-container\">\n\t\t\t\t\t<style><\/style><div class=\"jet-dynamic-table-wrapper\"><table class=\"jet-dynamic-table\" data-table-id=\"43\" data-query-id=\"42\"><thead class=\"jet-dynamic-table__header\"><tr class=\"jet-dynamic-table__row jet-dynamic-table__row--header\" ><th class=\"jet-dynamic-table__col jet-dynamic-table__col--favorecido\" >Favorecido<\/th><th class=\"jet-dynamic-table__col jet-dynamic-table__col--rgo\" >\u00d3rg\u00e3o<\/th><th class=\"jet-dynamic-table__col jet-dynamic-table__col--valor\" >Valor<\/th><th class=\"jet-dynamic-table__col jet-dynamic-table__col--cargo\" >Cargo<\/th><th class=\"jet-dynamic-table__col jet-dynamic-table__col--dataliquidao\" >Data Liquida\u00e7\u00e3o<\/th><th class=\"jet-dynamic-table__col jet-dynamic-table__col--descrio\" >Descri\u00e7\u00e3o<\/th><th class=\"jet-dynamic-table__col jet-dynamic-table__col--download\" >Download<\/th><\/tr><\/thead><tbody class=\"jet-dynamic-table__body\"><tr class=\"jet-dynamic-table__row jet-dynamic-table__row--header\" data-item-object=\"3304\"><td class=\"jet-dynamic-table__col jet-dynamic-table__col--favorecido\" >Carlos da Silva<\/td><td class=\"jet-dynamic-table__col jet-dynamic-table__col--rgo\" >Fundo Municipal de Sa\u00fade<\/td><td class=\"jet-dynamic-table__col jet-dynamic-table__col--valor\" >R$ 2.000,00<\/td><td class=\"jet-dynamic-table__col jet-dynamic-table__col--cargo\" >Procuradoria Geral do Munic\u00edpio<\/td><td class=\"jet-dynamic-table__col jet-dynamic-table__col--dataliquidao\" >2024-11-01<\/td><td class=\"jet-dynamic-table__col jet-dynamic-table__col--descrio\" >Pagamento de 02 (duas) di\u00e1rias para o servidor pela realiza\u00e7\u00e3o do transporte de paciente<\/td><td class=\"jet-dynamic-table__col jet-dynamic-table__col--download\" ><a href=\"https:\/\/upgyn.com.br\/sistemas\/transparencia\/wp-content\/uploads\/2024\/11\/0_Diario-Oficial-3.442_2024.pdf.pdf\">https:\/\/upgyn.com.br\/sistemas\/transparencia\/wp-content\/uploads\/2024\/11\/0_Diario-Oficial-3.442_2024.pdf.pdf<\/a><\/td><\/tr><tr class=\"jet-dynamic-table__row jet-dynamic-table__row--header\" data-item-object=\"3305\"><td class=\"jet-dynamic-table__col jet-dynamic-table__col--favorecido\" >Luiz Valentino<\/td><td class=\"jet-dynamic-table__col jet-dynamic-table__col--rgo\" >Fundo Municipal de Sa\u00fade<\/td><td class=\"jet-dynamic-table__col jet-dynamic-table__col--valor\" >R$ 2.000,00<\/td><td class=\"jet-dynamic-table__col jet-dynamic-table__col--cargo\" >Procuradoria Geral do Munic\u00edpio<\/td><td class=\"jet-dynamic-table__col jet-dynamic-table__col--dataliquidao\" >2024-11-14<\/td><td class=\"jet-dynamic-table__col jet-dynamic-table__col--descrio\" >Pagamento de 02 (duas) di\u00e1rias para o servidor pela realiza\u00e7\u00e3o do transporte de paciente<\/td><td class=\"jet-dynamic-table__col jet-dynamic-table__col--download\" ><a href=\"https:\/\/upgyn.com.br\/sistemas\/transparencia\/wp-content\/uploads\/2024\/11\/0_Diario-Oficial-3.442_2024.pdf.pdf\">https:\/\/upgyn.com.br\/sistemas\/transparencia\/wp-content\/uploads\/2024\/11\/0_Diario-Oficial-3.442_2024.pdf.pdf<\/a><\/td><\/tr><tr class=\"jet-dynamic-table__row jet-dynamic-table__row--header\" data-item-object=\"3306\"><td class=\"jet-dynamic-table__col jet-dynamic-table__col--favorecido\" >Carlos Magno<\/td><td class=\"jet-dynamic-table__col jet-dynamic-table__col--rgo\" >Fundo Municipal de Sa\u00fade<\/td><td class=\"jet-dynamic-table__col jet-dynamic-table__col--valor\" >R$ 4.000,00<\/td><td class=\"jet-dynamic-table__col jet-dynamic-table__col--cargo\" >Procuradoria Geral do Munic\u00edpio<\/td><td class=\"jet-dynamic-table__col jet-dynamic-table__col--dataliquidao\" >2024-12-07<\/td><td class=\"jet-dynamic-table__col jet-dynamic-table__col--descrio\" >di\u00e1rias para o servidor pela realiza\u00e7\u00e3o do transporte de paciente<\/td><td class=\"jet-dynamic-table__col jet-dynamic-table__col--download\" ><a href=\"https:\/\/upgyn.com.br\/sistemas\/transparencia\/wp-content\/uploads\/2024\/11\/0_Diario-Oficial-3.442_2024.pdf.pdf\">https:\/\/upgyn.com.br\/sistemas\/transparencia\/wp-content\/uploads\/2024\/11\/0_Diario-Oficial-3.442_2024.pdf.pdf<\/a><\/td><\/tr><tr class=\"jet-dynamic-table__row jet-dynamic-table__row--header\" data-item-object=\"3307\"><td class=\"jet-dynamic-table__col jet-dynamic-table__col--favorecido\" >Marilene Fonseca<\/td><td class=\"jet-dynamic-table__col jet-dynamic-table__col--rgo\" >Secretaria de Transporte<\/td><td class=\"jet-dynamic-table__col jet-dynamic-table__col--valor\" >R$ 2.000,00<\/td><td class=\"jet-dynamic-table__col jet-dynamic-table__col--cargo\" >Motorista<\/td><td class=\"jet-dynamic-table__col jet-dynamic-table__col--dataliquidao\" >2024-12-06<\/td><td class=\"jet-dynamic-table__col jet-dynamic-table__col--descrio\" >di\u00e1rias para o servidor pela realiza\u00e7\u00e3o do transporte de paciente<\/td><td class=\"jet-dynamic-table__col jet-dynamic-table__col--download\" ><a href=\"https:\/\/upgyn.com.br\/sistemas\/transparencia\/wp-content\/uploads\/2024\/11\/0_Diario-Oficial-3.442_2024.pdf.pdf\">https:\/\/upgyn.com.br\/sistemas\/transparencia\/wp-content\/uploads\/2024\/11\/0_Diario-Oficial-3.442_2024.pdf.pdf<\/a><\/td><\/tr><tr class=\"jet-dynamic-table__row jet-dynamic-table__row--header\" data-item-object=\"3308\"><td class=\"jet-dynamic-table__col jet-dynamic-table__col--favorecido\" >Alfredo Oliveira<\/td><td class=\"jet-dynamic-table__col jet-dynamic-table__col--rgo\" >Fundo Municipal de Sa\u00fade<\/td><td class=\"jet-dynamic-table__col jet-dynamic-table__col--valor\" >R$ 5.000,00<\/td><td class=\"jet-dynamic-table__col jet-dynamic-table__col--cargo\" >Secretario da Saude<\/td><td class=\"jet-dynamic-table__col jet-dynamic-table__col--dataliquidao\" >2024-12-04<\/td><td class=\"jet-dynamic-table__col jet-dynamic-table__col--descrio\" >Pagamento de 02 (duas) di\u00e1rias para o servidor pela realiza\u00e7\u00e3o do transporte de paciente<\/td><td class=\"jet-dynamic-table__col jet-dynamic-table__col--download\" ><a href=\"https:\/\/upgyn.com.br\/sistemas\/transparencia\/wp-content\/uploads\/2024\/11\/0_Diario-Oficial-3.442_2024.pdf.pdf\">https:\/\/upgyn.com.br\/sistemas\/transparencia\/wp-content\/uploads\/2024\/11\/0_Diario-Oficial-3.442_2024.pdf.pdf<\/a><\/td><\/tr><tr class=\"jet-dynamic-table__row jet-dynamic-table__row--header\" data-item-object=\"1803\"><td class=\"jet-dynamic-table__col jet-dynamic-table__col--favorecido\" >Jo\u00e3o da Cruz<\/td><td class=\"jet-dynamic-table__col jet-dynamic-table__col--rgo\" >Camara Municipal<\/td><td class=\"jet-dynamic-table__col jet-dynamic-table__col--valor\" >R$ 5000<\/td><td class=\"jet-dynamic-table__col jet-dynamic-table__col--cargo\" >Motorista<\/td><td class=\"jet-dynamic-table__col jet-dynamic-table__col--dataliquidao\" >2024-12-05<\/td><td class=\"jet-dynamic-table__col jet-dynamic-table__col--descrio\" >Uso para viagens para fora do municipio<\/td><td class=\"jet-dynamic-table__col jet-dynamic-table__col--download\" ><a href=\"https:\/\/upgyn.com.br\/sistemas\/transparencia\/wp-content\/uploads\/2024\/11\/0_SEI_0683248_DECRETO_49831.pdf.pdf\">https:\/\/upgyn.com.br\/sistemas\/transparencia\/wp-content\/uploads\/2024\/11\/0_SEI_0683248_DECRETO_49831.pdf.pdf<\/a><\/td><\/tr><tr class=\"jet-dynamic-table__row jet-dynamic-table__row--header\" data-item-object=\"1783\"><td class=\"jet-dynamic-table__col jet-dynamic-table__col--favorecido\" >thiago silva de assis<\/td><td class=\"jet-dynamic-table__col jet-dynamic-table__col--rgo\" >cbmgo<\/td><td class=\"jet-dynamic-table__col jet-dynamic-table__col--valor\" ><\/td><td class=\"jet-dynamic-table__col jet-dynamic-table__col--cargo\" ><\/td><td class=\"jet-dynamic-table__col jet-dynamic-table__col--dataliquidao\" ><\/td><td class=\"jet-dynamic-table__col jet-dynamic-table__col--descrio\" ><\/td><td class=\"jet-dynamic-table__col jet-dynamic-table__col--download\" ><\/td><\/tr><\/tbody><\/table><\/div>\t\t\t\t<\/div>\n\t\t\t\t<\/div>\n\t\t\t\t<div class=\"elementor-element elementor-element-bae9eb5 elementor-widget elementor-widget-jet-smart-filters-pagination\" data-id=\"bae9eb5\" data-element_type=\"widget\" data-widget_type=\"jet-smart-filters-pagination.default\">\n\t\t\t\t<div class=\"elementor-widget-container\">\n\t\t\t\t\t<div\n\t\t\t\tclass=\"jet-smart-filters-pagination jet-filter\"\n\t\t\t\tdata-apply-provider=\"jet-data-table\"\n\t\t\t\tdata-content-provider=\"jet-data-table\"\n\t\t\t\tdata-query-id=\"default\"\n\t\t\t\tdata-controls=\"{&quot;items_enabled&quot;:true,&quot;pages_mid_size&quot;:0,&quot;pages_end_size&quot;:0,&quot;nav_enabled&quot;:true,&quot;prev&quot;:&quot;Anterior&quot;,&quot;next&quot;:&quot;Pr\\u00f3ximo&quot;,&quot;hide_inactive_nav&quot;:true,&quot;load_more_enabled&quot;:false,&quot;provider_top_offset&quot;:0}\"\n\t\t\t\tdata-apply-type=\"ajax\"\n\t\t\t><\/div>\t\t\t\t<\/div>\n\t\t\t\t<\/div>\n\t\t\t\t\t<\/div>\n\t\t\t\t<\/div>\n\t\t\t\t<\/div>\n\t\t","protected":false},"excerpt":{"rendered":"<p>DI\u00c1RIAS CAMPOS DE PESQUISA Favorecido Favorecido \u00d3rg\u00e3o Valor Cargo Data Liquida\u00e7\u00e3o Descri\u00e7\u00e3o Download Jo\u00e3o da Cruz Camara Municipal R$ 5000 Motorista 2024-12-05 Uso para viagens para fora do municipio https:\/\/upgyn.com.br\/sistemas\/transparencia\/wp-content\/uploads\/2024\/11\/0_SEI_0683248_DECRETO_49831.pdf.pdf thiago silva de assis cbmgo FERNANDO DEMARTINI RODRIGUES Procuradoria Geral do Munic\u00edpio R$ 2.160,00 Motorista 40h 2024-11-28 PAGAMENTO DE 04 DI\u00c1RIAS, DE VALOR INTEGRAL AO [&hellip;]<\/p>\n","protected":false},"author":1,"featured_media":0,"parent":0,"menu_order":0,"comment_status":"closed","ping_status":"closed","template":"elementor_header_footer","meta":{"footnotes":""},"class_list":["post-914","page","type-page","status-publish","hentry"],"_links":{"self":[{"href":"https:\/\/upgyn.com.br\/sistemas\/transparencia\/wp-json\/wp\/v2\/pages\/914","targetHints":{"allow":["GET"]}}],"collection":[{"href":"https:\/\/upgyn.com.br\/sistemas\/transparencia\/wp-json\/wp\/v2\/pages"}],"about":[{"href":"https:\/\/upgyn.com.br\/sistemas\/transparencia\/wp-json\/wp\/v2\/types\/page"}],"author":[{"embeddable":true,"href":"https:\/\/upgyn.com.br\/sistemas\/transparencia\/wp-json\/wp\/v2\/users\/1"}],"replies":[{"embeddable":true,"href":"https:\/\/upgyn.com.br\/sistemas\/transparencia\/wp-json\/wp\/v2\/comments?post=914"}],"version-history":[{"count":46,"href":"https:\/\/upgyn.com.br\/sistemas\/transparencia\/wp-json\/wp\/v2\/pages\/914\/revisions"}],"predecessor-version":[{"id":3303,"href":"https:\/\/upgyn.com.br\/sistemas\/transparencia\/wp-json\/wp\/v2\/pages\/914\/revisions\/3303"}],"wp:attachment":[{"href":"https:\/\/upgyn.com.br\/sistemas\/transparencia\/wp-json\/wp\/v2\/media?parent=914"}],"curies":[{"name":"wp","href":"https:\/\/api.w.org\/{rel}","templated":true}]}}