{"id":866,"date":"2024-11-15T16:18:39","date_gmt":"2024-11-15T16:18:39","guid":{"rendered":"https:\/\/www.transparencia.anotameupedido.com\/?page_id=866"},"modified":"2024-12-10T13:35:18","modified_gmt":"2024-12-10T13:35:18","slug":"_controladoria","status":"publish","type":"page","link":"https:\/\/upgyn.com.br\/sistemas\/transparencia\/_controladoria\/","title":{"rendered":"Controladoria"},"content":{"rendered":"\t\t<div data-elementor-type=\"wp-page\" data-elementor-id=\"866\" class=\"elementor elementor-866\" data-elementor-post-type=\"page\">\n\t\t\t\t<div class=\"elementor-element elementor-element-fefb2e0 e-flex e-con-boxed e-con e-parent\" data-id=\"fefb2e0\" data-element_type=\"container\">\n\t\t\t\t\t<div class=\"e-con-inner\">\n\t\t<div class=\"elementor-element elementor-element-1e9551c e-con-full e-flex e-con e-child\" data-id=\"1e9551c\" data-element_type=\"container\">\n\t\t\t\t<div class=\"elementor-element elementor-element-b9aa3a0 elementor-icon-list--layout-traditional elementor-list-item-link-full_width elementor-widget elementor-widget-icon-list\" data-id=\"b9aa3a0\" data-element_type=\"widget\" data-widget_type=\"icon-list.default\">\n\t\t\t\t<div class=\"elementor-widget-container\">\n\t\t\t\t\t\t\t<ul class=\"elementor-icon-list-items\">\n\t\t\t\t\t\t\t<li class=\"elementor-icon-list-item\">\n\t\t\t\t\t\t\t\t\t\t\t<span class=\"elementor-icon-list-icon\">\n\t\t\t\t\t\t\t<i aria-hidden=\"true\" class=\"fas fa-book-reader\"><\/i>\t\t\t\t\t\t<\/span>\n\t\t\t\t\t\t\t\t\t\t<span class=\"elementor-icon-list-text\">CONTROLADORIA<\/span>\n\t\t\t\t\t\t\t\t\t<\/li>\n\t\t\t\t\t\t\t\t<li class=\"elementor-icon-list-item\">\n\t\t\t\t\t\t\t\t\t\t<span class=\"elementor-icon-list-text\">CAMPOS DE PESQUISA<\/span>\n\t\t\t\t\t\t\t\t\t<\/li>\n\t\t\t\t\t\t<\/ul>\n\t\t\t\t\t\t<\/div>\n\t\t\t\t<\/div>\n\t\t\t\t<\/div>\n\t\t\t\t\t<\/div>\n\t\t\t\t<\/div>\n\t\t<div class=\"elementor-element elementor-element-79f90ee e-flex e-con-boxed e-con e-parent\" data-id=\"79f90ee\" data-element_type=\"container\" data-settings=\"{&quot;background_background&quot;:&quot;classic&quot;}\">\n\t\t\t\t\t<div class=\"e-con-inner\">\n\t\t\t\t<div class=\"elementor-element elementor-element-c9a71be elementor-widget-mobile__width-initial elementor-widget elementor-widget-jet-smart-filters-search\" data-id=\"c9a71be\" data-element_type=\"widget\" data-widget_type=\"jet-smart-filters-search.default\">\n\t\t\t\t<div class=\"elementor-widget-container\">\n\t\t\t\t\t<div class=\"jet-smart-filters-search jet-filter\"><div class=\"jet-filter-label\">N\u00famero<\/div>\n<div class=\"jet-search-filter\" data-query-type=\"meta_query\" data-query-var=\"numero\" data-smart-filter=\"search\" data-filter-id=\"1171\" data-apply-type=\"ajax-ontyping\" data-content-provider=\"jet-data-table\" data-additional-providers=\"\" data-query-id=\"Controladoria\" data-active-label=\"N\u00famero\" data-layout-options=\"{&quot;show_label&quot;:&quot;&quot;,&quot;display_options&quot;:[]}\" data-query-var-suffix=\"search\" data-min-letters-count=\"3\">\n\t<div class=\"jet-search-filter__input-wrapper\">\n\t\t<input\n\t\t\tclass=\"jet-search-filter__input\"\n\t\t\ttype=\"search\"\n\t\t\tautocomplete=\"off\"\n\t\t\tname=\"numero\"\n\t\t\tvalue=\"\"\n\t\t\tplaceholder=\"N\u00famero\"\n\t\t\taria-label=\"N\u00famero\"\n\t\t\t\t\t>\n\t\t\t\t\t<div class=\"jet-search-filter__input-clear\">\n\t\t\t\t<svg width=\"22\" height=\"28\" viewBox=\"0 0 22 28\" xmlns=\"http:\/\/www.w3.org\/2000\/svg\">\n\t<path d=\"M20.281 20.656c0 0.391-0.156 0.781-0.438 1.062l-2.125 2.125c-0.281 0.281-0.672 0.438-1.062 0.438s-0.781-0.156-1.062-0.438l-4.594-4.594-4.594 4.594c-0.281 0.281-0.672 0.438-1.062 0.438s-0.781-0.156-1.062-0.438l-2.125-2.125c-0.281-0.281-0.438-0.672-0.438-1.062s0.156-0.781 0.438-1.062l4.594-4.594-4.594-4.594c-0.281-0.281-0.438-0.672-0.438-1.062s0.156-0.781 0.438-1.062l2.125-2.125c0.281-0.281 0.672-0.438 1.062-0.438s0.781 0.156 1.062 0.438l4.594 4.594 4.594-4.594c0.281-0.281 0.672-0.438 1.062-0.438s0.781 0.156 1.062 0.438l2.125 2.125c0.281 0.281 0.438 0.672 0.438 1.062s-0.156 0.781-0.438 1.062l-4.594 4.594 4.594 4.594c0.281 0.281 0.438 0.672 0.438 1.062z\"><\/path>\n<\/svg>\n\t\t\t<\/div>\n\t\t\t<div class=\"jet-search-filter__input-loading\"><\/div>\n\t\t\t<\/div>\n\t<\/div>\n<\/div>\t\t\t\t<\/div>\n\t\t\t\t<\/div>\n\t\t\t\t<div class=\"elementor-element elementor-element-82eb695 elementor-widget__width-initial jet-smart-filter-group-position-line elementor-widget-mobile__width-initial jet-smart-filter-content-position-column jet-smart-filter-group-position-column elementor-widget elementor-widget-jet-smart-filters-select\" data-id=\"82eb695\" data-element_type=\"widget\" data-widget_type=\"jet-smart-filters-select.default\">\n\t\t\t\t<div class=\"elementor-widget-container\">\n\t\t\t\t\t<div class=\"jet-smart-filters-select jet-filter \" data-indexer-rule=\"show\" data-show-counter=\"\" data-change-counter=\"always\"><div class=\"jet-filter-label\">Tipo<\/div>\n<div class=\"jet-select\" data-query-type=\"meta_query\" data-query-var=\"tipo\" data-smart-filter=\"select\" data-filter-id=\"1175\" data-apply-type=\"ajax\" data-content-provider=\"jet-data-table\" data-additional-providers=\"\" data-query-id=\"Controladoria\" data-active-label=\"Tipo\" data-layout-options=\"{&quot;show_label&quot;:true,&quot;display_options&quot;:{&quot;show_items_label&quot;:false,&quot;show_decorator&quot;:false,&quot;filter_image_size&quot;:&quot;full&quot;,&quot;show_counter&quot;:false}}\" data-query-var-suffix=\"\" data-apply-on=\"value\">\n\t\t\t\t<select\n\t\t\tclass=\"jet-select__control\"\n\t\t\tname=\"tipo\"\n\t\t\t\t\t\taria-label=\"Tipo\"\n\t\t>\n\t\t\n\t\t\t\t\t<option\n\t\t\t\tvalue=\"\"\n\t\t\t\tdata-label=\"Selecione...\"\n\t\t\t\tdata-counter-prefix=\"\"\n\t\t\t\tdata-counter-suffix=\"\"\n\t\t\t\t\t\t\t>Selecione...<\/option>\n\t\t\t\t\t\t<option\n\t\t\t\tvalue=\"Colabora\u00e7\u00e3o e Coopera\u00e7\u00e3o\"\n\t\t\t\tdata-label=\"Colabora\u00e7\u00e3o e Coopera\u00e7\u00e3o\"\n\t\t\t\tdata-counter-prefix=\"\"\n\t\t\t\tdata-counter-suffix=\"\"\n\t\t\t\t\t\t\t>Colabora\u00e7\u00e3o e Coopera\u00e7\u00e3o<\/option>\n\t\t\t\t\t\t<option\n\t\t\t\tvalue=\"Audi\u00eancias P\u00fablicas\"\n\t\t\t\tdata-label=\"Audi\u00eancias P\u00fablicas\"\n\t\t\t\tdata-counter-prefix=\"\"\n\t\t\t\tdata-counter-suffix=\"\"\n\t\t\t\t\t\t\t>Audi\u00eancias P\u00fablicas<\/option>\n\t\t\t\t\t\t<option\n\t\t\t\tvalue=\"Compras Covid-19\"\n\t\t\t\tdata-label=\"Compras Covid-19\"\n\t\t\t\tdata-counter-prefix=\"\"\n\t\t\t\tdata-counter-suffix=\"\"\n\t\t\t\t\t\t\t>Compras Covid-19<\/option>\n\t\t\t\t\t\t<option\n\t\t\t\tvalue=\"Conv\u00eanios Recebidos\"\n\t\t\t\tdata-label=\"Conv\u00eanios Recebidos\"\n\t\t\t\tdata-counter-prefix=\"\"\n\t\t\t\tdata-counter-suffix=\"\"\n\t\t\t\t\t\t\t>Conv\u00eanios Recebidos<\/option>\n\t\t\t<\/select>\n\t<\/div>\n<\/div>\t\t\t\t<\/div>\n\t\t\t\t<\/div>\n\t\t\t\t\t<\/div>\n\t\t\t\t<\/div>\n\t\t<div class=\"elementor-element elementor-element-d151b43 e-flex e-con-boxed e-con e-parent\" data-id=\"d151b43\" data-element_type=\"container\">\n\t\t\t\t\t<div class=\"e-con-inner\">\n\t\t\t\t<div class=\"elementor-element elementor-element-f4c959a elementor-widget__width-initial elementor-widget elementor-widget-jet-dynamic-table\" data-id=\"f4c959a\" data-element_type=\"widget\" id=\"Controladoria\" data-widget_type=\"jet-dynamic-table.default\">\n\t\t\t\t<div class=\"elementor-widget-container\">\n\t\t\t\t\t<style><\/style><div class=\"jet-dynamic-table-wrapper\"><table class=\"jet-dynamic-table\" data-table-id=\"34\" data-query-id=\"33\"><thead class=\"jet-dynamic-table__header\"><tr class=\"jet-dynamic-table__row jet-dynamic-table__row--header\" ><th class=\"jet-dynamic-table__col jet-dynamic-table__col--nmero\" >N\u00famero<\/th><th class=\"jet-dynamic-table__col jet-dynamic-table__col--tipo\" >Tipo<\/th><th class=\"jet-dynamic-table__col jet-dynamic-table__col--identificao\" >Identifica\u00e7\u00e3o<\/th><th class=\"jet-dynamic-table__col jet-dynamic-table__col--datapublicao\" >Data Publica\u00e7\u00e3o<\/th><th class=\"jet-dynamic-table__col jet-dynamic-table__col--download\" >Download<\/th><\/tr><\/thead><tbody class=\"jet-dynamic-table__body\"><tr class=\"jet-dynamic-table__row jet-dynamic-table__row--header\" data-item-object=\"2730\"><td class=\"jet-dynamic-table__col jet-dynamic-table__col--nmero\" >001<\/td><td class=\"jet-dynamic-table__col jet-dynamic-table__col--tipo\" >Colabora\u00e7\u00e3o e Coopera\u00e7\u00e3o<\/td><td class=\"jet-dynamic-table__col jet-dynamic-table__col--identificao\" >TERMO DE COLABORA\u00c7\u00c3O 007\/2021 ASSOCIA\u00c7\u00c3O PESTALOZZI<\/td><td class=\"jet-dynamic-table__col jet-dynamic-table__col--datapublicao\" >11\/10\/24<\/td><td class=\"jet-dynamic-table__col jet-dynamic-table__col--download\" ><a href=\"https:\/\/upgyn.com.br\/sistemas\/transparencia\/wp-content\/uploads\/2024\/11\/0_Diario-Oficial-3.442_2024.pdf.pdf\">https:\/\/upgyn.com.br\/sistemas\/transparencia\/wp-content\/uploads\/2024\/11\/0_Diario-Oficial-3.442_2024.pdf.pdf<\/a><\/td><\/tr><tr class=\"jet-dynamic-table__row jet-dynamic-table__row--header\" data-item-object=\"2731\"><td class=\"jet-dynamic-table__col jet-dynamic-table__col--nmero\" >0232<\/td><td class=\"jet-dynamic-table__col jet-dynamic-table__col--tipo\" >Audi\u00eancias P\u00fablicas<\/td><td class=\"jet-dynamic-table__col jet-dynamic-table__col--identificao\" >Audi\u00eancia P\u00fablica do 3\u00ba Quadrimestre de 2022 - Apresenta\u00e7\u00e3o de metas fiscais<\/td><td class=\"jet-dynamic-table__col jet-dynamic-table__col--datapublicao\" >05\/12\/24<\/td><td class=\"jet-dynamic-table__col jet-dynamic-table__col--download\" ><a href=\"https:\/\/upgyn.com.br\/sistemas\/transparencia\/wp-content\/uploads\/2024\/11\/0_Diario-Oficial-3.442_2024.pdf.pdf\">https:\/\/upgyn.com.br\/sistemas\/transparencia\/wp-content\/uploads\/2024\/11\/0_Diario-Oficial-3.442_2024.pdf.pdf<\/a><\/td><\/tr><tr class=\"jet-dynamic-table__row jet-dynamic-table__row--header\" data-item-object=\"2729\"><td class=\"jet-dynamic-table__col jet-dynamic-table__col--nmero\" >001<\/td><td class=\"jet-dynamic-table__col jet-dynamic-table__col--tipo\" >Colabora\u00e7\u00e3o e Coopera\u00e7\u00e3o<\/td><td class=\"jet-dynamic-table__col jet-dynamic-table__col--identificao\" >TERMO DE COLABORA\u00c7\u00c3O 019\/2023 CASA DO IDOSO S\u00c3O JOAQUIM SANT'ANA<\/td><td class=\"jet-dynamic-table__col jet-dynamic-table__col--datapublicao\" >14\/11\/24<\/td><td class=\"jet-dynamic-table__col jet-dynamic-table__col--download\" ><a href=\"https:\/\/upgyn.com.br\/sistemas\/transparencia\/wp-content\/uploads\/2024\/11\/0_Diario-Oficial-3.442_2024.pdf.pdf\">https:\/\/upgyn.com.br\/sistemas\/transparencia\/wp-content\/uploads\/2024\/11\/0_Diario-Oficial-3.442_2024.pdf.pdf<\/a><\/td><\/tr><tr class=\"jet-dynamic-table__row jet-dynamic-table__row--header\" data-item-object=\"2728\"><td class=\"jet-dynamic-table__col jet-dynamic-table__col--nmero\" >0025<\/td><td class=\"jet-dynamic-table__col jet-dynamic-table__col--tipo\" >Audi\u00eancias P\u00fablicas<\/td><td class=\"jet-dynamic-table__col jet-dynamic-table__col--identificao\" >RELACI - Relat\u00f3rio de Atividades do Controle Interno - UG Educa\u00e7\u00e3o<\/td><td class=\"jet-dynamic-table__col jet-dynamic-table__col--datapublicao\" >17\/09\/24<\/td><td class=\"jet-dynamic-table__col jet-dynamic-table__col--download\" ><a href=\"https:\/\/upgyn.com.br\/sistemas\/transparencia\/wp-content\/uploads\/2024\/11\/0_Diario-Oficial-3.442_2024.pdf.pdf\">https:\/\/upgyn.com.br\/sistemas\/transparencia\/wp-content\/uploads\/2024\/11\/0_Diario-Oficial-3.442_2024.pdf.pdf<\/a><\/td><\/tr><tr class=\"jet-dynamic-table__row jet-dynamic-table__row--header\" data-item-object=\"2732\"><td class=\"jet-dynamic-table__col jet-dynamic-table__col--nmero\" >001<\/td><td class=\"jet-dynamic-table__col jet-dynamic-table__col--tipo\" >Audi\u00eancias P\u00fablicas<\/td><td class=\"jet-dynamic-table__col jet-dynamic-table__col--identificao\" >Conv\u00eanio - Ag\u00eancia Reguladora intermunicipal de Saneamento B\u00e1sico do Espir\u00edto Santo<\/td><td class=\"jet-dynamic-table__col jet-dynamic-table__col--datapublicao\" >14\/11\/24<\/td><td class=\"jet-dynamic-table__col jet-dynamic-table__col--download\" ><a href=\"https:\/\/upgyn.com.br\/sistemas\/transparencia\/wp-content\/uploads\/2024\/11\/0_Diario-Oficial-3.442_2024.pdf.pdf\">https:\/\/upgyn.com.br\/sistemas\/transparencia\/wp-content\/uploads\/2024\/11\/0_Diario-Oficial-3.442_2024.pdf.pdf<\/a><\/td><\/tr><tr class=\"jet-dynamic-table__row jet-dynamic-table__row--header\" data-item-object=\"2733\"><td class=\"jet-dynamic-table__col jet-dynamic-table__col--nmero\" >0012<\/td><td class=\"jet-dynamic-table__col jet-dynamic-table__col--tipo\" >Audi\u00eancias P\u00fablicas<\/td><td class=\"jet-dynamic-table__col jet-dynamic-table__col--identificao\" >Conv\u00eanio 001 - Demais convenios<\/td><td class=\"jet-dynamic-table__col jet-dynamic-table__col--datapublicao\" >01\/12\/24<\/td><td class=\"jet-dynamic-table__col jet-dynamic-table__col--download\" ><a href=\"https:\/\/upgyn.com.br\/sistemas\/transparencia\/wp-content\/uploads\/2024\/11\/0_Diario-Oficial-3.442_2024.pdf.pdf\">https:\/\/upgyn.com.br\/sistemas\/transparencia\/wp-content\/uploads\/2024\/11\/0_Diario-Oficial-3.442_2024.pdf.pdf<\/a><\/td><\/tr><tr class=\"jet-dynamic-table__row jet-dynamic-table__row--header\" data-item-object=\"2734\"><td class=\"jet-dynamic-table__col jet-dynamic-table__col--nmero\" >0011<\/td><td class=\"jet-dynamic-table__col jet-dynamic-table__col--tipo\" >Audi\u00eancias P\u00fablicas<\/td><td class=\"jet-dynamic-table__col jet-dynamic-table__col--identificao\" >Audi\u00eancia P\u00fablica de Lei Or\u00e7ament\u00e1ria Anual (LOA) de 2024<\/td><td class=\"jet-dynamic-table__col jet-dynamic-table__col--datapublicao\" >01\/11\/24<\/td><td class=\"jet-dynamic-table__col jet-dynamic-table__col--download\" ><a href=\"https:\/\/upgyn.com.br\/sistemas\/transparencia\/wp-content\/uploads\/2024\/11\/0_Diario-Oficial-3.442_2024.pdf.pdf\">https:\/\/upgyn.com.br\/sistemas\/transparencia\/wp-content\/uploads\/2024\/11\/0_Diario-Oficial-3.442_2024.pdf.pdf<\/a><\/td><\/tr><tr class=\"jet-dynamic-table__row jet-dynamic-table__row--header\" data-item-object=\"2724\"><td class=\"jet-dynamic-table__col jet-dynamic-table__col--nmero\" >0245<\/td><td class=\"jet-dynamic-table__col jet-dynamic-table__col--tipo\" >Compras Covid-19<\/td><td class=\"jet-dynamic-table__col jet-dynamic-table__col--identificao\" >AQUISI\u00c7\u00c3O DE TERM\u00d4METRO DIGITAL LASER INFRAVERMELHO - COVID-19<\/td><td class=\"jet-dynamic-table__col jet-dynamic-table__col--datapublicao\" >01\/11\/24<\/td><td class=\"jet-dynamic-table__col jet-dynamic-table__col--download\" ><a href=\"https:\/\/upgyn.com.br\/sistemas\/transparencia\/wp-content\/uploads\/2024\/12\/form-pedido_pf-1.pdf\">https:\/\/upgyn.com.br\/sistemas\/transparencia\/wp-content\/uploads\/2024\/12\/form-pedido_pf-1.pdf<\/a><\/td><\/tr><tr class=\"jet-dynamic-table__row jet-dynamic-table__row--header\" data-item-object=\"865\"><td class=\"jet-dynamic-table__col jet-dynamic-table__col--nmero\" >004<\/td><td class=\"jet-dynamic-table__col jet-dynamic-table__col--tipo\" >Conv\u00eanios Recebidos<\/td><td class=\"jet-dynamic-table__col jet-dynamic-table__col--identificao\" >Audi\u00eancia P\u00fablica do 1\u00ba Quadrimestre de 2024 - Apresenta\u00e7\u00e3o de metas fiscais<\/td><td class=\"jet-dynamic-table__col jet-dynamic-table__col--datapublicao\" >20\/11\/24<\/td><td class=\"jet-dynamic-table__col jet-dynamic-table__col--download\" ><a href=\"https:\/\/upgyn.com.br\/sistemas\/transparencia\/wp-content\/uploads\/2024\/11\/0_SEI_0625292_DECRETO_49760.pdf.pdf\">https:\/\/upgyn.com.br\/sistemas\/transparencia\/wp-content\/uploads\/2024\/11\/0_SEI_0625292_DECRETO_49760.pdf.pdf<\/a><\/td><\/tr><\/tbody><\/table><\/div>\t\t\t\t<\/div>\n\t\t\t\t<\/div>\n\t\t\t\t<div class=\"elementor-element elementor-element-844bc79 elementor-widget elementor-widget-jet-smart-filters-pagination\" data-id=\"844bc79\" data-element_type=\"widget\" data-widget_type=\"jet-smart-filters-pagination.default\">\n\t\t\t\t<div class=\"elementor-widget-container\">\n\t\t\t\t\t<div\n\t\t\t\tclass=\"jet-smart-filters-pagination jet-filter\"\n\t\t\t\tdata-apply-provider=\"jet-data-table\"\n\t\t\t\tdata-content-provider=\"jet-data-table\"\n\t\t\t\tdata-query-id=\"Controladoria\"\n\t\t\t\tdata-controls=\"{&quot;items_enabled&quot;:true,&quot;pages_mid_size&quot;:0,&quot;pages_end_size&quot;:0,&quot;nav_enabled&quot;:true,&quot;prev&quot;:&quot;Anterior&quot;,&quot;next&quot;:&quot;Pr\\u00f3ximo&quot;,&quot;hide_inactive_nav&quot;:true,&quot;load_more_enabled&quot;:false,&quot;provider_top_offset&quot;:0}\"\n\t\t\t\tdata-apply-type=\"ajax\"\n\t\t\t><\/div>\t\t\t\t<\/div>\n\t\t\t\t<\/div>\n\t\t\t\t\t<\/div>\n\t\t\t\t<\/div>\n\t\t\t\t<\/div>\n\t\t","protected":false},"excerpt":{"rendered":"<p>CONTROLADORIA CAMPOS DE PESQUISA N\u00famero Tipo Selecione&#8230;Colabora\u00e7\u00e3o e Coopera\u00e7\u00e3oAudi\u00eancias P\u00fablicasCompras Covid-19Conv\u00eanios Recebidos N\u00famero Tipo Identifica\u00e7\u00e3o Data Publica\u00e7\u00e3o Download 001 Colabora\u00e7\u00e3o e Coopera\u00e7\u00e3o TERMO DE COLABORA\u00c7\u00c3O 007\/2021 ASSOCIA\u00c7\u00c3O PESTALOZZI 11\/10\/24 https:\/\/upgyn.com.br\/sistemas\/transparencia\/wp-content\/uploads\/2024\/11\/0_Diario-Oficial-3.442_2024.pdf.pdf 0232 Audi\u00eancias P\u00fablicas Audi\u00eancia P\u00fablica do 3\u00ba Quadrimestre de 2022 &#8211; Apresenta\u00e7\u00e3o de metas fiscais 05\/12\/24 https:\/\/upgyn.com.br\/sistemas\/transparencia\/wp-content\/uploads\/2024\/11\/0_Diario-Oficial-3.442_2024.pdf.pdf 001 Colabora\u00e7\u00e3o e Coopera\u00e7\u00e3o TERMO DE COLABORA\u00c7\u00c3O 019\/2023 [&hellip;]<\/p>\n","protected":false},"author":1,"featured_media":0,"parent":0,"menu_order":0,"comment_status":"closed","ping_status":"closed","template":"elementor_header_footer","meta":{"footnotes":""},"class_list":["post-866","page","type-page","status-publish","hentry"],"_links":{"self":[{"href":"https:\/\/upgyn.com.br\/sistemas\/transparencia\/wp-json\/wp\/v2\/pages\/866","targetHints":{"allow":["GET"]}}],"collection":[{"href":"https:\/\/upgyn.com.br\/sistemas\/transparencia\/wp-json\/wp\/v2\/pages"}],"about":[{"href":"https:\/\/upgyn.com.br\/sistemas\/transparencia\/wp-json\/wp\/v2\/types\/page"}],"author":[{"embeddable":true,"href":"https:\/\/upgyn.com.br\/sistemas\/transparencia\/wp-json\/wp\/v2\/users\/1"}],"replies":[{"embeddable":true,"href":"https:\/\/upgyn.com.br\/sistemas\/transparencia\/wp-json\/wp\/v2\/comments?post=866"}],"version-history":[{"count":154,"href":"https:\/\/upgyn.com.br\/sistemas\/transparencia\/wp-json\/wp\/v2\/pages\/866\/revisions"}],"predecessor-version":[{"id":3320,"href":"https:\/\/upgyn.com.br\/sistemas\/transparencia\/wp-json\/wp\/v2\/pages\/866\/revisions\/3320"}],"wp:attachment":[{"href":"https:\/\/upgyn.com.br\/sistemas\/transparencia\/wp-json\/wp\/v2\/media?parent=866"}],"curies":[{"name":"wp","href":"https:\/\/api.w.org\/{rel}","templated":true}]}}