{"id":833,"date":"2024-11-15T15:27:52","date_gmt":"2024-11-15T15:27:52","guid":{"rendered":"https:\/\/www.transparencia.anotameupedido.com\/?page_id=833"},"modified":"2024-12-10T13:32:32","modified_gmt":"2024-12-10T13:32:32","slug":"_atas","status":"publish","type":"page","link":"https:\/\/upgyn.com.br\/sistemas\/transparencia\/_atas\/","title":{"rendered":"Atas"},"content":{"rendered":"\t\t<div data-elementor-type=\"wp-page\" data-elementor-id=\"833\" class=\"elementor elementor-833\" data-elementor-post-type=\"page\">\n\t\t\t\t<div class=\"elementor-element elementor-element-d930410 e-flex e-con-boxed e-con e-parent\" data-id=\"d930410\" data-element_type=\"container\">\n\t\t\t\t\t<div class=\"e-con-inner\">\n\t\t\t\t<div class=\"elementor-element elementor-element-0af90ef elementor-icon-list--layout-traditional elementor-list-item-link-full_width elementor-widget elementor-widget-icon-list\" data-id=\"0af90ef\" data-element_type=\"widget\" data-widget_type=\"icon-list.default\">\n\t\t\t\t<div class=\"elementor-widget-container\">\n\t\t\t\t\t\t\t<ul class=\"elementor-icon-list-items\">\n\t\t\t\t\t\t\t<li class=\"elementor-icon-list-item\">\n\t\t\t\t\t\t\t\t\t\t\t<span class=\"elementor-icon-list-icon\">\n\t\t\t\t\t\t\t<i aria-hidden=\"true\" class=\"fas fa-feather-alt\"><\/i>\t\t\t\t\t\t<\/span>\n\t\t\t\t\t\t\t\t\t\t<span class=\"elementor-icon-list-text\">ATAS<\/span>\n\t\t\t\t\t\t\t\t\t<\/li>\n\t\t\t\t\t\t\t\t<li class=\"elementor-icon-list-item\">\n\t\t\t\t\t\t\t\t\t\t<span class=\"elementor-icon-list-text\">CAMPOS DE PESQUISA<\/span>\n\t\t\t\t\t\t\t\t\t<\/li>\n\t\t\t\t\t\t<\/ul>\n\t\t\t\t\t\t<\/div>\n\t\t\t\t<\/div>\n\t\t\t\t\t<\/div>\n\t\t\t\t<\/div>\n\t\t<div class=\"elementor-element elementor-element-72e9cfa e-flex e-con-boxed e-con e-parent\" data-id=\"72e9cfa\" data-element_type=\"container\" data-settings=\"{&quot;background_background&quot;:&quot;classic&quot;}\">\n\t\t\t\t\t<div class=\"e-con-inner\">\n\t\t\t\t<div class=\"elementor-element elementor-element-6f9fa3b elementor-widget-mobile__width-initial elementor-widget elementor-widget-jet-smart-filters-search\" data-id=\"6f9fa3b\" data-element_type=\"widget\" data-widget_type=\"jet-smart-filters-search.default\">\n\t\t\t\t<div class=\"elementor-widget-container\">\n\t\t\t\t\t<div class=\"jet-smart-filters-search jet-filter\"><div class=\"jet-filter-label\"> N\u00famero<\/div>\n<div class=\"jet-search-filter\" data-query-type=\"meta_query\" data-query-var=\"numero\" data-smart-filter=\"search\" data-filter-id=\"982\" data-apply-type=\"ajax-ontyping\" data-content-provider=\"jet-data-table\" data-additional-providers=\"\" data-query-id=\"default\" data-active-label=\"N\u00famero\" data-layout-options=\"{&quot;show_label&quot;:&quot;&quot;,&quot;display_options&quot;:[]}\" data-query-var-suffix=\"search\" data-min-letters-count=\"3\">\n\t<div class=\"jet-search-filter__input-wrapper\">\n\t\t<input\n\t\t\tclass=\"jet-search-filter__input\"\n\t\t\ttype=\"search\"\n\t\t\tautocomplete=\"off\"\n\t\t\tname=\"numero\"\n\t\t\tvalue=\"\"\n\t\t\tplaceholder=\"N\u00famero\"\n\t\t\taria-label=\" N\u00famero\"\n\t\t\t\t\t>\n\t\t\t\t\t<div class=\"jet-search-filter__input-clear\">\n\t\t\t\t<svg width=\"22\" height=\"28\" viewBox=\"0 0 22 28\" xmlns=\"http:\/\/www.w3.org\/2000\/svg\">\n\t<path d=\"M20.281 20.656c0 0.391-0.156 0.781-0.438 1.062l-2.125 2.125c-0.281 0.281-0.672 0.438-1.062 0.438s-0.781-0.156-1.062-0.438l-4.594-4.594-4.594 4.594c-0.281 0.281-0.672 0.438-1.062 0.438s-0.781-0.156-1.062-0.438l-2.125-2.125c-0.281-0.281-0.438-0.672-0.438-1.062s0.156-0.781 0.438-1.062l4.594-4.594-4.594-4.594c-0.281-0.281-0.438-0.672-0.438-1.062s0.156-0.781 0.438-1.062l2.125-2.125c0.281-0.281 0.672-0.438 1.062-0.438s0.781 0.156 1.062 0.438l4.594 4.594 4.594-4.594c0.281-0.281 0.672-0.438 1.062-0.438s0.781 0.156 1.062 0.438l2.125 2.125c0.281 0.281 0.438 0.672 0.438 1.062s-0.156 0.781-0.438 1.062l-4.594 4.594 4.594 4.594c0.281 0.281 0.438 0.672 0.438 1.062z\"><\/path>\n<\/svg>\n\t\t\t<\/div>\n\t\t\t<div class=\"jet-search-filter__input-loading\"><\/div>\n\t\t\t<\/div>\n\t<\/div>\n<\/div>\t\t\t\t<\/div>\n\t\t\t\t<\/div>\n\t\t\t\t<div class=\"elementor-element elementor-element-6ca94c2 elementor-widget-mobile__width-initial elementor-widget elementor-widget-jet-smart-filters-search\" data-id=\"6ca94c2\" data-element_type=\"widget\" data-widget_type=\"jet-smart-filters-search.default\">\n\t\t\t\t<div class=\"elementor-widget-container\">\n\t\t\t\t\t<div class=\"jet-smart-filters-search jet-filter\"><div class=\"jet-filter-label\">Processo<\/div>\n<div class=\"jet-search-filter\" data-query-type=\"meta_query\" data-query-var=\"processo\" data-smart-filter=\"search\" data-filter-id=\"998\" data-apply-type=\"ajax-ontyping\" data-content-provider=\"jet-data-table\" data-additional-providers=\"\" data-query-id=\"default\" data-active-label=\"Processo\" data-layout-options=\"{&quot;show_label&quot;:&quot;&quot;,&quot;display_options&quot;:[]}\" data-query-var-suffix=\"search\" data-min-letters-count=\"3\">\n\t<div class=\"jet-search-filter__input-wrapper\">\n\t\t<input\n\t\t\tclass=\"jet-search-filter__input\"\n\t\t\ttype=\"search\"\n\t\t\tautocomplete=\"off\"\n\t\t\tname=\"processo\"\n\t\t\tvalue=\"\"\n\t\t\tplaceholder=\"Processo\"\n\t\t\taria-label=\"Processo\"\n\t\t\t\t\t>\n\t\t\t\t\t<div class=\"jet-search-filter__input-clear\">\n\t\t\t\t<svg width=\"22\" height=\"28\" viewBox=\"0 0 22 28\" xmlns=\"http:\/\/www.w3.org\/2000\/svg\">\n\t<path d=\"M20.281 20.656c0 0.391-0.156 0.781-0.438 1.062l-2.125 2.125c-0.281 0.281-0.672 0.438-1.062 0.438s-0.781-0.156-1.062-0.438l-4.594-4.594-4.594 4.594c-0.281 0.281-0.672 0.438-1.062 0.438s-0.781-0.156-1.062-0.438l-2.125-2.125c-0.281-0.281-0.438-0.672-0.438-1.062s0.156-0.781 0.438-1.062l4.594-4.594-4.594-4.594c-0.281-0.281-0.438-0.672-0.438-1.062s0.156-0.781 0.438-1.062l2.125-2.125c0.281-0.281 0.672-0.438 1.062-0.438s0.781 0.156 1.062 0.438l4.594 4.594 4.594-4.594c0.281-0.281 0.672-0.438 1.062-0.438s0.781 0.156 1.062 0.438l2.125 2.125c0.281 0.281 0.438 0.672 0.438 1.062s-0.156 0.781-0.438 1.062l-4.594 4.594 4.594 4.594c0.281 0.281 0.438 0.672 0.438 1.062z\"><\/path>\n<\/svg>\n\t\t\t<\/div>\n\t\t\t<div class=\"jet-search-filter__input-loading\"><\/div>\n\t\t\t<\/div>\n\t<\/div>\n<\/div>\t\t\t\t<\/div>\n\t\t\t\t<\/div>\n\t\t\t\t<div class=\"elementor-element elementor-element-0826260 elementor-widget-mobile__width-initial jet-smart-filter-group-position-column elementor-widget elementor-widget-jet-smart-filters-select\" data-id=\"0826260\" data-element_type=\"widget\" data-widget_type=\"jet-smart-filters-select.default\">\n\t\t\t\t<div class=\"elementor-widget-container\">\n\t\t\t\t\t<div class=\"jet-smart-filters-select jet-filter \" data-indexer-rule=\"show\" data-show-counter=\"\" data-change-counter=\"always\"><div class=\"jet-filter-label\">Situa\u00e7\u00e3o<\/div>\n<div class=\"jet-select\" data-query-type=\"meta_query\" data-query-var=\"situacao\" data-smart-filter=\"select\" data-filter-id=\"2642\" data-apply-type=\"ajax\" data-content-provider=\"jet-data-table\" data-additional-providers=\"\" data-query-id=\"default\" data-active-label=\"Situa\u00e7\u00e3o\" data-layout-options=\"{&quot;show_label&quot;:true,&quot;display_options&quot;:{&quot;show_items_label&quot;:false,&quot;show_decorator&quot;:false,&quot;filter_image_size&quot;:&quot;full&quot;,&quot;show_counter&quot;:false}}\" data-query-var-suffix=\"\" data-apply-on=\"value\">\n\t\t\t\t<select\n\t\t\tclass=\"jet-select__control\"\n\t\t\tname=\"situacao\"\n\t\t\t\t\t\taria-label=\"Situa\u00e7\u00e3o\"\n\t\t>\n\t\t\n\t\t\t\t\t<option\n\t\t\t\tvalue=\"\"\n\t\t\t\tdata-label=\"Selecione...\"\n\t\t\t\tdata-counter-prefix=\"\"\n\t\t\t\tdata-counter-suffix=\"\"\n\t\t\t\t\t\t\t>Selecione...<\/option>\n\t\t\t\t\t\t<option\n\t\t\t\tvalue=\"Revogada\"\n\t\t\t\tdata-label=\"Revogada\"\n\t\t\t\tdata-counter-prefix=\"\"\n\t\t\t\tdata-counter-suffix=\"\"\n\t\t\t\t\t\t\t>Revogada<\/option>\n\t\t\t\t\t\t<option\n\t\t\t\tvalue=\"Vigente\"\n\t\t\t\tdata-label=\"Vigente\"\n\t\t\t\tdata-counter-prefix=\"\"\n\t\t\t\tdata-counter-suffix=\"\"\n\t\t\t\t\t\t\t>Vigente<\/option>\n\t\t\t\t\t\t<option\n\t\t\t\tvalue=\"Finalizada\"\n\t\t\t\tdata-label=\"Finalizada\"\n\t\t\t\tdata-counter-prefix=\"\"\n\t\t\t\tdata-counter-suffix=\"\"\n\t\t\t\t\t\t\t>Finalizada<\/option>\n\t\t\t\t\t\t<option\n\t\t\t\tvalue=\"Cancelada\"\n\t\t\t\tdata-label=\"Cancelada\"\n\t\t\t\tdata-counter-prefix=\"\"\n\t\t\t\tdata-counter-suffix=\"\"\n\t\t\t\t\t\t\t>Cancelada<\/option>\n\t\t\t<\/select>\n\t<\/div>\n<\/div>\t\t\t\t<\/div>\n\t\t\t\t<\/div>\n\t\t\t\t\t<\/div>\n\t\t\t\t<\/div>\n\t\t<div class=\"elementor-element elementor-element-6427b2c e-flex e-con-boxed e-con e-parent\" data-id=\"6427b2c\" data-element_type=\"container\">\n\t\t\t\t\t<div class=\"e-con-inner\">\n\t\t\t\t<div class=\"elementor-element elementor-element-eecbbe8 elementor-widget__width-initial elementor-widget elementor-widget-jet-dynamic-table\" data-id=\"eecbbe8\" data-element_type=\"widget\" data-widget_type=\"jet-dynamic-table.default\">\n\t\t\t\t<div class=\"elementor-widget-container\">\n\t\t\t\t\t<style><\/style><div class=\"jet-dynamic-table-wrapper\"><table class=\"jet-dynamic-table\" data-table-id=\"28\" data-query-id=\"27\"><thead class=\"jet-dynamic-table__header\"><tr class=\"jet-dynamic-table__row jet-dynamic-table__row--header\" ><th class=\"jet-dynamic-table__col jet-dynamic-table__col--nmero\" >N\u00famero<\/th><th class=\"jet-dynamic-table__col jet-dynamic-table__col--data\" >Data<\/th><th class=\"jet-dynamic-table__col jet-dynamic-table__col--processo\" >Processo<\/th><th class=\"jet-dynamic-table__col jet-dynamic-table__col--situao\" >Situa\u00e7\u00e3o<\/th><th class=\"jet-dynamic-table__col jet-dynamic-table__col--download\" style=\"width:70px; min-width:70px;\">Download<\/th><\/tr><\/thead><tbody class=\"jet-dynamic-table__body\"><tr class=\"jet-dynamic-table__row jet-dynamic-table__row--header\" data-item-object=\"2515\"><td class=\"jet-dynamic-table__col jet-dynamic-table__col--nmero\" >821<\/td><td class=\"jet-dynamic-table__col jet-dynamic-table__col--data\" >08\/12\/24<\/td><td class=\"jet-dynamic-table__col jet-dynamic-table__col--processo\" >211212<\/td><td class=\"jet-dynamic-table__col jet-dynamic-table__col--situao\" >Revogada<\/td><td class=\"jet-dynamic-table__col jet-dynamic-table__col--download\" style=\"width:70px; min-width:70px;\"><a href=\"https:\/\/upgyn.com.br\/sistemas\/transparencia\/wp-content\/uploads\/2024\/11\/0_Diario-Oficial-3.442_2024.pdf.pdf\">https:\/\/upgyn.com.br\/sistemas\/transparencia\/wp-content\/uploads\/2024\/11\/0_Diario-Oficial-3.442_2024.pdf.pdf<\/a><\/td><\/tr><tr class=\"jet-dynamic-table__row jet-dynamic-table__row--header\" data-item-object=\"2516\"><td class=\"jet-dynamic-table__col jet-dynamic-table__col--nmero\" >820<\/td><td class=\"jet-dynamic-table__col jet-dynamic-table__col--data\" >08\/12\/24<\/td><td class=\"jet-dynamic-table__col jet-dynamic-table__col--processo\" >211212<\/td><td class=\"jet-dynamic-table__col jet-dynamic-table__col--situao\" >Vigente<\/td><td class=\"jet-dynamic-table__col jet-dynamic-table__col--download\" style=\"width:70px; min-width:70px;\"><a href=\"https:\/\/upgyn.com.br\/sistemas\/transparencia\/wp-content\/uploads\/2024\/12\/form-pedido_pf-1.pdf\">https:\/\/upgyn.com.br\/sistemas\/transparencia\/wp-content\/uploads\/2024\/12\/form-pedido_pf-1.pdf<\/a><\/td><\/tr><tr class=\"jet-dynamic-table__row jet-dynamic-table__row--header\" data-item-object=\"2517\"><td class=\"jet-dynamic-table__col jet-dynamic-table__col--nmero\" >819<\/td><td class=\"jet-dynamic-table__col jet-dynamic-table__col--data\" >08\/12\/24<\/td><td class=\"jet-dynamic-table__col jet-dynamic-table__col--processo\" >211212<\/td><td class=\"jet-dynamic-table__col jet-dynamic-table__col--situao\" >Finalizada<\/td><td class=\"jet-dynamic-table__col jet-dynamic-table__col--download\" style=\"width:70px; min-width:70px;\"><a href=\"https:\/\/upgyn.com.br\/sistemas\/transparencia\/wp-content\/uploads\/2024\/12\/form-pedido_pf-1.pdf\">https:\/\/upgyn.com.br\/sistemas\/transparencia\/wp-content\/uploads\/2024\/12\/form-pedido_pf-1.pdf<\/a><\/td><\/tr><tr class=\"jet-dynamic-table__row jet-dynamic-table__row--header\" data-item-object=\"2518\"><td class=\"jet-dynamic-table__col jet-dynamic-table__col--nmero\" >818<\/td><td class=\"jet-dynamic-table__col jet-dynamic-table__col--data\" >08\/12\/24<\/td><td class=\"jet-dynamic-table__col jet-dynamic-table__col--processo\" >211212<\/td><td class=\"jet-dynamic-table__col jet-dynamic-table__col--situao\" >Vigente<\/td><td class=\"jet-dynamic-table__col jet-dynamic-table__col--download\" style=\"width:70px; min-width:70px;\"><a href=\"https:\/\/upgyn.com.br\/sistemas\/transparencia\/wp-content\/uploads\/2024\/12\/form-pedido_pf-1.pdf\">https:\/\/upgyn.com.br\/sistemas\/transparencia\/wp-content\/uploads\/2024\/12\/form-pedido_pf-1.pdf<\/a><\/td><\/tr><tr class=\"jet-dynamic-table__row jet-dynamic-table__row--header\" data-item-object=\"2519\"><td class=\"jet-dynamic-table__col jet-dynamic-table__col--nmero\" >817<\/td><td class=\"jet-dynamic-table__col jet-dynamic-table__col--data\" >08\/12\/24<\/td><td class=\"jet-dynamic-table__col jet-dynamic-table__col--processo\" >211212<\/td><td class=\"jet-dynamic-table__col jet-dynamic-table__col--situao\" >Cancelada<\/td><td class=\"jet-dynamic-table__col jet-dynamic-table__col--download\" style=\"width:70px; min-width:70px;\"><a href=\"https:\/\/upgyn.com.br\/sistemas\/transparencia\/wp-content\/uploads\/2024\/12\/form-pedido_pf-1.pdf\">https:\/\/upgyn.com.br\/sistemas\/transparencia\/wp-content\/uploads\/2024\/12\/form-pedido_pf-1.pdf<\/a><\/td><\/tr><tr class=\"jet-dynamic-table__row jet-dynamic-table__row--header\" data-item-object=\"2520\"><td class=\"jet-dynamic-table__col jet-dynamic-table__col--nmero\" >816<\/td><td class=\"jet-dynamic-table__col jet-dynamic-table__col--data\" >08\/12\/24<\/td><td class=\"jet-dynamic-table__col jet-dynamic-table__col--processo\" >211212<\/td><td class=\"jet-dynamic-table__col jet-dynamic-table__col--situao\" >Vigente<\/td><td class=\"jet-dynamic-table__col jet-dynamic-table__col--download\" style=\"width:70px; min-width:70px;\"><a href=\"https:\/\/upgyn.com.br\/sistemas\/transparencia\/wp-content\/uploads\/2024\/12\/form-pedido_pf-1.pdf\">https:\/\/upgyn.com.br\/sistemas\/transparencia\/wp-content\/uploads\/2024\/12\/form-pedido_pf-1.pdf<\/a><\/td><\/tr><tr class=\"jet-dynamic-table__row jet-dynamic-table__row--header\" data-item-object=\"2521\"><td class=\"jet-dynamic-table__col jet-dynamic-table__col--nmero\" >815<\/td><td class=\"jet-dynamic-table__col jet-dynamic-table__col--data\" >08\/12\/24<\/td><td class=\"jet-dynamic-table__col jet-dynamic-table__col--processo\" >211212<\/td><td class=\"jet-dynamic-table__col jet-dynamic-table__col--situao\" >Finalizada<\/td><td class=\"jet-dynamic-table__col jet-dynamic-table__col--download\" style=\"width:70px; min-width:70px;\"><a href=\"https:\/\/upgyn.com.br\/sistemas\/transparencia\/wp-content\/uploads\/2024\/12\/form-pedido_pf-1.pdf\">https:\/\/upgyn.com.br\/sistemas\/transparencia\/wp-content\/uploads\/2024\/12\/form-pedido_pf-1.pdf<\/a><\/td><\/tr><tr class=\"jet-dynamic-table__row jet-dynamic-table__row--header\" data-item-object=\"2522\"><td class=\"jet-dynamic-table__col jet-dynamic-table__col--nmero\" >814<\/td><td class=\"jet-dynamic-table__col jet-dynamic-table__col--data\" >08\/12\/24<\/td><td class=\"jet-dynamic-table__col jet-dynamic-table__col--processo\" >211212<\/td><td class=\"jet-dynamic-table__col jet-dynamic-table__col--situao\" >Revogada<\/td><td class=\"jet-dynamic-table__col jet-dynamic-table__col--download\" style=\"width:70px; min-width:70px;\"><a href=\"https:\/\/upgyn.com.br\/sistemas\/transparencia\/wp-content\/uploads\/2024\/12\/form-pedido_pf-1.pdf\">https:\/\/upgyn.com.br\/sistemas\/transparencia\/wp-content\/uploads\/2024\/12\/form-pedido_pf-1.pdf<\/a><\/td><\/tr><tr class=\"jet-dynamic-table__row jet-dynamic-table__row--header\" data-item-object=\"2523\"><td class=\"jet-dynamic-table__col jet-dynamic-table__col--nmero\" >813<\/td><td class=\"jet-dynamic-table__col jet-dynamic-table__col--data\" >08\/12\/24<\/td><td class=\"jet-dynamic-table__col jet-dynamic-table__col--processo\" >211212<\/td><td class=\"jet-dynamic-table__col jet-dynamic-table__col--situao\" >Vigente<\/td><td class=\"jet-dynamic-table__col jet-dynamic-table__col--download\" style=\"width:70px; min-width:70px;\"><a href=\"https:\/\/upgyn.com.br\/sistemas\/transparencia\/wp-content\/uploads\/2024\/12\/form-pedido_pf-1.pdf\">https:\/\/upgyn.com.br\/sistemas\/transparencia\/wp-content\/uploads\/2024\/12\/form-pedido_pf-1.pdf<\/a><\/td><\/tr><tr class=\"jet-dynamic-table__row jet-dynamic-table__row--header\" data-item-object=\"2514\"><td class=\"jet-dynamic-table__col jet-dynamic-table__col--nmero\" >812<\/td><td class=\"jet-dynamic-table__col jet-dynamic-table__col--data\" >08\/12\/24<\/td><td class=\"jet-dynamic-table__col jet-dynamic-table__col--processo\" >211212<\/td><td class=\"jet-dynamic-table__col jet-dynamic-table__col--situao\" >Vigente<\/td><td class=\"jet-dynamic-table__col jet-dynamic-table__col--download\" style=\"width:70px; min-width:70px;\"><a href=\"https:\/\/upgyn.com.br\/sistemas\/transparencia\/wp-content\/uploads\/2024\/12\/form-pedido_pf-1.pdf\">https:\/\/upgyn.com.br\/sistemas\/transparencia\/wp-content\/uploads\/2024\/12\/form-pedido_pf-1.pdf<\/a><\/td><\/tr><\/tbody><\/table><\/div>\t\t\t\t<\/div>\n\t\t\t\t<\/div>\n\t\t\t\t\t<\/div>\n\t\t\t\t<\/div>\n\t\t<div class=\"elementor-element elementor-element-c637d25 e-flex e-con-boxed e-con e-parent\" data-id=\"c637d25\" data-element_type=\"container\" data-settings=\"{&quot;background_background&quot;:&quot;classic&quot;}\">\n\t\t\t\t\t<div class=\"e-con-inner\">\n\t\t\t\t<div class=\"elementor-element elementor-element-8cfc530 elementor-widget elementor-widget-jet-smart-filters-pagination\" data-id=\"8cfc530\" data-element_type=\"widget\" data-widget_type=\"jet-smart-filters-pagination.default\">\n\t\t\t\t<div class=\"elementor-widget-container\">\n\t\t\t\t\t<div\n\t\t\t\tclass=\"jet-smart-filters-pagination jet-filter\"\n\t\t\t\tdata-apply-provider=\"jet-data-table\"\n\t\t\t\tdata-content-provider=\"jet-data-table\"\n\t\t\t\tdata-query-id=\"default\"\n\t\t\t\tdata-controls=\"{&quot;items_enabled&quot;:true,&quot;pages_mid_size&quot;:0,&quot;pages_end_size&quot;:0,&quot;nav_enabled&quot;:true,&quot;prev&quot;:&quot;Anterior&quot;,&quot;next&quot;:&quot;Proxima&quot;,&quot;hide_inactive_nav&quot;:false,&quot;load_more_enabled&quot;:false,&quot;provider_top_offset&quot;:0}\"\n\t\t\t\tdata-apply-type=\"ajax\"\n\t\t\t><\/div>\t\t\t\t<\/div>\n\t\t\t\t<\/div>\n\t\t\t\t\t<\/div>\n\t\t\t\t<\/div>\n\t\t\t\t<\/div>\n\t\t","protected":false},"excerpt":{"rendered":"<p>ATAS CAMPOS DE PESQUISA N\u00famero Processo Situa\u00e7\u00e3o Selecione&#8230;RevogadaVigenteFinalizadaCancelada N\u00famero Data Processo Situa\u00e7\u00e3o Download 821 08\/12\/24 211212 Revogada https:\/\/upgyn.com.br\/sistemas\/transparencia\/wp-content\/uploads\/2024\/11\/0_Diario-Oficial-3.442_2024.pdf.pdf 820 08\/12\/24 211212 Vigente https:\/\/upgyn.com.br\/sistemas\/transparencia\/wp-content\/uploads\/2024\/12\/form-pedido_pf-1.pdf 819 08\/12\/24 211212 Finalizada https:\/\/upgyn.com.br\/sistemas\/transparencia\/wp-content\/uploads\/2024\/12\/form-pedido_pf-1.pdf 818 08\/12\/24 211212 Vigente https:\/\/upgyn.com.br\/sistemas\/transparencia\/wp-content\/uploads\/2024\/12\/form-pedido_pf-1.pdf 817 08\/12\/24 211212 Cancelada https:\/\/upgyn.com.br\/sistemas\/transparencia\/wp-content\/uploads\/2024\/12\/form-pedido_pf-1.pdf 816 08\/12\/24 211212 Vigente https:\/\/upgyn.com.br\/sistemas\/transparencia\/wp-content\/uploads\/2024\/12\/form-pedido_pf-1.pdf 815 08\/12\/24 211212 Finalizada https:\/\/upgyn.com.br\/sistemas\/transparencia\/wp-content\/uploads\/2024\/12\/form-pedido_pf-1.pdf 814 08\/12\/24 211212 Revogada https:\/\/upgyn.com.br\/sistemas\/transparencia\/wp-content\/uploads\/2024\/12\/form-pedido_pf-1.pdf 813 08\/12\/24 [&hellip;]<\/p>\n","protected":false},"author":1,"featured_media":0,"parent":0,"menu_order":0,"comment_status":"closed","ping_status":"closed","template":"elementor_header_footer","meta":{"footnotes":""},"class_list":["post-833","page","type-page","status-publish","hentry"],"_links":{"self":[{"href":"https:\/\/upgyn.com.br\/sistemas\/transparencia\/wp-json\/wp\/v2\/pages\/833","targetHints":{"allow":["GET"]}}],"collection":[{"href":"https:\/\/upgyn.com.br\/sistemas\/transparencia\/wp-json\/wp\/v2\/pages"}],"about":[{"href":"https:\/\/upgyn.com.br\/sistemas\/transparencia\/wp-json\/wp\/v2\/types\/page"}],"author":[{"embeddable":true,"href":"https:\/\/upgyn.com.br\/sistemas\/transparencia\/wp-json\/wp\/v2\/users\/1"}],"replies":[{"embeddable":true,"href":"https:\/\/upgyn.com.br\/sistemas\/transparencia\/wp-json\/wp\/v2\/comments?post=833"}],"version-history":[{"count":241,"href":"https:\/\/upgyn.com.br\/sistemas\/transparencia\/wp-json\/wp\/v2\/pages\/833\/revisions"}],"predecessor-version":[{"id":3314,"href":"https:\/\/upgyn.com.br\/sistemas\/transparencia\/wp-json\/wp\/v2\/pages\/833\/revisions\/3314"}],"wp:attachment":[{"href":"https:\/\/upgyn.com.br\/sistemas\/transparencia\/wp-json\/wp\/v2\/media?parent=833"}],"curies":[{"name":"wp","href":"https:\/\/api.w.org\/{rel}","templated":true}]}}