{"id":742,"date":"2024-11-15T12:13:30","date_gmt":"2024-11-15T12:13:30","guid":{"rendered":"https:\/\/www.transparencia.anotameupedido.com\/?page_id=742"},"modified":"2024-12-10T14:25:06","modified_gmt":"2024-12-10T14:25:06","slug":"alicitacao","status":"publish","type":"page","link":"https:\/\/upgyn.com.br\/sistemas\/transparencia\/alicitacao\/","title":{"rendered":"Licita\u00e7\u00e3o"},"content":{"rendered":"\t\t<div data-elementor-type=\"wp-page\" data-elementor-id=\"742\" class=\"elementor elementor-742\" data-elementor-post-type=\"page\">\n\t\t\t\t<div class=\"elementor-element elementor-element-73d82d9 e-flex e-con-boxed e-con e-parent\" data-id=\"73d82d9\" data-element_type=\"container\">\n\t\t\t\t\t<div class=\"e-con-inner\">\n\t\t\t\t<div class=\"elementor-element elementor-element-a802f0b elementor-icon-list--layout-traditional elementor-list-item-link-full_width elementor-widget elementor-widget-icon-list\" data-id=\"a802f0b\" data-element_type=\"widget\" data-widget_type=\"icon-list.default\">\n\t\t\t\t<div class=\"elementor-widget-container\">\n\t\t\t\t\t\t\t<ul class=\"elementor-icon-list-items\">\n\t\t\t\t\t\t\t<li class=\"elementor-icon-list-item\">\n\t\t\t\t\t\t\t\t\t\t\t<span class=\"elementor-icon-list-icon\">\n\t\t\t\t\t\t\t<i aria-hidden=\"true\" class=\"fas fa-pen-square\"><\/i>\t\t\t\t\t\t<\/span>\n\t\t\t\t\t\t\t\t\t\t<span class=\"elementor-icon-list-text\">LICITA\u00c7\u00c3O<\/span>\n\t\t\t\t\t\t\t\t\t<\/li>\n\t\t\t\t\t\t\t\t<li class=\"elementor-icon-list-item\">\n\t\t\t\t\t\t\t\t\t\t<span class=\"elementor-icon-list-text\">CAMPOS DE PESQUISA<\/span>\n\t\t\t\t\t\t\t\t\t<\/li>\n\t\t\t\t\t\t<\/ul>\n\t\t\t\t\t\t<\/div>\n\t\t\t\t<\/div>\n\t\t\t\t\t<\/div>\n\t\t\t\t<\/div>\n\t\t<div class=\"elementor-element elementor-element-7b8be0d e-flex e-con-boxed e-con e-parent\" data-id=\"7b8be0d\" data-element_type=\"container\" data-settings=\"{&quot;background_background&quot;:&quot;classic&quot;}\">\n\t\t\t\t\t<div class=\"e-con-inner\">\n\t\t\t\t<div class=\"elementor-element elementor-element-24bbe4e elementor-widget__width-initial elementor-widget elementor-widget-jet-smart-filters-search\" data-id=\"24bbe4e\" data-element_type=\"widget\" data-widget_type=\"jet-smart-filters-search.default\">\n\t\t\t\t<div class=\"elementor-widget-container\">\n\t\t\t\t\t<div class=\"jet-smart-filters-search jet-filter\"><div class=\"jet-filter-label\">Nome Respons\u00e1vel<\/div>\n<div class=\"jet-search-filter\" data-query-type=\"meta_query\" data-query-var=\"responsavel\" data-smart-filter=\"search\" data-filter-id=\"1211\" data-apply-type=\"ajax-ontyping\" data-content-provider=\"jet-data-table\" data-additional-providers=\"\" data-query-id=\"default\" data-active-label=\"Nome Respons\u00e1vel\" data-layout-options=\"{&quot;show_label&quot;:&quot;&quot;,&quot;display_options&quot;:[]}\" data-query-var-suffix=\"search\" data-min-letters-count=\"3\">\n\t<div class=\"jet-search-filter__input-wrapper\">\n\t\t<input\n\t\t\tclass=\"jet-search-filter__input\"\n\t\t\ttype=\"search\"\n\t\t\tautocomplete=\"off\"\n\t\t\tname=\"responsavel\"\n\t\t\tvalue=\"\"\n\t\t\tplaceholder=\"Nome Respons\u00e1vel\"\n\t\t\taria-label=\"Nome Respons\u00e1vel\"\n\t\t\t\t\t>\n\t\t\t\t\t<div class=\"jet-search-filter__input-clear\">\n\t\t\t\t<svg width=\"22\" height=\"28\" viewBox=\"0 0 22 28\" xmlns=\"http:\/\/www.w3.org\/2000\/svg\">\n\t<path d=\"M20.281 20.656c0 0.391-0.156 0.781-0.438 1.062l-2.125 2.125c-0.281 0.281-0.672 0.438-1.062 0.438s-0.781-0.156-1.062-0.438l-4.594-4.594-4.594 4.594c-0.281 0.281-0.672 0.438-1.062 0.438s-0.781-0.156-1.062-0.438l-2.125-2.125c-0.281-0.281-0.438-0.672-0.438-1.062s0.156-0.781 0.438-1.062l4.594-4.594-4.594-4.594c-0.281-0.281-0.438-0.672-0.438-1.062s0.156-0.781 0.438-1.062l2.125-2.125c0.281-0.281 0.672-0.438 1.062-0.438s0.781 0.156 1.062 0.438l4.594 4.594 4.594-4.594c0.281-0.281 0.672-0.438 1.062-0.438s0.781 0.156 1.062 0.438l2.125 2.125c0.281 0.281 0.438 0.672 0.438 1.062s-0.156 0.781-0.438 1.062l-4.594 4.594 4.594 4.594c0.281 0.281 0.438 0.672 0.438 1.062z\"><\/path>\n<\/svg>\n\t\t\t<\/div>\n\t\t\t<div class=\"jet-search-filter__input-loading\"><\/div>\n\t\t\t<\/div>\n\t<\/div>\n<\/div>\t\t\t\t<\/div>\n\t\t\t\t<\/div>\n\t\t\t\t<div class=\"elementor-element elementor-element-8bc3449 elementor-widget__width-initial jet-smart-filter-content-position-column jet-smart-filter-group-position-column elementor-widget elementor-widget-jet-smart-filters-select\" data-id=\"8bc3449\" data-element_type=\"widget\" data-widget_type=\"jet-smart-filters-select.default\">\n\t\t\t\t<div class=\"elementor-widget-container\">\n\t\t\t\t\t<div class=\"jet-smart-filters-select jet-filter \" data-indexer-rule=\"show\" data-show-counter=\"\" data-change-counter=\"always\"><div class=\"jet-filter-label\">Modalidade<\/div>\n<div class=\"jet-select\" data-query-type=\"meta_query\" data-query-var=\"modalidade\" data-smart-filter=\"select\" data-filter-id=\"1207\" data-apply-type=\"ajax\" data-content-provider=\"jet-data-table\" data-additional-providers=\"\" data-query-id=\"default\" data-active-label=\"Modalidade\" data-layout-options=\"{&quot;show_label&quot;:true,&quot;display_options&quot;:{&quot;show_items_label&quot;:false,&quot;show_decorator&quot;:false,&quot;filter_image_size&quot;:&quot;full&quot;,&quot;show_counter&quot;:false}}\" data-query-var-suffix=\"\" data-apply-on=\"value\">\n\t\t\t\t<select\n\t\t\tclass=\"jet-select__control\"\n\t\t\tname=\"modalidade\"\n\t\t\t\t\t\taria-label=\"Modalidade\"\n\t\t>\n\t\t\n\t\t\t\t\t<option\n\t\t\t\tvalue=\"\"\n\t\t\t\tdata-label=\"Modalidade\"\n\t\t\t\tdata-counter-prefix=\"\"\n\t\t\t\tdata-counter-suffix=\"\"\n\t\t\t\t\t\t\t>Modalidade<\/option>\n\t\t\t\t\t\t<option\n\t\t\t\tvalue=\"Dispensa Eletr\u00f4nica\"\n\t\t\t\tdata-label=\"Dispensa Eletr\u00f4nica\"\n\t\t\t\tdata-counter-prefix=\"\"\n\t\t\t\tdata-counter-suffix=\"\"\n\t\t\t\t\t\t\t>Dispensa Eletr\u00f4nica<\/option>\n\t\t\t\t\t\t<option\n\t\t\t\tvalue=\"Preg\u00e3o Eletr\u00f4nico\"\n\t\t\t\tdata-label=\"Preg\u00e3o Eletr\u00f4nico\"\n\t\t\t\tdata-counter-prefix=\"\"\n\t\t\t\tdata-counter-suffix=\"\"\n\t\t\t\t\t\t\t>Preg\u00e3o Eletr\u00f4nico<\/option>\n\t\t\t\t\t\t<option\n\t\t\t\tvalue=\"Concorr\u00eancia P\u00fablica\"\n\t\t\t\tdata-label=\"Concorr\u00eancia P\u00fablica\"\n\t\t\t\tdata-counter-prefix=\"\"\n\t\t\t\tdata-counter-suffix=\"\"\n\t\t\t\t\t\t\t>Concorr\u00eancia P\u00fablica<\/option>\n\t\t\t<\/select>\n\t<\/div>\n<\/div>\t\t\t\t<\/div>\n\t\t\t\t<\/div>\n\t\t\t\t\t<\/div>\n\t\t\t\t<\/div>\n\t\t<div class=\"elementor-element elementor-element-6315f6a e-flex e-con-boxed e-con e-parent\" data-id=\"6315f6a\" data-element_type=\"container\">\n\t\t\t\t\t<div class=\"e-con-inner\">\n\t\t\t\t<div class=\"elementor-element elementor-element-518b71d elementor-widget__width-initial elementor-widget elementor-widget-jet-dynamic-table\" data-id=\"518b71d\" data-element_type=\"widget\" data-widget_type=\"jet-dynamic-table.default\">\n\t\t\t\t<div class=\"elementor-widget-container\">\n\t\t\t\t\t<style><\/style><div class=\"jet-dynamic-table-wrapper\"><table class=\"jet-dynamic-table\" data-table-id=\"35\" data-query-id=\"17\"><thead class=\"jet-dynamic-table__header\"><tr class=\"jet-dynamic-table__row jet-dynamic-table__row--header\" ><th class=\"jet-dynamic-table__col jet-dynamic-table__col--datapublicao\" >Data Publica\u00e7\u00e3o<\/th><th class=\"jet-dynamic-table__col jet-dynamic-table__col--modalidade\" >Modalidade<\/th><th class=\"jet-dynamic-table__col jet-dynamic-table__col--identificao\" >Identifica\u00e7\u00e3o<\/th><th class=\"jet-dynamic-table__col jet-dynamic-table__col--responsvel\" >Respons\u00e1vel<\/th><th class=\"jet-dynamic-table__col jet-dynamic-table__col--situao\" >Situa\u00e7\u00e3o<\/th><th class=\"jet-dynamic-table__col jet-dynamic-table__col--download\" >Download<\/th><\/tr><\/thead><tbody class=\"jet-dynamic-table__body\"><tr class=\"jet-dynamic-table__row jet-dynamic-table__row--header\" data-item-object=\"2825\"><td class=\"jet-dynamic-table__col jet-dynamic-table__col--datapublicao\" >06\/12\/24<\/td><td class=\"jet-dynamic-table__col jet-dynamic-table__col--modalidade\" >Dispensa Eletr\u00f4nica<\/td><td class=\"jet-dynamic-table__col jet-dynamic-table__col--identificao\" >DISPENSA ELETR\u00d4NICA N\u00ba 007\/2024\/PME\/ES<\/td><td class=\"jet-dynamic-table__col jet-dynamic-table__col--responsvel\" >Adriana Vaz<\/td><td class=\"jet-dynamic-table__col jet-dynamic-table__col--situao\" >Suspensa<\/td><td class=\"jet-dynamic-table__col jet-dynamic-table__col--download\" ><a href=\"https:\/\/upgyn.com.br\/sistemas\/transparencia\/wp-content\/uploads\/2024\/11\/0_SEI_0625292_DECRETO_49760.pdf.pdf\">https:\/\/upgyn.com.br\/sistemas\/transparencia\/wp-content\/uploads\/2024\/11\/0_SEI_0625292_DECRETO_49760.pdf.pdf<\/a><\/td><\/tr><tr class=\"jet-dynamic-table__row jet-dynamic-table__row--header\" data-item-object=\"2826\"><td class=\"jet-dynamic-table__col jet-dynamic-table__col--datapublicao\" >21\/11\/24<\/td><td class=\"jet-dynamic-table__col jet-dynamic-table__col--modalidade\" >Preg\u00e3o Eletr\u00f4nico<\/td><td class=\"jet-dynamic-table__col jet-dynamic-table__col--identificao\" >CONCORR\u00caNCIA ELETR\u00d4NICA N\u00b00005\/2024<\/td><td class=\"jet-dynamic-table__col jet-dynamic-table__col--responsvel\" >Eder Souza<\/td><td class=\"jet-dynamic-table__col jet-dynamic-table__col--situao\" >Conclu\u00edda<\/td><td class=\"jet-dynamic-table__col jet-dynamic-table__col--download\" ><a href=\"https:\/\/upgyn.com.br\/sistemas\/transparencia\/wp-content\/uploads\/2024\/11\/0_Diario-Oficial-3.442_2024.pdf.pdf\">https:\/\/upgyn.com.br\/sistemas\/transparencia\/wp-content\/uploads\/2024\/11\/0_Diario-Oficial-3.442_2024.pdf.pdf<\/a><\/td><\/tr><tr class=\"jet-dynamic-table__row jet-dynamic-table__row--header\" data-item-object=\"2828\"><td class=\"jet-dynamic-table__col jet-dynamic-table__col--datapublicao\" >14\/11\/24<\/td><td class=\"jet-dynamic-table__col jet-dynamic-table__col--modalidade\" >Dispensa Eletr\u00f4nica<\/td><td class=\"jet-dynamic-table__col jet-dynamic-table__col--identificao\" >DISPENSA ELETR\u00d4NICA N\u00ba 007\/2024\/PME\/ES<\/td><td class=\"jet-dynamic-table__col jet-dynamic-table__col--responsvel\" >Carlos Antonio<\/td><td class=\"jet-dynamic-table__col jet-dynamic-table__col--situao\" >Suspensa<\/td><td class=\"jet-dynamic-table__col jet-dynamic-table__col--download\" ><a href=\"https:\/\/upgyn.com.br\/sistemas\/transparencia\/wp-content\/uploads\/2024\/11\/0_SEI_0625292_DECRETO_49760.pdf.pdf\">https:\/\/upgyn.com.br\/sistemas\/transparencia\/wp-content\/uploads\/2024\/11\/0_SEI_0625292_DECRETO_49760.pdf.pdf<\/a><\/td><\/tr><tr class=\"jet-dynamic-table__row jet-dynamic-table__row--header\" data-item-object=\"2829\"><td class=\"jet-dynamic-table__col jet-dynamic-table__col--datapublicao\" >15\/11\/24<\/td><td class=\"jet-dynamic-table__col jet-dynamic-table__col--modalidade\" >Preg\u00e3o Eletr\u00f4nico<\/td><td class=\"jet-dynamic-table__col jet-dynamic-table__col--identificao\" >CONCORR\u00caNCIA ELETR\u00d4NICA N001\/003<\/td><td class=\"jet-dynamic-table__col jet-dynamic-table__col--responsvel\" >Ruber Silva<\/td><td class=\"jet-dynamic-table__col jet-dynamic-table__col--situao\" >Conclu\u00edda<\/td><td class=\"jet-dynamic-table__col jet-dynamic-table__col--download\" ><a href=\"https:\/\/upgyn.com.br\/sistemas\/transparencia\/wp-content\/uploads\/2024\/11\/0_Diario-Oficial-3.442_2024.pdf.pdf\">https:\/\/upgyn.com.br\/sistemas\/transparencia\/wp-content\/uploads\/2024\/11\/0_Diario-Oficial-3.442_2024.pdf.pdf<\/a><\/td><\/tr><tr class=\"jet-dynamic-table__row jet-dynamic-table__row--header\" data-item-object=\"2830\"><td class=\"jet-dynamic-table__col jet-dynamic-table__col--datapublicao\" >04\/10\/24<\/td><td class=\"jet-dynamic-table__col jet-dynamic-table__col--modalidade\" >Concorr\u00eancia P\u00fablica<\/td><td class=\"jet-dynamic-table__col jet-dynamic-table__col--identificao\" >DISPENSA DE LICITA\u00c7\u00c3O<\/td><td class=\"jet-dynamic-table__col jet-dynamic-table__col--responsvel\" >Maria Adriana<\/td><td class=\"jet-dynamic-table__col jet-dynamic-table__col--situao\" >Aberta<\/td><td class=\"jet-dynamic-table__col jet-dynamic-table__col--download\" ><a href=\"https:\/\/upgyn.com.br\/sistemas\/transparencia\/wp-content\/uploads\/2024\/11\/0_SEI_0683248_DECRETO_49831.pdf.pdf\">https:\/\/upgyn.com.br\/sistemas\/transparencia\/wp-content\/uploads\/2024\/11\/0_SEI_0683248_DECRETO_49831.pdf.pdf<\/a><\/td><\/tr><tr class=\"jet-dynamic-table__row jet-dynamic-table__row--header\" data-item-object=\"2831\"><td class=\"jet-dynamic-table__col jet-dynamic-table__col--datapublicao\" >01\/12\/24<\/td><td class=\"jet-dynamic-table__col jet-dynamic-table__col--modalidade\" >Dispensa Eletr\u00f4nica<\/td><td class=\"jet-dynamic-table__col jet-dynamic-table__col--identificao\" >DISPENSA ELETR\u00d4NICA N\u00ba 007\/2024\/PME\/ES<\/td><td class=\"jet-dynamic-table__col jet-dynamic-table__col--responsvel\" >Antonio da Cruz<\/td><td class=\"jet-dynamic-table__col jet-dynamic-table__col--situao\" >Suspensa<\/td><td class=\"jet-dynamic-table__col jet-dynamic-table__col--download\" ><a href=\"https:\/\/upgyn.com.br\/sistemas\/transparencia\/wp-content\/uploads\/2024\/11\/0_SEI_0625292_DECRETO_49760.pdf.pdf\">https:\/\/upgyn.com.br\/sistemas\/transparencia\/wp-content\/uploads\/2024\/11\/0_SEI_0625292_DECRETO_49760.pdf.pdf<\/a><\/td><\/tr><tr class=\"jet-dynamic-table__row jet-dynamic-table__row--header\" data-item-object=\"2832\"><td class=\"jet-dynamic-table__col jet-dynamic-table__col--datapublicao\" >23\/11\/24<\/td><td class=\"jet-dynamic-table__col jet-dynamic-table__col--modalidade\" >Preg\u00e3o Eletr\u00f4nico<\/td><td class=\"jet-dynamic-table__col jet-dynamic-table__col--identificao\" >CONCORR\u00caNCIA ELETR\u00d4NICA o N\u00ba do processo: 001\/002<\/td><td class=\"jet-dynamic-table__col jet-dynamic-table__col--responsvel\" >Joana Oliveira<\/td><td class=\"jet-dynamic-table__col jet-dynamic-table__col--situao\" >Conclu\u00edda<\/td><td class=\"jet-dynamic-table__col jet-dynamic-table__col--download\" ><a href=\"https:\/\/upgyn.com.br\/sistemas\/transparencia\/wp-content\/uploads\/2024\/11\/0_Diario-Oficial-3.442_2024.pdf.pdf\">https:\/\/upgyn.com.br\/sistemas\/transparencia\/wp-content\/uploads\/2024\/11\/0_Diario-Oficial-3.442_2024.pdf.pdf<\/a><\/td><\/tr><tr class=\"jet-dynamic-table__row jet-dynamic-table__row--header\" data-item-object=\"751\"><td class=\"jet-dynamic-table__col jet-dynamic-table__col--datapublicao\" >13\/11\/24<\/td><td class=\"jet-dynamic-table__col jet-dynamic-table__col--modalidade\" >Concorr\u00eancia P\u00fablica<\/td><td class=\"jet-dynamic-table__col jet-dynamic-table__col--identificao\" >DISPENSA DE LICITA\u00c7\u00c3O<\/td><td class=\"jet-dynamic-table__col jet-dynamic-table__col--responsvel\" >LA\u00cdSE SOARES VIEIRA<\/td><td class=\"jet-dynamic-table__col jet-dynamic-table__col--situao\" >Aberta<\/td><td class=\"jet-dynamic-table__col jet-dynamic-table__col--download\" ><a href=\"https:\/\/upgyn.com.br\/sistemas\/transparencia\/wp-content\/uploads\/2024\/11\/0_SEI_0683248_DECRETO_49831.pdf.pdf\">https:\/\/upgyn.com.br\/sistemas\/transparencia\/wp-content\/uploads\/2024\/11\/0_SEI_0683248_DECRETO_49831.pdf.pdf<\/a><\/td><\/tr><\/tbody><\/table><\/div>\t\t\t\t<\/div>\n\t\t\t\t<\/div>\n\t\t\t\t<div class=\"elementor-element elementor-element-b247b8a elementor-widget elementor-widget-jet-smart-filters-pagination\" data-id=\"b247b8a\" data-element_type=\"widget\" data-widget_type=\"jet-smart-filters-pagination.default\">\n\t\t\t\t<div class=\"elementor-widget-container\">\n\t\t\t\t\t<div\n\t\t\t\tclass=\"jet-smart-filters-pagination jet-filter\"\n\t\t\t\tdata-apply-provider=\"jet-data-table\"\n\t\t\t\tdata-content-provider=\"jet-data-table\"\n\t\t\t\tdata-query-id=\"default\"\n\t\t\t\tdata-controls=\"{&quot;items_enabled&quot;:true,&quot;pages_mid_size&quot;:0,&quot;pages_end_size&quot;:0,&quot;nav_enabled&quot;:true,&quot;prev&quot;:&quot;Anterior&quot;,&quot;next&quot;:&quot;Pr\\u00f3xima&quot;,&quot;hide_inactive_nav&quot;:true,&quot;load_more_enabled&quot;:false,&quot;provider_top_offset&quot;:0}\"\n\t\t\t\tdata-apply-type=\"ajax\"\n\t\t\t><\/div>\t\t\t\t<\/div>\n\t\t\t\t<\/div>\n\t\t\t\t\t<\/div>\n\t\t\t\t<\/div>\n\t\t\t\t<\/div>\n\t\t","protected":false},"excerpt":{"rendered":"<p>LICITA\u00c7\u00c3O CAMPOS DE PESQUISA Nome Respons\u00e1vel Modalidade ModalidadeDispensa Eletr\u00f4nicaPreg\u00e3o Eletr\u00f4nicoConcorr\u00eancia P\u00fablica Data Publica\u00e7\u00e3o Modalidade Identifica\u00e7\u00e3o Respons\u00e1vel Situa\u00e7\u00e3o Download 06\/12\/24 Dispensa Eletr\u00f4nica DISPENSA ELETR\u00d4NICA N\u00ba 007\/2024\/PME\/ES Adriana Vaz Suspensa https:\/\/upgyn.com.br\/sistemas\/transparencia\/wp-content\/uploads\/2024\/11\/0_SEI_0625292_DECRETO_49760.pdf.pdf 21\/11\/24 Preg\u00e3o Eletr\u00f4nico CONCORR\u00caNCIA ELETR\u00d4NICA N\u00b00005\/2024 Eder Souza Conclu\u00edda https:\/\/upgyn.com.br\/sistemas\/transparencia\/wp-content\/uploads\/2024\/11\/0_Diario-Oficial-3.442_2024.pdf.pdf 14\/11\/24 Dispensa Eletr\u00f4nica DISPENSA ELETR\u00d4NICA N\u00ba 007\/2024\/PME\/ES Carlos Antonio Suspensa https:\/\/upgyn.com.br\/sistemas\/transparencia\/wp-content\/uploads\/2024\/11\/0_SEI_0625292_DECRETO_49760.pdf.pdf 15\/11\/24 Preg\u00e3o Eletr\u00f4nico CONCORR\u00caNCIA ELETR\u00d4NICA [&hellip;]<\/p>\n","protected":false},"author":1,"featured_media":0,"parent":0,"menu_order":0,"comment_status":"closed","ping_status":"closed","template":"elementor_header_footer","meta":{"footnotes":""},"class_list":["post-742","page","type-page","status-publish","hentry"],"_links":{"self":[{"href":"https:\/\/upgyn.com.br\/sistemas\/transparencia\/wp-json\/wp\/v2\/pages\/742","targetHints":{"allow":["GET"]}}],"collection":[{"href":"https:\/\/upgyn.com.br\/sistemas\/transparencia\/wp-json\/wp\/v2\/pages"}],"about":[{"href":"https:\/\/upgyn.com.br\/sistemas\/transparencia\/wp-json\/wp\/v2\/types\/page"}],"author":[{"embeddable":true,"href":"https:\/\/upgyn.com.br\/sistemas\/transparencia\/wp-json\/wp\/v2\/users\/1"}],"replies":[{"embeddable":true,"href":"https:\/\/upgyn.com.br\/sistemas\/transparencia\/wp-json\/wp\/v2\/comments?post=742"}],"version-history":[{"count":167,"href":"https:\/\/upgyn.com.br\/sistemas\/transparencia\/wp-json\/wp\/v2\/pages\/742\/revisions"}],"predecessor-version":[{"id":3342,"href":"https:\/\/upgyn.com.br\/sistemas\/transparencia\/wp-json\/wp\/v2\/pages\/742\/revisions\/3342"}],"wp:attachment":[{"href":"https:\/\/upgyn.com.br\/sistemas\/transparencia\/wp-json\/wp\/v2\/media?parent=742"}],"curies":[{"name":"wp","href":"https:\/\/api.w.org\/{rel}","templated":true}]}}