{"id":221,"date":"2024-11-12T16:29:17","date_gmt":"2024-11-12T16:29:17","guid":{"rendered":"https:\/\/www.transparencia.anotameupedido.com\/?page_id=221"},"modified":"2024-12-10T13:36:38","modified_gmt":"2024-12-10T13:36:38","slug":"receita","status":"publish","type":"page","link":"https:\/\/upgyn.com.br\/sistemas\/transparencia\/receita\/","title":{"rendered":"Receita"},"content":{"rendered":"\t\t<div data-elementor-type=\"wp-page\" data-elementor-id=\"221\" class=\"elementor elementor-221\" data-elementor-post-type=\"page\">\n\t\t\t\t<div class=\"elementor-element elementor-element-ffa8118 e-flex e-con-boxed e-con e-parent\" data-id=\"ffa8118\" data-element_type=\"container\">\n\t\t\t\t\t<div class=\"e-con-inner\">\n\t\t\t\t<div class=\"elementor-element elementor-element-2bb8aeb elementor-icon-list--layout-traditional elementor-list-item-link-full_width elementor-widget elementor-widget-icon-list\" data-id=\"2bb8aeb\" data-element_type=\"widget\" data-widget_type=\"icon-list.default\">\n\t\t\t\t<div class=\"elementor-widget-container\">\n\t\t\t\t\t\t\t<ul class=\"elementor-icon-list-items\">\n\t\t\t\t\t\t\t<li class=\"elementor-icon-list-item\">\n\t\t\t\t\t\t\t\t\t\t\t<span class=\"elementor-icon-list-icon\">\n\t\t\t\t\t\t\t<i aria-hidden=\"true\" class=\"fas fa-comment-dollar\"><\/i>\t\t\t\t\t\t<\/span>\n\t\t\t\t\t\t\t\t\t\t<span class=\"elementor-icon-list-text\">RECEITAS<\/span>\n\t\t\t\t\t\t\t\t\t<\/li>\n\t\t\t\t\t\t\t\t<li class=\"elementor-icon-list-item\">\n\t\t\t\t\t\t\t\t\t\t<span class=\"elementor-icon-list-text\">CAMPOS DE PESQUISA<\/span>\n\t\t\t\t\t\t\t\t\t<\/li>\n\t\t\t\t\t\t<\/ul>\n\t\t\t\t\t\t<\/div>\n\t\t\t\t<\/div>\n\t\t\t\t\t<\/div>\n\t\t\t\t<\/div>\n\t\t<div class=\"elementor-element elementor-element-18b47a0 e-flex e-con-boxed e-con e-parent\" data-id=\"18b47a0\" data-element_type=\"container\">\n\t\t\t\t\t<div class=\"e-con-inner\">\n\t\t\t\t<div class=\"elementor-element elementor-element-9f2bc85 elementor-widget-mobile__width-initial elementor-widget elementor-widget-jet-smart-filters-search\" data-id=\"9f2bc85\" data-element_type=\"widget\" data-widget_type=\"jet-smart-filters-search.default\">\n\t\t\t\t<div class=\"elementor-widget-container\">\n\t\t\t\t\t<div class=\"jet-smart-filters-search jet-filter\"><div class=\"jet-filter-label\">C\u00f3digo<\/div>\n<div class=\"jet-search-filter\" data-query-type=\"meta_query\" data-query-var=\"codigo\" data-smart-filter=\"search\" data-filter-id=\"1251\" data-apply-type=\"ajax-ontyping\" data-content-provider=\"jet-data-table\" data-additional-providers=\"\" data-query-id=\"receitas\" data-active-label=\"C\u00f3digo\" data-layout-options=\"{&quot;show_label&quot;:&quot;&quot;,&quot;display_options&quot;:[]}\" data-query-var-suffix=\"search\" data-min-letters-count=\"3\">\n\t<div class=\"jet-search-filter__input-wrapper\">\n\t\t<input\n\t\t\tclass=\"jet-search-filter__input\"\n\t\t\ttype=\"search\"\n\t\t\tautocomplete=\"off\"\n\t\t\tname=\"codigo\"\n\t\t\tvalue=\"\"\n\t\t\tplaceholder=\"C\u00f3digo\"\n\t\t\taria-label=\"C\u00f3digo\"\n\t\t\t\t\t>\n\t\t\t\t\t<div class=\"jet-search-filter__input-clear\">\n\t\t\t\t<svg width=\"22\" height=\"28\" viewBox=\"0 0 22 28\" xmlns=\"http:\/\/www.w3.org\/2000\/svg\">\n\t<path d=\"M20.281 20.656c0 0.391-0.156 0.781-0.438 1.062l-2.125 2.125c-0.281 0.281-0.672 0.438-1.062 0.438s-0.781-0.156-1.062-0.438l-4.594-4.594-4.594 4.594c-0.281 0.281-0.672 0.438-1.062 0.438s-0.781-0.156-1.062-0.438l-2.125-2.125c-0.281-0.281-0.438-0.672-0.438-1.062s0.156-0.781 0.438-1.062l4.594-4.594-4.594-4.594c-0.281-0.281-0.438-0.672-0.438-1.062s0.156-0.781 0.438-1.062l2.125-2.125c0.281-0.281 0.672-0.438 1.062-0.438s0.781 0.156 1.062 0.438l4.594 4.594 4.594-4.594c0.281-0.281 0.672-0.438 1.062-0.438s0.781 0.156 1.062 0.438l2.125 2.125c0.281 0.281 0.438 0.672 0.438 1.062s-0.156 0.781-0.438 1.062l-4.594 4.594 4.594 4.594c0.281 0.281 0.438 0.672 0.438 1.062z\"><\/path>\n<\/svg>\n\t\t\t<\/div>\n\t\t\t<div class=\"jet-search-filter__input-loading\"><\/div>\n\t\t\t<\/div>\n\t<\/div>\n<\/div>\t\t\t\t<\/div>\n\t\t\t\t<\/div>\n\t\t\t\t<div class=\"elementor-element elementor-element-2ec5077 elementor-widget-mobile__width-initial jet-smart-filter-group-position-column elementor-widget elementor-widget-jet-smart-filters-select\" data-id=\"2ec5077\" data-element_type=\"widget\" data-widget_type=\"jet-smart-filters-select.default\">\n\t\t\t\t<div class=\"elementor-widget-container\">\n\t\t\t\t\t<div class=\"jet-smart-filters-select jet-filter \" data-indexer-rule=\"show\" data-show-counter=\"\" data-change-counter=\"always\"><div class=\"jet-filter-label\">Tipo<\/div>\n<div class=\"jet-select\" data-query-type=\"meta_query\" data-query-var=\"tipo\" data-smart-filter=\"select\" data-filter-id=\"1244\" data-apply-type=\"ajax\" data-content-provider=\"jet-data-table\" data-additional-providers=\"\" data-query-id=\"receitas\" data-active-label=\"Tipo\" data-layout-options=\"{&quot;show_label&quot;:true,&quot;display_options&quot;:{&quot;show_items_label&quot;:false,&quot;show_decorator&quot;:false,&quot;filter_image_size&quot;:&quot;full&quot;,&quot;show_counter&quot;:false}}\" data-query-var-suffix=\"\" data-apply-on=\"value\">\n\t\t\t\t<select\n\t\t\tclass=\"jet-select__control\"\n\t\t\tname=\"tipo\"\n\t\t\t\t\t\taria-label=\"Tipo\"\n\t\t>\n\t\t\n\t\t\t\t\t<option\n\t\t\t\tvalue=\"\"\n\t\t\t\tdata-label=\"Selecione...\"\n\t\t\t\tdata-counter-prefix=\"\"\n\t\t\t\tdata-counter-suffix=\"\"\n\t\t\t\t\t\t\t>Selecione...<\/option>\n\t\t\t\t\t\t<option\n\t\t\t\tvalue=\"Ren\u00fancia Fiscal\"\n\t\t\t\tdata-label=\"Ren\u00fancia Fiscal\"\n\t\t\t\tdata-counter-prefix=\"\"\n\t\t\t\tdata-counter-suffix=\"\"\n\t\t\t\t\t\t\t>Ren\u00fancia Fiscal<\/option>\n\t\t\t\t\t\t<option\n\t\t\t\tvalue=\"Receita\"\n\t\t\t\tdata-label=\"Receita\"\n\t\t\t\tdata-counter-prefix=\"\"\n\t\t\t\tdata-counter-suffix=\"\"\n\t\t\t\t\t\t\t>Receita<\/option>\n\t\t\t<\/select>\n\t<\/div>\n<\/div>\t\t\t\t<\/div>\n\t\t\t\t<\/div>\n\t\t\t\t\t<\/div>\n\t\t\t\t<\/div>\n\t\t<div class=\"elementor-element elementor-element-540579f e-flex e-con-boxed e-con e-parent\" data-id=\"540579f\" data-element_type=\"container\">\n\t\t\t\t\t<div class=\"e-con-inner\">\n\t\t\t\t<div class=\"elementor-element elementor-element-7cb2498 elementor-widget__width-initial elementor-widget elementor-widget-jet-dynamic-table\" data-id=\"7cb2498\" data-element_type=\"widget\" id=\"receitas\" data-widget_type=\"jet-dynamic-table.default\">\n\t\t\t\t<div class=\"elementor-widget-container\">\n\t\t\t\t\t<style><\/style><div class=\"jet-dynamic-table-wrapper\"><table class=\"jet-dynamic-table\" data-table-id=\"37\" data-query-id=\"5\"><thead class=\"jet-dynamic-table__header\"><tr class=\"jet-dynamic-table__row jet-dynamic-table__row--header\" ><th class=\"jet-dynamic-table__col jet-dynamic-table__col--cdigo\" >C\u00f3digo<\/th><th class=\"jet-dynamic-table__col jet-dynamic-table__col--tipo\" >Tipo<\/th><th class=\"jet-dynamic-table__col jet-dynamic-table__col--datapublicao\" >Data Publica\u00e7\u00e3o<\/th><th class=\"jet-dynamic-table__col jet-dynamic-table__col--rgo\" >\u00d3rg\u00e3o<\/th><th class=\"jet-dynamic-table__col jet-dynamic-table__col--descrio\" >Descri\u00e7\u00e3o<\/th><th class=\"jet-dynamic-table__col jet-dynamic-table__col--previso\" >Previs\u00e3o<\/th><th class=\"jet-dynamic-table__col jet-dynamic-table__col--arrecadaodoms\" >Arrecada\u00e7\u00e3o do M\u00eas<\/th><th class=\"jet-dynamic-table__col jet-dynamic-table__col--anexo\" >Anexo<\/th><\/tr><\/thead><tbody class=\"jet-dynamic-table__body\"><tr class=\"jet-dynamic-table__row jet-dynamic-table__row--header\" data-item-object=\"3212\"><td class=\"jet-dynamic-table__col jet-dynamic-table__col--cdigo\" >222478<\/td><td class=\"jet-dynamic-table__col jet-dynamic-table__col--tipo\" >Ren\u00fancia Fiscal<\/td><td class=\"jet-dynamic-table__col jet-dynamic-table__col--datapublicao\" >02\/12\/24<\/td><td class=\"jet-dynamic-table__col jet-dynamic-table__col--rgo\" >Poder Executivo (Prefeitura, Autarquias, Funda\u00e7\u00f5es)<\/td><td class=\"jet-dynamic-table__col jet-dynamic-table__col--descrio\" >Renuncia fiscal sobre a Propriedade Predial e Territorial Urbana - Principal - Ordin\u00e1rio<\/td><td class=\"jet-dynamic-table__col jet-dynamic-table__col--previso\" >R$ 32.887.100,00<\/td><td class=\"jet-dynamic-table__col jet-dynamic-table__col--arrecadaodoms\" >R$ 50.557.100,00<\/td><td class=\"jet-dynamic-table__col jet-dynamic-table__col--anexo\" ><a href=\"https:\/\/upgyn.com.br\/sistemas\/transparencia\/wp-content\/uploads\/2024\/11\/0_Diario-Oficial-3.442_2024.pdf.pdf\">https:\/\/upgyn.com.br\/sistemas\/transparencia\/wp-content\/uploads\/2024\/11\/0_Diario-Oficial-3.442_2024.pdf.pdf<\/a><\/td><\/tr><tr class=\"jet-dynamic-table__row jet-dynamic-table__row--header\" data-item-object=\"3213\"><td class=\"jet-dynamic-table__col jet-dynamic-table__col--cdigo\" >222210<\/td><td class=\"jet-dynamic-table__col jet-dynamic-table__col--tipo\" >Ren\u00fancia Fiscal<\/td><td class=\"jet-dynamic-table__col jet-dynamic-table__col--datapublicao\" >06\/12\/24<\/td><td class=\"jet-dynamic-table__col jet-dynamic-table__col--rgo\" >Poder Executivo (Prefeitura, Autarquias, Funda\u00e7\u00f5es)<\/td><td class=\"jet-dynamic-table__col jet-dynamic-table__col--descrio\" >Renuncia fiscal sobre a Propriedade Predial e Territorial Urbana - Principal - Ordin\u00e1rio<\/td><td class=\"jet-dynamic-table__col jet-dynamic-table__col--previso\" >R$ 20.887.300,00<\/td><td class=\"jet-dynamic-table__col jet-dynamic-table__col--arrecadaodoms\" >R$ 40.321.100,00<\/td><td class=\"jet-dynamic-table__col jet-dynamic-table__col--anexo\" ><a href=\"https:\/\/upgyn.com.br\/sistemas\/transparencia\/wp-content\/uploads\/2024\/11\/0_Diario-Oficial-3.442_2024.pdf.pdf\">https:\/\/upgyn.com.br\/sistemas\/transparencia\/wp-content\/uploads\/2024\/11\/0_Diario-Oficial-3.442_2024.pdf.pdf<\/a><\/td><\/tr><tr class=\"jet-dynamic-table__row jet-dynamic-table__row--header\" data-item-object=\"3214\"><td class=\"jet-dynamic-table__col jet-dynamic-table__col--cdigo\" >2221541<\/td><td class=\"jet-dynamic-table__col jet-dynamic-table__col--tipo\" >Ren\u00fancia Fiscal<\/td><td class=\"jet-dynamic-table__col jet-dynamic-table__col--datapublicao\" >04\/12\/24<\/td><td class=\"jet-dynamic-table__col jet-dynamic-table__col--rgo\" >Poder Executivo (Prefeitura, Autarquias, Funda\u00e7\u00f5es)<\/td><td class=\"jet-dynamic-table__col jet-dynamic-table__col--descrio\" >Propriedade Predial e Territorial Urbana - Principal - Ordin\u00e1rio<\/td><td class=\"jet-dynamic-table__col jet-dynamic-table__col--previso\" >R$ 60.8320.100,00<\/td><td class=\"jet-dynamic-table__col jet-dynamic-table__col--arrecadaodoms\" >R$ 70.521.100,00<\/td><td class=\"jet-dynamic-table__col jet-dynamic-table__col--anexo\" ><a href=\"https:\/\/upgyn.com.br\/sistemas\/transparencia\/wp-content\/uploads\/2024\/11\/0_Diario-Oficial-3.442_2024.pdf.pdf\">https:\/\/upgyn.com.br\/sistemas\/transparencia\/wp-content\/uploads\/2024\/11\/0_Diario-Oficial-3.442_2024.pdf.pdf<\/a><\/td><\/tr><tr class=\"jet-dynamic-table__row jet-dynamic-table__row--header\" data-item-object=\"3215\"><td class=\"jet-dynamic-table__col jet-dynamic-table__col--cdigo\" >2221350<\/td><td class=\"jet-dynamic-table__col jet-dynamic-table__col--tipo\" >Ren\u00fancia Fiscal<\/td><td class=\"jet-dynamic-table__col jet-dynamic-table__col--datapublicao\" >08\/12\/24<\/td><td class=\"jet-dynamic-table__col jet-dynamic-table__col--rgo\" >Poder Executivo (Prefeitura, Autarquias, Funda\u00e7\u00f5es)<\/td><td class=\"jet-dynamic-table__col jet-dynamic-table__col--descrio\" >Renuncia fiscal sobre a Propriedade Predial e Territorial Urbana - Principal - Ordin\u00e1rio<\/td><td class=\"jet-dynamic-table__col jet-dynamic-table__col--previso\" >R$ 13.887.100,00<\/td><td class=\"jet-dynamic-table__col jet-dynamic-table__col--arrecadaodoms\" >R$ 40.557.100,00<\/td><td class=\"jet-dynamic-table__col jet-dynamic-table__col--anexo\" ><a href=\"https:\/\/upgyn.com.br\/sistemas\/transparencia\/wp-content\/uploads\/2024\/11\/0_Diario-Oficial-3.442_2024.pdf.pdf\">https:\/\/upgyn.com.br\/sistemas\/transparencia\/wp-content\/uploads\/2024\/11\/0_Diario-Oficial-3.442_2024.pdf.pdf<\/a><\/td><\/tr><tr class=\"jet-dynamic-table__row jet-dynamic-table__row--header\" data-item-object=\"3216\"><td class=\"jet-dynamic-table__col jet-dynamic-table__col--cdigo\" >2221110<\/td><td class=\"jet-dynamic-table__col jet-dynamic-table__col--tipo\" >Receita<\/td><td class=\"jet-dynamic-table__col jet-dynamic-table__col--datapublicao\" >04\/12\/24<\/td><td class=\"jet-dynamic-table__col jet-dynamic-table__col--rgo\" >Poder Executivo<\/td><td class=\"jet-dynamic-table__col jet-dynamic-table__col--descrio\" >Renuncia fiscal sobre a Propriedade Predial e Territorial Urbana <\/td><td class=\"jet-dynamic-table__col jet-dynamic-table__col--previso\" >R$ 12.887.100,00<\/td><td class=\"jet-dynamic-table__col jet-dynamic-table__col--arrecadaodoms\" >R$20.557.100,00<\/td><td class=\"jet-dynamic-table__col jet-dynamic-table__col--anexo\" ><a href=\"https:\/\/upgyn.com.br\/sistemas\/transparencia\/wp-content\/uploads\/2024\/11\/0_Diario-Oficial-3.442_2024.pdf.pdf\">https:\/\/upgyn.com.br\/sistemas\/transparencia\/wp-content\/uploads\/2024\/11\/0_Diario-Oficial-3.442_2024.pdf.pdf<\/a><\/td><\/tr><tr class=\"jet-dynamic-table__row jet-dynamic-table__row--header\" data-item-object=\"3217\"><td class=\"jet-dynamic-table__col jet-dynamic-table__col--cdigo\" >2221520<\/td><td class=\"jet-dynamic-table__col jet-dynamic-table__col--tipo\" >Ren\u00fancia Fiscal<\/td><td class=\"jet-dynamic-table__col jet-dynamic-table__col--datapublicao\" >01\/11\/24<\/td><td class=\"jet-dynamic-table__col jet-dynamic-table__col--rgo\" > (Prefeitura, Autarquias, Funda\u00e7\u00f5es)<\/td><td class=\"jet-dynamic-table__col jet-dynamic-table__col--descrio\" >Predial e Territorial Urbana - Principal - Ordin\u00e1rio<\/td><td class=\"jet-dynamic-table__col jet-dynamic-table__col--previso\" >R$ 61287.100,00<\/td><td class=\"jet-dynamic-table__col jet-dynamic-table__col--arrecadaodoms\" >R$ 40.557.100,00<\/td><td class=\"jet-dynamic-table__col jet-dynamic-table__col--anexo\" ><a href=\"https:\/\/upgyn.com.br\/sistemas\/transparencia\/wp-content\/uploads\/2024\/11\/0_Diario-Oficial-3.442_2024.pdf.pdf\">https:\/\/upgyn.com.br\/sistemas\/transparencia\/wp-content\/uploads\/2024\/11\/0_Diario-Oficial-3.442_2024.pdf.pdf<\/a><\/td><\/tr><\/tbody><\/table><\/div>\t\t\t\t<\/div>\n\t\t\t\t<\/div>\n\t\t\t\t<div class=\"elementor-element elementor-element-6db084a elementor-widget elementor-widget-jet-smart-filters-pagination\" data-id=\"6db084a\" data-element_type=\"widget\" data-widget_type=\"jet-smart-filters-pagination.default\">\n\t\t\t\t<div class=\"elementor-widget-container\">\n\t\t\t\t\t<div\n\t\t\t\tclass=\"jet-smart-filters-pagination jet-filter\"\n\t\t\t\tdata-apply-provider=\"jet-data-table\"\n\t\t\t\tdata-content-provider=\"jet-data-table\"\n\t\t\t\tdata-query-id=\"receitas\"\n\t\t\t\tdata-controls=\"{&quot;items_enabled&quot;:true,&quot;pages_mid_size&quot;:0,&quot;pages_end_size&quot;:0,&quot;nav_enabled&quot;:true,&quot;prev&quot;:&quot;Anterior&quot;,&quot;next&quot;:&quot;Pr\\u00f3xima&quot;,&quot;hide_inactive_nav&quot;:true,&quot;load_more_enabled&quot;:false,&quot;provider_top_offset&quot;:0}\"\n\t\t\t\tdata-apply-type=\"ajax\"\n\t\t\t><\/div>\t\t\t\t<\/div>\n\t\t\t\t<\/div>\n\t\t\t\t\t<\/div>\n\t\t\t\t<\/div>\n\t\t\t\t<\/div>\n\t\t","protected":false},"excerpt":{"rendered":"<p>RECEITAS CAMPOS DE PESQUISA C\u00f3digo Tipo Selecione&#8230;Ren\u00fancia FiscalReceita C\u00f3digo Tipo Data Publica\u00e7\u00e3o \u00d3rg\u00e3o Descri\u00e7\u00e3o Previs\u00e3o Arrecada\u00e7\u00e3o do M\u00eas Anexo 222478 Ren\u00fancia Fiscal 02\/12\/24 Poder Executivo (Prefeitura, Autarquias, Funda\u00e7\u00f5es) Renuncia fiscal sobre a Propriedade Predial e Territorial Urbana &#8211; Principal &#8211; Ordin\u00e1rio R$ 32.887.100,00 R$ 50.557.100,00 https:\/\/upgyn.com.br\/sistemas\/transparencia\/wp-content\/uploads\/2024\/11\/0_Diario-Oficial-3.442_2024.pdf.pdf 222210 Ren\u00fancia Fiscal 06\/12\/24 Poder Executivo (Prefeitura, Autarquias, Funda\u00e7\u00f5es) [&hellip;]<\/p>\n","protected":false},"author":1,"featured_media":0,"parent":0,"menu_order":0,"comment_status":"closed","ping_status":"closed","template":"elementor_header_footer","meta":{"footnotes":""},"class_list":["post-221","page","type-page","status-publish","hentry"],"_links":{"self":[{"href":"https:\/\/upgyn.com.br\/sistemas\/transparencia\/wp-json\/wp\/v2\/pages\/221","targetHints":{"allow":["GET"]}}],"collection":[{"href":"https:\/\/upgyn.com.br\/sistemas\/transparencia\/wp-json\/wp\/v2\/pages"}],"about":[{"href":"https:\/\/upgyn.com.br\/sistemas\/transparencia\/wp-json\/wp\/v2\/types\/page"}],"author":[{"embeddable":true,"href":"https:\/\/upgyn.com.br\/sistemas\/transparencia\/wp-json\/wp\/v2\/users\/1"}],"replies":[{"embeddable":true,"href":"https:\/\/upgyn.com.br\/sistemas\/transparencia\/wp-json\/wp\/v2\/comments?post=221"}],"version-history":[{"count":217,"href":"https:\/\/upgyn.com.br\/sistemas\/transparencia\/wp-json\/wp\/v2\/pages\/221\/revisions"}],"predecessor-version":[{"id":3323,"href":"https:\/\/upgyn.com.br\/sistemas\/transparencia\/wp-json\/wp\/v2\/pages\/221\/revisions\/3323"}],"wp:attachment":[{"href":"https:\/\/upgyn.com.br\/sistemas\/transparencia\/wp-json\/wp\/v2\/media?parent=221"}],"curies":[{"name":"wp","href":"https:\/\/api.w.org\/{rel}","templated":true}]}}