{"id":1680,"date":"2024-11-17T14:04:39","date_gmt":"2024-11-17T14:04:39","guid":{"rendered":"https:\/\/www.transparencia.anotameupedido.com\/?page_id=1680"},"modified":"2024-11-17T15:21:32","modified_gmt":"2024-11-17T15:21:32","slug":"_ouvidoria","status":"publish","type":"page","link":"https:\/\/upgyn.com.br\/sistemas\/transparencia\/_ouvidoria\/","title":{"rendered":"Ouvidoria"},"content":{"rendered":"\t\t<div data-elementor-type=\"wp-page\" data-elementor-id=\"1680\" class=\"elementor elementor-1680\" data-elementor-post-type=\"page\">\n\t\t\t\t<div class=\"elementor-element elementor-element-e251fc0 e-flex e-con-boxed e-con e-parent\" data-id=\"e251fc0\" data-element_type=\"container\">\n\t\t\t\t\t<div class=\"e-con-inner\">\n\t\t\t\t<div class=\"elementor-element elementor-element-72688ed elementor-widget elementor-widget-heading\" data-id=\"72688ed\" data-element_type=\"widget\" data-widget_type=\"heading.default\">\n\t\t\t\t<div class=\"elementor-widget-container\">\n\t\t\t\t\t<h2 class=\"elementor-heading-title elementor-size-default\">Fazer uma den\u00fancia \u00e0 Ouvidoria\n<\/h2>\t\t\t\t<\/div>\n\t\t\t\t<\/div>\n\t\t\t\t<div class=\"elementor-element elementor-element-ab9ebcb elementor-widget__width-initial elementor-widget elementor-widget-heading\" data-id=\"ab9ebcb\" data-element_type=\"widget\" data-widget_type=\"heading.default\">\n\t\t\t\t<div class=\"elementor-widget-container\">\n\t\t\t\t\t<h2 class=\"elementor-heading-title elementor-size-default\">Todas den\u00fancias relacionadas ao descumprimento da lei de Acesso a informa\u00e7\u00e3o (LAI) dever\u00e3o ser encaminhadas ao Controle iterno por meio da Ouvidoria\n\n<\/h2>\t\t\t\t<\/div>\n\t\t\t\t<\/div>\n\t\t\t\t<div class=\"elementor-element elementor-element-e06bee6 elementor-widget elementor-widget-jet-engine-booking-form\" data-id=\"e06bee6\" data-element_type=\"widget\" data-widget_type=\"jet-engine-booking-form.default\">\n\t\t\t\t<div class=\"elementor-widget-container\">\n\t\t\t\t\t<form  class=\"jet-form layout-column submit-type-reload\" action=\"\/sistemas\/transparencia\/wp-json\/wp\/v2\/pages\/1680?jet_engine_action=book&#038;nocache=1776218103\" method=\"POST\" data-form-id=\"1679\"><input class=\"jet-form__field hidden-field\" type=\"hidden\" name=\"_jet_engine_booking_form_id\" value=\"1679\" data-field-name=\"_jet_engine_booking_form_id\"><input class=\"jet-form__field hidden-field\" type=\"hidden\" name=\"_jet_engine_refer\" value=\"https:\/\/upgyn.com.br\/sistemas\/transparencia\/wp-json\/wp\/v2\/pages\/1680\" data-field-name=\"_jet_engine_refer\"><div  class=\"jet-form-row jet-form-row--first-visible\"><div class=\"jet-form-col jet-form-col-10  field-type-text  jet-form-field-container\" data-field=\"nome\" data-conditional=\"false\"><div class=\"jet-form__label\">\n\t<span class=\"jet-form__label-text\" >Nome Completo<span class=\"jet-form__required\">*<\/span><\/span>\n\t<\/div><input class=\"jet-form__field text-field \" value=\"\" required=\"required\" name=\"nome\" id=\"nome\" type=\"text\" data-field-name=\"nome\"><small class=\"jet-form__desc\"><span class=\"jet-form__desc-text\">Ex. Jos\u00e9 da Silva<\/span><\/small><\/div><\/div><div  class=\"jet-form-row\"><div class=\"jet-form-col jet-form-col-5  field-type-text  jet-form-field-container\" data-field=\"telefone\" data-conditional=\"false\"><div class=\"jet-form__label\">\n\t<span class=\"jet-form__label-text\" >DDD + Telefone<span class=\"jet-form__required\">*<\/span><\/span>\n\t<\/div><input class=\"jet-form__field text-field \" value=\"\" required=\"required\" name=\"telefone\" id=\"telefone\" type=\"tel\" data-field-name=\"telefone\"><\/div><div class=\"jet-form-col jet-form-col-5  field-type-text  jet-form-field-container\" data-field=\"email\" data-conditional=\"false\"><div class=\"jet-form__label\">\n\t<span class=\"jet-form__label-text\" >Email<span class=\"jet-form__required\">*<\/span><\/span>\n\t<\/div><input class=\"jet-form__field text-field \" value=\"\" required=\"required\" name=\"email\" id=\"email\" type=\"email\" data-field-name=\"email\"><\/div><\/div><div  class=\"jet-form-row\"><div class=\"jet-form-col jet-form-col-5  field-type-checkboxes  jet-form-field-container\" data-field=\"assunto\" data-conditional=\"false\"><div class=\"jet-form__label\">\n\t<span class=\"jet-form__label-text\" >Assunto<span class=\"jet-form__required\">*<\/span><\/span>\n\t<\/div><div class=\"jet-form__fields-group checkradio-wrap\">\t\t<div class=\"jet-form__field-wrap checkboxes-wrap checkradio-wrap\">\n\t\t\t\t\t\t<label class=\"jet-form__field-label\">\n\t\t\t\t<input\n\t\t\t\t\ttype=\"checkbox\"\n\t\t\t\t\tname=\"assunto[]\"\n\t\t\t\t\tclass=\"jet-form__field checkboxes-field checkradio-field checkboxes-group-required\"\n\t\t\t\t\tvalue=\"denuncia\"\n\t\t\t\t\tdata-field-name=\"assunto\"\n\t\t\t\t\t\t\t\t\t\trequired=\"required\"\t\t\t\t\t\t\t\t\t>\n\t\t\t\tDen\u00fancia\t\t\t<\/label>\n\t\t<\/div>\n\t\t\t\t<div class=\"jet-form__field-wrap checkboxes-wrap checkradio-wrap\">\n\t\t\t\t\t\t<label class=\"jet-form__field-label\">\n\t\t\t\t<input\n\t\t\t\t\ttype=\"checkbox\"\n\t\t\t\t\tname=\"assunto[]\"\n\t\t\t\t\tclass=\"jet-form__field checkboxes-field checkradio-field checkboxes-group-required\"\n\t\t\t\t\tvalue=\"elogio\"\n\t\t\t\t\tdata-field-name=\"assunto\"\n\t\t\t\t\t\t\t\t\t\trequired=\"required\"\t\t\t\t\t\t\t\t\t>\n\t\t\t\tElogio\t\t\t<\/label>\n\t\t<\/div>\n\t\t\t\t<div class=\"jet-form__field-wrap checkboxes-wrap checkradio-wrap\">\n\t\t\t\t\t\t<label class=\"jet-form__field-label\">\n\t\t\t\t<input\n\t\t\t\t\ttype=\"checkbox\"\n\t\t\t\t\tname=\"assunto[]\"\n\t\t\t\t\tclass=\"jet-form__field checkboxes-field checkradio-field checkboxes-group-required\"\n\t\t\t\t\tvalue=\"reclamacao\"\n\t\t\t\t\tdata-field-name=\"assunto\"\n\t\t\t\t\t\t\t\t\t\trequired=\"required\"\t\t\t\t\t\t\t\t\t>\n\t\t\t\tReclama\u00e7\u00e3o\t\t\t<\/label>\n\t\t<\/div>\n\t\t\t\t<div class=\"jet-form__field-wrap checkboxes-wrap checkradio-wrap\">\n\t\t\t\t\t\t<label class=\"jet-form__field-label\">\n\t\t\t\t<input\n\t\t\t\t\ttype=\"checkbox\"\n\t\t\t\t\tname=\"assunto[]\"\n\t\t\t\t\tclass=\"jet-form__field checkboxes-field checkradio-field checkboxes-group-required\"\n\t\t\t\t\tvalue=\"sugestao\"\n\t\t\t\t\tdata-field-name=\"assunto\"\n\t\t\t\t\t\t\t\t\t\trequired=\"required\"\t\t\t\t\t\t\t\t\t>\n\t\t\t\tSugest\u00e3o\t\t\t<\/label>\n\t\t<\/div>\n\t\t<\/div><\/div><\/div><div  class=\"jet-form-row\"><div class=\"jet-form-col jet-form-col-10  field-type-textarea  jet-form-field-container\" data-field=\"mensagem\" data-conditional=\"false\"><div class=\"jet-form__label\">\n\t<span class=\"jet-form__label-text\" >Mensagem<span class=\"jet-form__required\">*<\/span><\/span>\n\t<\/div><textarea class=\"jet-form__field textarea-field\" required=\"required\" name=\"mensagem\" data-field-name=\"mensagem\" id=\"mensagem\"><\/textarea><\/div><\/div><div  class=\"jet-form-row jet-form-row--submit\"><div class=\"jet-form-col jet-form-col-5  field-type-submit  jet-form-field-container\" data-field=\"Submit\" data-conditional=\"false\"><div class=\"jet-form__submit-wrap\">\n\t\t<button class=\"jet-form__submit submit-type-reload\" type=\"submit\">Enviar Informa\u00e7\u00e3o<\/button>\n<\/div><\/div><\/div><input class=\"jet-form__field hidden-field\" type=\"hidden\" name=\"_jet_engine_nonce\" value=\"3ab3af36ab\" data-field-name=\"_jet_engine_nonce\"><\/form>\t\t\t\t<\/div>\n\t\t\t\t<\/div>\n\t\t\t\t\t<\/div>\n\t\t\t\t<\/div>\n\t\t\t\t<\/div>\n\t\t","protected":false},"excerpt":{"rendered":"<p>Fazer uma den\u00fancia \u00e0 Ouvidoria Todas den\u00fancias relacionadas ao descumprimento da lei de Acesso a informa\u00e7\u00e3o (LAI) dever\u00e3o ser encaminhadas ao Controle iterno por meio da Ouvidoria Nome Completo* Ex. Jos\u00e9 da Silva DDD + Telefone* Email* Assunto* Den\u00fancia Elogio Reclama\u00e7\u00e3o Sugest\u00e3o Mensagem* Enviar Informa\u00e7\u00e3o<\/p>\n","protected":false},"author":1,"featured_media":0,"parent":0,"menu_order":0,"comment_status":"closed","ping_status":"closed","template":"elementor_header_footer","meta":{"footnotes":""},"class_list":["post-1680","page","type-page","status-publish","hentry"],"_links":{"self":[{"href":"https:\/\/upgyn.com.br\/sistemas\/transparencia\/wp-json\/wp\/v2\/pages\/1680","targetHints":{"allow":["GET"]}}],"collection":[{"href":"https:\/\/upgyn.com.br\/sistemas\/transparencia\/wp-json\/wp\/v2\/pages"}],"about":[{"href":"https:\/\/upgyn.com.br\/sistemas\/transparencia\/wp-json\/wp\/v2\/types\/page"}],"author":[{"embeddable":true,"href":"https:\/\/upgyn.com.br\/sistemas\/transparencia\/wp-json\/wp\/v2\/users\/1"}],"replies":[{"embeddable":true,"href":"https:\/\/upgyn.com.br\/sistemas\/transparencia\/wp-json\/wp\/v2\/comments?post=1680"}],"version-history":[{"count":43,"href":"https:\/\/upgyn.com.br\/sistemas\/transparencia\/wp-json\/wp\/v2\/pages\/1680\/revisions"}],"predecessor-version":[{"id":1728,"href":"https:\/\/upgyn.com.br\/sistemas\/transparencia\/wp-json\/wp\/v2\/pages\/1680\/revisions\/1728"}],"wp:attachment":[{"href":"https:\/\/upgyn.com.br\/sistemas\/transparencia\/wp-json\/wp\/v2\/media?parent=1680"}],"curies":[{"name":"wp","href":"https:\/\/api.w.org\/{rel}","templated":true}]}}