{"id":167,"date":"2024-11-11T19:35:07","date_gmt":"2024-11-11T19:35:07","guid":{"rendered":"https:\/\/www.transparencia.anotameupedido.com\/?page_id=167"},"modified":"2024-12-09T18:08:12","modified_gmt":"2024-12-09T18:08:12","slug":"_normativos","status":"publish","type":"page","link":"https:\/\/upgyn.com.br\/sistemas\/transparencia\/_normativos\/","title":{"rendered":"Atos Normativos"},"content":{"rendered":"\t\t<div data-elementor-type=\"wp-page\" data-elementor-id=\"167\" class=\"elementor elementor-167\" data-elementor-post-type=\"page\">\n\t\t\t\t<div class=\"elementor-element elementor-element-06cebbd e-flex e-con-boxed e-con e-parent\" data-id=\"06cebbd\" data-element_type=\"container\">\n\t\t\t\t\t<div class=\"e-con-inner\">\n\t\t\t\t<div class=\"elementor-element elementor-element-3e0107c elementor-icon-list--layout-traditional elementor-list-item-link-full_width elementor-widget elementor-widget-icon-list\" data-id=\"3e0107c\" data-element_type=\"widget\" data-widget_type=\"icon-list.default\">\n\t\t\t\t<div class=\"elementor-widget-container\">\n\t\t\t\t\t\t\t<ul class=\"elementor-icon-list-items\">\n\t\t\t\t\t\t\t<li class=\"elementor-icon-list-item\">\n\t\t\t\t\t\t\t\t\t\t\t<span class=\"elementor-icon-list-icon\">\n\t\t\t\t\t\t\t<i aria-hidden=\"true\" class=\"fas fa-balance-scale\"><\/i>\t\t\t\t\t\t<\/span>\n\t\t\t\t\t\t\t\t\t\t<span class=\"elementor-icon-list-text\">ATOS NORMATIVOS<\/span>\n\t\t\t\t\t\t\t\t\t<\/li>\n\t\t\t\t\t\t\t\t<li class=\"elementor-icon-list-item\">\n\t\t\t\t\t\t\t\t\t\t<span class=\"elementor-icon-list-text\">CAMPOS DE PESQUISA<\/span>\n\t\t\t\t\t\t\t\t\t<\/li>\n\t\t\t\t\t\t<\/ul>\n\t\t\t\t\t\t<\/div>\n\t\t\t\t<\/div>\n\t\t\t\t\t<\/div>\n\t\t\t\t<\/div>\n\t\t<div class=\"elementor-element elementor-element-7e1203f e-flex e-con-boxed e-con e-parent\" data-id=\"7e1203f\" data-element_type=\"container\" data-settings=\"{&quot;background_background&quot;:&quot;classic&quot;}\">\n\t\t\t\t\t<div class=\"e-con-inner\">\n\t\t\t\t<div class=\"elementor-element elementor-element-d57c2e9 elementor-widget-mobile__width-initial elementor-widget elementor-widget-jet-smart-filters-search\" data-id=\"d57c2e9\" data-element_type=\"widget\" data-widget_type=\"jet-smart-filters-search.default\">\n\t\t\t\t<div class=\"elementor-widget-container\">\n\t\t\t\t\t<div class=\"jet-smart-filters-search jet-filter\"><div class=\"jet-filter-label\">N\u00famero<\/div>\n<div class=\"jet-search-filter\" data-query-type=\"meta_query\" data-query-var=\"numero\" data-smart-filter=\"search\" data-filter-id=\"1081\" data-apply-type=\"ajax-ontyping\" data-content-provider=\"jet-data-table\" data-additional-providers=\"\" data-query-id=\"atosnormativos\" data-active-label=\"N\u00famero\" data-layout-options=\"{&quot;show_label&quot;:&quot;&quot;,&quot;display_options&quot;:[]}\" data-query-var-suffix=\"search\" data-min-letters-count=\"3\">\n\t<div class=\"jet-search-filter__input-wrapper\">\n\t\t<input\n\t\t\tclass=\"jet-search-filter__input\"\n\t\t\ttype=\"search\"\n\t\t\tautocomplete=\"off\"\n\t\t\tname=\"numero\"\n\t\t\tvalue=\"\"\n\t\t\tplaceholder=\"N\u00famero\"\n\t\t\taria-label=\"N\u00famero\"\n\t\t\t\t\t>\n\t\t\t\t\t<div class=\"jet-search-filter__input-clear\">\n\t\t\t\t<svg width=\"22\" height=\"28\" viewBox=\"0 0 22 28\" xmlns=\"http:\/\/www.w3.org\/2000\/svg\">\n\t<path d=\"M20.281 20.656c0 0.391-0.156 0.781-0.438 1.062l-2.125 2.125c-0.281 0.281-0.672 0.438-1.062 0.438s-0.781-0.156-1.062-0.438l-4.594-4.594-4.594 4.594c-0.281 0.281-0.672 0.438-1.062 0.438s-0.781-0.156-1.062-0.438l-2.125-2.125c-0.281-0.281-0.438-0.672-0.438-1.062s0.156-0.781 0.438-1.062l4.594-4.594-4.594-4.594c-0.281-0.281-0.438-0.672-0.438-1.062s0.156-0.781 0.438-1.062l2.125-2.125c0.281-0.281 0.672-0.438 1.062-0.438s0.781 0.156 1.062 0.438l4.594 4.594 4.594-4.594c0.281-0.281 0.672-0.438 1.062-0.438s0.781 0.156 1.062 0.438l2.125 2.125c0.281 0.281 0.438 0.672 0.438 1.062s-0.156 0.781-0.438 1.062l-4.594 4.594 4.594 4.594c0.281 0.281 0.438 0.672 0.438 1.062z\"><\/path>\n<\/svg>\n\t\t\t<\/div>\n\t\t\t<div class=\"jet-search-filter__input-loading\"><\/div>\n\t\t\t<\/div>\n\t<\/div>\n<\/div>\t\t\t\t<\/div>\n\t\t\t\t<\/div>\n\t\t\t\t<div class=\"elementor-element elementor-element-86db3a4 elementor-widget__width-initial elementor-widget elementor-widget-jet-smart-filters-date-period\" data-id=\"86db3a4\" data-element_type=\"widget\" data-widget_type=\"jet-smart-filters-date-period.default\">\n\t\t\t\t<div class=\"elementor-widget-container\">\n\t\t\t\t\t<div class=\"jet-smart-filters-date-period jet-filter \" data-indexer-rule=\"show\" data-show-counter=\"\" data-change-counter=\"always\"><div class=\"jet-filter-label\">Per\u00edodo<\/div>\n<div class=\"jet-date-period button-icon-position-left\" data-query-type=\"meta_query\" data-query-var=\"data-publicacao\" data-smart-filter=\"date-period\" data-filter-id=\"81\" data-apply-type=\"ajax\" data-content-provider=\"jet-data-table\" data-additional-providers=\"\" data-query-id=\"atosnormativos\" data-active-label=\"Per\u00edodo\" data-layout-options=\"{&quot;show_label&quot;:true,&quot;display_options&quot;:{&quot;show_items_label&quot;:false,&quot;show_decorator&quot;:false,&quot;filter_image_size&quot;:&quot;full&quot;,&quot;show_counter&quot;:false}}\" data-query-var-suffix=\"date\" data-apply-on=\"value\" data-period-type=\"range\">\n\t<div class=\"jet-date-period__wrapper\">\n\t\t<div class=\"jet-date-period__prev\" ><svg width=\"21\" height=\"28\" viewBox=\"0 0 21 28\" xmlns=\"http:\/\/www.w3.org\/2000\/svg\">\n\t<path d=\"M18.297 4.703l-8.297 8.297 8.297 8.297c0.391 0.391 0.391 1.016 0 1.406l-2.594 2.594c-0.391 0.391-1.016 0.391-1.406 0l-11.594-11.594c-0.391-0.391-0.391-1.016 0-1.406l11.594-11.594c0.391-0.391 1.016-0.391 1.406 0l2.594 2.594c0.391 0.391 0.391 1.016 0 1.406z\"><\/path>\n<\/svg>\n<\/div>\n\t\t<div class=\"jet-date-period__datepicker date\">\n\t\t\t<div class=\"jet-date-period__datepicker-button input-group-addon\" >\n\t\t\t\tData\t\t\t\t<svg width=\"18\" height=\"28\" viewBox=\"0 0 18 28\" xmlns=\"http:\/\/www.w3.org\/2000\/svg\">\n\t<path d=\"M16.797 11.5c0 0.125-0.063 0.266-0.156 0.359l-7.281 7.281c-0.094 0.094-0.234 0.156-0.359 0.156s-0.266-0.063-0.359-0.156l-7.281-7.281c-0.094-0.094-0.156-0.234-0.156-0.359s0.063-0.266 0.156-0.359l0.781-0.781c0.094-0.094 0.219-0.156 0.359-0.156 0.125 0 0.266 0.063 0.359 0.156l6.141 6.141 6.141-6.141c0.094-0.094 0.234-0.156 0.359-0.156s0.266 0.063 0.359 0.156l0.781 0.781c0.094 0.094 0.156 0.234 0.156 0.359z\"><\/path>\n<\/svg>\n\t\t\t<\/div>\n\t\t\t<input\n\t\t\t\tclass=\"jet-date-period__datepicker-input\"\n\t\t\t\tname=\"data-publicacao\"\n\t\t\t\tvalue=\"\"\n\t\t\t\taria-label=\"Per\u00edodo\"\n\t\t\t\ttype=\"hidden\"\n\t\t\t\ttabindex=\"-1\"\n\t\t\t\tdata-format=\"{&quot;start&quot;:&quot;dd\\\/mm\\\/yy&quot;,&quot;separator&quot;:&quot;-&quot;,&quot;end&quot;:&quot;dd\\\/mm\\\/yy&quot;}\"\n\t\t\t\t\t\t\t\t\t\t\t\treadonly\n\t\t\t>\n\t\t<\/div>\n\t\t<div class=\"jet-date-period__next\" ><svg width=\"19\" height=\"28\" viewBox=\"0 0 19 28\" xmlns=\"http:\/\/www.w3.org\/2000\/svg\">\n\t<path d=\"M17.297 13.703l-11.594 11.594c-0.391 0.391-1.016 0.391-1.406 0l-2.594-2.594c-0.391-0.391-0.391-1.016 0-1.406l8.297-8.297-8.297-8.297c-0.391-0.391-0.391-1.016 0-1.406l2.594-2.594c0.391-0.391 1.016-0.391 1.406 0l11.594 11.594c0.391 0.391 0.391 1.016 0 1.406z\"><\/path>\n<\/svg>\n<\/div>\n\t<\/div>\n<\/div>\n<\/div>\t\t\t\t<\/div>\n\t\t\t\t<\/div>\n\t\t\t\t\t<\/div>\n\t\t\t\t<\/div>\n\t\t<div class=\"elementor-element elementor-element-487b381 e-flex e-con-boxed e-con e-parent\" data-id=\"487b381\" data-element_type=\"container\">\n\t\t\t\t\t<div class=\"e-con-inner\">\n\t\t\t\t<div class=\"elementor-element elementor-element-88575b9 elementor-widget__width-initial elementor-widget elementor-widget-jet-dynamic-table\" data-id=\"88575b9\" data-element_type=\"widget\" id=\"atosnormativos\" data-widget_type=\"jet-dynamic-table.default\">\n\t\t\t\t<div class=\"elementor-widget-container\">\n\t\t\t\t\t<style><\/style><div class=\"jet-dynamic-table-wrapper\"><table class=\"jet-dynamic-table\" data-table-id=\"25\" data-query-id=\"2\"><thead class=\"jet-dynamic-table__header\"><tr class=\"jet-dynamic-table__row jet-dynamic-table__row--header\" ><th class=\"jet-dynamic-table__col jet-dynamic-table__col--nmero\" style=\"width:30px; min-width:30px;\">N\u00famero<\/th><th class=\"jet-dynamic-table__col jet-dynamic-table__col--ementa\" >Ementa<\/th><th class=\"jet-dynamic-table__col jet-dynamic-table__col--espcie\" >Esp\u00e9cie<\/th><th class=\"jet-dynamic-table__col jet-dynamic-table__col--datapublicao\" >Data Publica\u00e7\u00e3o<\/th><th class=\"jet-dynamic-table__col jet-dynamic-table__col--dataassinatura\" >Data Assinatura<\/th><th class=\"jet-dynamic-table__col jet-dynamic-table__col--anexo\" >Anexo<\/th><\/tr><\/thead><tbody class=\"jet-dynamic-table__body\"><tr class=\"jet-dynamic-table__row jet-dynamic-table__row--header\" data-item-object=\"2350\"><td class=\"jet-dynamic-table__col jet-dynamic-table__col--nmero\" style=\"width:30px; min-width:30px;\">016\/2024<\/td><td class=\"jet-dynamic-table__col jet-dynamic-table__col--ementa\" >Adicionar especifica\u00e7\u00f5es ou condi\u00e7\u00f5es adicionais a um artigo. Exemplo: \"Inclua-se o \u00a73\u00ba no art. 7\u00ba, dispondo sobre o prazo m\u00ednimo para contesta\u00e7\u00e3o.\"<\/td><td class=\"jet-dynamic-table__col jet-dynamic-table__col--espcie\" >Sistema de Sa\u00fade P\u00fablica<\/td><td class=\"jet-dynamic-table__col jet-dynamic-table__col--datapublicao\" >01\/12\/24<\/td><td class=\"jet-dynamic-table__col jet-dynamic-table__col--dataassinatura\" >01\/12\/24<\/td><td class=\"jet-dynamic-table__col jet-dynamic-table__col--anexo\" ><a href=\"https:\/\/upgyn.com.br\/sistemas\/transparencia\/wp-content\/uploads\/2024\/11\/0_SEI_0683248_DECRETO_49831.pdf.pdf\">https:\/\/upgyn.com.br\/sistemas\/transparencia\/wp-content\/uploads\/2024\/11\/0_SEI_0683248_DECRETO_49831.pdf.pdf<\/a><\/td><\/tr><tr class=\"jet-dynamic-table__row jet-dynamic-table__row--header\" data-item-object=\"2257\"><td class=\"jet-dynamic-table__col jet-dynamic-table__col--nmero\" style=\"width:30px; min-width:30px;\">015\/2024<\/td><td class=\"jet-dynamic-table__col jet-dynamic-table__col--ementa\" >Criar regras transit\u00f3rias para implementa\u00e7\u00e3o. Exemplo: \"Adicione-se o art. 12-A: 'As disposi\u00e7\u00f5es deste ato ter\u00e3o car\u00e1ter progressivo em at\u00e9 2 anos.'\"<\/td><td class=\"jet-dynamic-table__col jet-dynamic-table__col--espcie\" >Sistema Financeiro<\/td><td class=\"jet-dynamic-table__col jet-dynamic-table__col--datapublicao\" >01\/12\/24<\/td><td class=\"jet-dynamic-table__col jet-dynamic-table__col--dataassinatura\" >01\/12\/24<\/td><td class=\"jet-dynamic-table__col jet-dynamic-table__col--anexo\" ><a href=\"https:\/\/upgyn.com.br\/sistemas\/transparencia\/wp-content\/uploads\/2024\/11\/0_SEI_0625292_DECRETO_49760.pdf.pdf\">https:\/\/upgyn.com.br\/sistemas\/transparencia\/wp-content\/uploads\/2024\/11\/0_SEI_0625292_DECRETO_49760.pdf.pdf<\/a><\/td><\/tr><tr class=\"jet-dynamic-table__row jet-dynamic-table__row--header\" data-item-object=\"2256\"><td class=\"jet-dynamic-table__col jet-dynamic-table__col--nmero\" style=\"width:30px; min-width:30px;\">014\/2023<\/td><td class=\"jet-dynamic-table__col jet-dynamic-table__col--ementa\" >Adicionar especifica\u00e7\u00f5es ou condi\u00e7\u00f5es adicionais a um artigo. Exemplo: \"Inclua-se o \u00a73\u00ba no art. 7\u00ba, dispondo sobre o prazo m\u00ednimo para contesta\u00e7\u00e3o.\"<\/td><td class=\"jet-dynamic-table__col jet-dynamic-table__col--espcie\" >Sistema de Contabilidade<\/td><td class=\"jet-dynamic-table__col jet-dynamic-table__col--datapublicao\" >01\/11\/24<\/td><td class=\"jet-dynamic-table__col jet-dynamic-table__col--dataassinatura\" >01\/11\/24<\/td><td class=\"jet-dynamic-table__col jet-dynamic-table__col--anexo\" ><a href=\"https:\/\/upgyn.com.br\/sistemas\/transparencia\/wp-content\/uploads\/2024\/11\/0_SEI_0625292_DECRETO_49760.pdf.pdf\">https:\/\/upgyn.com.br\/sistemas\/transparencia\/wp-content\/uploads\/2024\/11\/0_SEI_0625292_DECRETO_49760.pdf.pdf<\/a><\/td><\/tr><tr class=\"jet-dynamic-table__row jet-dynamic-table__row--header\" data-item-object=\"2255\"><td class=\"jet-dynamic-table__col jet-dynamic-table__col--nmero\" style=\"width:30px; min-width:30px;\">013\/2023<\/td><td class=\"jet-dynamic-table__col jet-dynamic-table__col--ementa\" >Acrescentar um novo artigo ao ato normativo. Exemplo: \"Acrescente-se o art. 9\u00ba-A com a seguinte reda\u00e7\u00e3o: 'Fica institu\u00eddo o cadastro nacional de benefici\u00e1rios.'\"<\/td><td class=\"jet-dynamic-table__col jet-dynamic-table__col--espcie\" >Sistema de Meio Ambiente<\/td><td class=\"jet-dynamic-table__col jet-dynamic-table__col--datapublicao\" >01\/10\/24<\/td><td class=\"jet-dynamic-table__col jet-dynamic-table__col--dataassinatura\" >01\/10\/24<\/td><td class=\"jet-dynamic-table__col jet-dynamic-table__col--anexo\" ><a href=\"https:\/\/upgyn.com.br\/sistemas\/transparencia\/wp-content\/uploads\/2024\/11\/0_SEI_0683248_DECRETO_49831.pdf.pdf\">https:\/\/upgyn.com.br\/sistemas\/transparencia\/wp-content\/uploads\/2024\/11\/0_SEI_0683248_DECRETO_49831.pdf.pdf<\/a><\/td><\/tr><tr class=\"jet-dynamic-table__row jet-dynamic-table__row--header\" data-item-object=\"2254\"><td class=\"jet-dynamic-table__col jet-dynamic-table__col--nmero\" style=\"width:30px; min-width:30px;\">012\/2023<\/td><td class=\"jet-dynamic-table__col jet-dynamic-table__col--ementa\" >eduzir ou ampliar as penalidades previstas. Exemplo: \"Altere-se a multa prevista no art. 5\u00ba para o valor de R$ 10.000,00.\"<\/td><td class=\"jet-dynamic-table__col jet-dynamic-table__col--espcie\" >Sistema de Sa\u00fade P\u00fablica<\/td><td class=\"jet-dynamic-table__col jet-dynamic-table__col--datapublicao\" >09\/11\/24<\/td><td class=\"jet-dynamic-table__col jet-dynamic-table__col--dataassinatura\" >11\/12\/24<\/td><td class=\"jet-dynamic-table__col jet-dynamic-table__col--anexo\" ><a href=\"https:\/\/upgyn.com.br\/sistemas\/transparencia\/wp-content\/uploads\/2024\/11\/0_SEI_0625292_DECRETO_49760.pdf.pdf\">https:\/\/upgyn.com.br\/sistemas\/transparencia\/wp-content\/uploads\/2024\/11\/0_SEI_0625292_DECRETO_49760.pdf.pdf<\/a><\/td><\/tr><tr class=\"jet-dynamic-table__row jet-dynamic-table__row--header\" data-item-object=\"2253\"><td class=\"jet-dynamic-table__col jet-dynamic-table__col--nmero\" style=\"width:30px; min-width:30px;\">011\/2023<\/td><td class=\"jet-dynamic-table__col jet-dynamic-table__col--ementa\" > Ajustar as responsabilidades atribu\u00eddas a determinado \u00f3rg\u00e3o ou entidade. Exemplo: \"Substitua-se o \u00f3rg\u00e3o executor no art. 2\u00ba pelo Minist\u00e9rio do Desenvolvimento Regional.\"<\/td><td class=\"jet-dynamic-table__col jet-dynamic-table__col--espcie\" >Sistema de Controle Interno<\/td><td class=\"jet-dynamic-table__col jet-dynamic-table__col--datapublicao\" >22\/11\/24<\/td><td class=\"jet-dynamic-table__col jet-dynamic-table__col--dataassinatura\" >29\/11\/24<\/td><td class=\"jet-dynamic-table__col jet-dynamic-table__col--anexo\" ><a href=\"https:\/\/upgyn.com.br\/sistemas\/transparencia\/wp-content\/uploads\/2024\/11\/0_Diario-Oficial-3.442_2024.pdf.pdf\">https:\/\/upgyn.com.br\/sistemas\/transparencia\/wp-content\/uploads\/2024\/11\/0_Diario-Oficial-3.442_2024.pdf.pdf<\/a><\/td><\/tr><tr class=\"jet-dynamic-table__row jet-dynamic-table__row--header\" data-item-object=\"2252\"><td class=\"jet-dynamic-table__col jet-dynamic-table__col--nmero\" style=\"width:30px; min-width:30px;\">010\/2023<\/td><td class=\"jet-dynamic-table__col jet-dynamic-table__col--ementa\" >Modificar o prazo previsto para o cumprimento de determinada obriga\u00e7\u00e3o normativa. Exemplo: \"Altere-se o prazo de 30 dias para 60 dias no art. 3\u00ba do ato normativo X.\"<\/td><td class=\"jet-dynamic-table__col jet-dynamic-table__col--espcie\" >Sistema de Sa\u00fade P\u00fablica<\/td><td class=\"jet-dynamic-table__col jet-dynamic-table__col--datapublicao\" >06\/12\/24<\/td><td class=\"jet-dynamic-table__col jet-dynamic-table__col--dataassinatura\" >06\/12\/24<\/td><td class=\"jet-dynamic-table__col jet-dynamic-table__col--anexo\" ><a href=\"https:\/\/upgyn.com.br\/sistemas\/transparencia\/wp-content\/uploads\/2024\/11\/0_Diario-Oficial-3.442_2024.pdf.pdf\">https:\/\/upgyn.com.br\/sistemas\/transparencia\/wp-content\/uploads\/2024\/11\/0_Diario-Oficial-3.442_2024.pdf.pdf<\/a><\/td><\/tr><tr class=\"jet-dynamic-table__row jet-dynamic-table__row--header\" data-item-object=\"214\"><td class=\"jet-dynamic-table__col jet-dynamic-table__col--nmero\" style=\"width:30px; min-width:30px;\">003\/2023<\/td><td class=\"jet-dynamic-table__col jet-dynamic-table__col--ementa\" >QUE REGULAMENTA O M\u00c9TODO DE C\u00c1LCULO E DOSIMETRIA DAS MULTAS ADMINISTRATIVAS APLICADAS EM RAZ\u00c3O DO COMETIMENTO DE INFRA\u00c7\u00d5ES AMBIENTAIS NO \u00c2MBITO DO MUNIC\u00cdPIO DE ECOPORANGA\/ES.<\/td><td class=\"jet-dynamic-table__col jet-dynamic-table__col--espcie\" >Sistema de Meio Ambiente<\/td><td class=\"jet-dynamic-table__col jet-dynamic-table__col--datapublicao\" >07\/02\/24<\/td><td class=\"jet-dynamic-table__col jet-dynamic-table__col--dataassinatura\" >12\/11\/24<\/td><td class=\"jet-dynamic-table__col jet-dynamic-table__col--anexo\" ><a href=\"https:\/\/upgyn.com.br\/sistemas\/transparencia\/wp-content\/uploads\/2024\/11\/0_Diario-Oficial-3.442_2024.pdf.pdf\">https:\/\/upgyn.com.br\/sistemas\/transparencia\/wp-content\/uploads\/2024\/11\/0_Diario-Oficial-3.442_2024.pdf.pdf<\/a><\/td><\/tr><tr class=\"jet-dynamic-table__row jet-dynamic-table__row--header\" data-item-object=\"12\"><td class=\"jet-dynamic-table__col jet-dynamic-table__col--nmero\" style=\"width:30px; min-width:30px;\">005\/2022<\/td><td class=\"jet-dynamic-table__col jet-dynamic-table__col--ementa\" >QUE ESTABELECE PROCEDIMENTOS PARA A REALIZA\u00c7\u00c3O DE AUDITORIAS PELA UNIDADE CENTRAL DE CONTROLE INTERNO DO MUNIC\u00cdPIO DE ECOPORANGA.<\/td><td class=\"jet-dynamic-table__col jet-dynamic-table__col--espcie\" >Sistema de Controle Patrimonial<\/td><td class=\"jet-dynamic-table__col jet-dynamic-table__col--datapublicao\" >01\/11\/24<\/td><td class=\"jet-dynamic-table__col jet-dynamic-table__col--dataassinatura\" >06\/11\/24<\/td><td class=\"jet-dynamic-table__col jet-dynamic-table__col--anexo\" ><a href=\"https:\/\/upgyn.com.br\/sistemas\/transparencia\/wp-content\/uploads\/2024\/11\/0_Diario-Oficial-3.442_2024.pdf.pdf\">https:\/\/upgyn.com.br\/sistemas\/transparencia\/wp-content\/uploads\/2024\/11\/0_Diario-Oficial-3.442_2024.pdf.pdf<\/a><\/td><\/tr><tr class=\"jet-dynamic-table__row jet-dynamic-table__row--header\" data-item-object=\"10\"><td class=\"jet-dynamic-table__col jet-dynamic-table__col--nmero\" style=\"width:30px; min-width:30px;\">001\/2020<\/td><td class=\"jet-dynamic-table__col jet-dynamic-table__col--ementa\" >QUE ESTABELECE PROCEDIMENTOS PARA A REALIZA\u00c7\u00c3O DE AUDITORIAS PELA UNIDADE CENTRAL DE CONTROLE INTERNO DO MUNIC\u00cdPIO DE ECOPORANGA.<\/td><td class=\"jet-dynamic-table__col jet-dynamic-table__col--espcie\" >Sistema de Controle Interno<\/td><td class=\"jet-dynamic-table__col jet-dynamic-table__col--datapublicao\" >11\/11\/24<\/td><td class=\"jet-dynamic-table__col jet-dynamic-table__col--dataassinatura\" >13\/11\/24<\/td><td class=\"jet-dynamic-table__col jet-dynamic-table__col--anexo\" ><a href=\"https:\/\/upgyn.com.br\/sistemas\/transparencia\/wp-content\/uploads\/2024\/11\/0_SEI_0625292_DECRETO_49760.pdf.pdf\">https:\/\/upgyn.com.br\/sistemas\/transparencia\/wp-content\/uploads\/2024\/11\/0_SEI_0625292_DECRETO_49760.pdf.pdf<\/a><\/td><\/tr><\/tbody><\/table><\/div>\t\t\t\t<\/div>\n\t\t\t\t<\/div>\n\t\t\t\t<div class=\"elementor-element elementor-element-c61b0e9 elementor-widget elementor-widget-jet-smart-filters-pagination\" data-id=\"c61b0e9\" data-element_type=\"widget\" data-widget_type=\"jet-smart-filters-pagination.default\">\n\t\t\t\t<div class=\"elementor-widget-container\">\n\t\t\t\t\t<div\n\t\t\t\tclass=\"jet-smart-filters-pagination jet-filter\"\n\t\t\t\tdata-apply-provider=\"jet-data-table\"\n\t\t\t\tdata-content-provider=\"jet-data-table\"\n\t\t\t\tdata-query-id=\"atosnormativos\"\n\t\t\t\tdata-controls=\"{&quot;items_enabled&quot;:true,&quot;pages_mid_size&quot;:4,&quot;pages_end_size&quot;:0,&quot;nav_enabled&quot;:true,&quot;prev&quot;:&quot;Anterior&quot;,&quot;next&quot;:&quot;Pr\\u00f3xima&quot;,&quot;hide_inactive_nav&quot;:false,&quot;load_more_enabled&quot;:false}\"\n\t\t\t\tdata-apply-type=\"ajax\"\n\t\t\t><\/div>\t\t\t\t<\/div>\n\t\t\t\t<\/div>\n\t\t\t\t\t<\/div>\n\t\t\t\t<\/div>\n\t\t\t\t<\/div>\n\t\t","protected":false},"excerpt":{"rendered":"<p>ATOS NORMATIVOS CAMPOS DE PESQUISA N\u00famero Per\u00edodo Data N\u00famero Ementa Esp\u00e9cie Data Publica\u00e7\u00e3o Data Assinatura Anexo 016\/2024 Adicionar especifica\u00e7\u00f5es ou condi\u00e7\u00f5es adicionais a um artigo. Exemplo: &#8220;Inclua-se o \u00a73\u00ba no art. 7\u00ba, dispondo sobre o prazo m\u00ednimo para contesta\u00e7\u00e3o.&#8221; Sistema de Sa\u00fade P\u00fablica 01\/12\/24 01\/12\/24 https:\/\/upgyn.com.br\/sistemas\/transparencia\/wp-content\/uploads\/2024\/11\/0_SEI_0683248_DECRETO_49831.pdf.pdf 015\/2024 Criar regras transit\u00f3rias para implementa\u00e7\u00e3o. Exemplo: &#8220;Adicione-se o [&hellip;]<\/p>\n","protected":false},"author":1,"featured_media":0,"parent":0,"menu_order":0,"comment_status":"closed","ping_status":"closed","template":"elementor_header_footer","meta":{"footnotes":""},"class_list":["post-167","page","type-page","status-publish","hentry"],"_links":{"self":[{"href":"https:\/\/upgyn.com.br\/sistemas\/transparencia\/wp-json\/wp\/v2\/pages\/167","targetHints":{"allow":["GET"]}}],"collection":[{"href":"https:\/\/upgyn.com.br\/sistemas\/transparencia\/wp-json\/wp\/v2\/pages"}],"about":[{"href":"https:\/\/upgyn.com.br\/sistemas\/transparencia\/wp-json\/wp\/v2\/types\/page"}],"author":[{"embeddable":true,"href":"https:\/\/upgyn.com.br\/sistemas\/transparencia\/wp-json\/wp\/v2\/users\/1"}],"replies":[{"embeddable":true,"href":"https:\/\/upgyn.com.br\/sistemas\/transparencia\/wp-json\/wp\/v2\/comments?post=167"}],"version-history":[{"count":555,"href":"https:\/\/upgyn.com.br\/sistemas\/transparencia\/wp-json\/wp\/v2\/pages\/167\/revisions"}],"predecessor-version":[{"id":3415,"href":"https:\/\/upgyn.com.br\/sistemas\/transparencia\/wp-json\/wp\/v2\/pages\/167\/revisions\/3415"}],"wp:attachment":[{"href":"https:\/\/upgyn.com.br\/sistemas\/transparencia\/wp-json\/wp\/v2\/media?parent=167"}],"curies":[{"name":"wp","href":"https:\/\/api.w.org\/{rel}","templated":true}]}}