{"id":1693,"date":"2024-05-22T09:50:02","date_gmt":"2024-05-22T12:50:02","guid":{"rendered":"https:\/\/pedidos.anotameupedido.com\/?post_type=product&#038;p=1693"},"modified":"2024-05-22T09:50:02","modified_gmt":"2024-05-22T12:50:02","slug":"picanha-no-aligot-de-queijo","status":"publish","type":"product","link":"https:\/\/upgyn.com.br\/sistemas\/pedidos\/?product=picanha-no-aligot-de-queijo","title":{"rendered":"Picanha no Aligot de Queijo"},"content":{"rendered":"","protected":false},"excerpt":{"rendered":"<div class=\"elementor-element elementor-element-31fc05d elementor-widget__width-inherit elementor-widget elementor-widget-jet-listing-dynamic-field\" data-id=\"31fc05d\" data-element_type=\"widget\" data-widget_type=\"jet-listing-dynamic-field.default\">\n<div class=\"elementor-widget-container\">\n<div class=\"jet-listing jet-listing-dynamic-field display-inline\">\n<div class=\"jet-listing-dynamic-field__inline-wrap\">\n<div class=\"jet-listing-dynamic-field__content\">Picanha Assada Na Brasa. Acompanha: Arroz, Feij\u00e3o Tropeiro, Vinagrete, Mandioca. Gr\u00e1tis: P\u00e3o De Alho Ou Pa\u00e7oca.<\/div>\n<\/div>\n<\/div>\n<\/div>\n<\/div>\n<div class=\"elementor-element elementor-element-ff70b92 elementor-widget__width-inherit elementor-widget elementor-widget-jet-listing-dynamic-field\" data-id=\"ff70b92\" data-element_type=\"widget\" data-widget_type=\"jet-listing-dynamic-field.default\">\n<div class=\"elementor-widget-container\">\n<div class=\"jet-listing jet-listing-dynamic-field display-inline\">\n<div class=\"jet-listing-dynamic-field__inline-wrap\"><\/div>\n<\/div>\n<\/div>\n<\/div>\n","protected":false},"featured_media":1694,"template":"","meta":[],"product_cat":[26],"product_tag":[],"class_list":{"0":"post-1693","1":"product","2":"type-product","3":"status-publish","4":"has-post-thumbnail","6":"product_cat-classicos","8":"first","9":"instock","10":"shipping-taxable","11":"purchasable","12":"product-type-simple"},"_links":{"self":[{"href":"https:\/\/upgyn.com.br\/sistemas\/pedidos\/index.php?rest_route=\/wp\/v2\/product\/1693","targetHints":{"allow":["GET"]}}],"collection":[{"href":"https:\/\/upgyn.com.br\/sistemas\/pedidos\/index.php?rest_route=\/wp\/v2\/product"}],"about":[{"href":"https:\/\/upgyn.com.br\/sistemas\/pedidos\/index.php?rest_route=\/wp\/v2\/types\/product"}],"wp:featuredmedia":[{"embeddable":true,"href":"https:\/\/upgyn.com.br\/sistemas\/pedidos\/index.php?rest_route=\/wp\/v2\/media\/1694"}],"wp:attachment":[{"href":"https:\/\/upgyn.com.br\/sistemas\/pedidos\/index.php?rest_route=%2Fwp%2Fv2%2Fmedia&parent=1693"}],"wp:term":[{"taxonomy":"product_cat","embeddable":true,"href":"https:\/\/upgyn.com.br\/sistemas\/pedidos\/index.php?rest_route=%2Fwp%2Fv2%2Fproduct_cat&post=1693"},{"taxonomy":"product_tag","embeddable":true,"href":"https:\/\/upgyn.com.br\/sistemas\/pedidos\/index.php?rest_route=%2Fwp%2Fv2%2Fproduct_tag&post=1693"}],"curies":[{"name":"wp","href":"https:\/\/api.w.org\/{rel}","templated":true}]}}