{"id":3889,"date":"2025-01-04T12:57:21","date_gmt":"2025-01-04T12:57:21","guid":{"rendered":"https:\/\/taticacursos.com.br\/asstransparencia\/?page_id=3889"},"modified":"2025-01-04T13:21:01","modified_gmt":"2025-01-04T13:21:01","slug":"politica-de-privacidade","status":"publish","type":"page","link":"https:\/\/upgyn.com.br\/sistemas\/associacaotransparente\/politica-de-privacidade\/","title":{"rendered":"Pol\u00edtica de Privacidade"},"content":{"rendered":"\t\t<div data-elementor-type=\"wp-page\" data-elementor-id=\"3889\" class=\"elementor elementor-3889\" data-elementor-post-type=\"page\">\n\t\t\t\t<div class=\"elementor-element elementor-element-78e5b30 e-flex e-con-boxed e-con e-parent\" data-id=\"78e5b30\" data-element_type=\"container\">\n\t\t\t\t\t<div class=\"e-con-inner\">\n\t\t\t\t<div class=\"elementor-element elementor-element-c416b5c elementor-widget elementor-widget-heading\" data-id=\"c416b5c\" data-element_type=\"widget\" data-widget_type=\"heading.default\">\n\t\t\t\t<div class=\"elementor-widget-container\">\n\t\t\t<h2 class=\"elementor-heading-title elementor-size-default\">Pol\u00edtica de Privacidade\n<\/h2>\t\t<\/div>\n\t\t\t\t<\/div>\n\t\t\t\t\t<\/div>\n\t\t\t\t<\/div>\n\t\t<div class=\"elementor-element elementor-element-0b6c58e e-flex e-con-boxed e-con e-parent\" data-id=\"0b6c58e\" data-element_type=\"container\">\n\t\t\t\t\t<div class=\"e-con-inner\">\n\t\t\t\t<div class=\"elementor-element elementor-element-d56531f elementor-widget-divider--view-line elementor-widget elementor-widget-divider\" data-id=\"d56531f\" data-element_type=\"widget\" data-widget_type=\"divider.default\">\n\t\t\t\t<div class=\"elementor-widget-container\">\n\t\t\t\t\t<div class=\"elementor-divider\">\n\t\t\t<span class=\"elementor-divider-separator\">\n\t\t\t\t\t\t<\/span>\n\t\t<\/div>\n\t\t\t\t<\/div>\n\t\t\t\t<\/div>\n\t\t\t\t<div class=\"elementor-element elementor-element-c89dd82 elementor-widget elementor-widget-text-editor\" data-id=\"c89dd82\" data-element_type=\"widget\" data-widget_type=\"text-editor.default\">\n\t\t\t\t<div class=\"elementor-widget-container\">\n\t\t\t\t\t\t\t<p>Ter seus dados pessoais bem cuidados \u00e9 um direito protegido pela Lei 13.709, conhecida como a Lei Geral de Prote\u00e7\u00e3o de Dados Pessoais (LGPD), e uma obriga\u00e7\u00e3o do MDHC com voc\u00ea.<\/p><p>Atualmente, \u00e9 fato que dados pessoais s\u00e3o ativos e, como acontece com outros bens e direitos, precisam ser protegidos por quem realiza o tratamento deles.<\/p><p>Com esta Pol\u00edtica de Privacidade, buscamos dar transpar\u00eancia sobre como n\u00f3s tratamos os seus dados.<\/p>\t\t\t\t\t\t<\/div>\n\t\t\t\t<\/div>\n\t\t\t\t<div class=\"elementor-element elementor-element-acfaab0 elementor-widget-divider--view-line elementor-widget elementor-widget-divider\" data-id=\"acfaab0\" data-element_type=\"widget\" data-widget_type=\"divider.default\">\n\t\t\t\t<div class=\"elementor-widget-container\">\n\t\t\t\t\t<div class=\"elementor-divider\">\n\t\t\t<span class=\"elementor-divider-separator\">\n\t\t\t\t\t\t<\/span>\n\t\t<\/div>\n\t\t\t\t<\/div>\n\t\t\t\t<\/div>\n\t\t\t\t<div class=\"elementor-element elementor-element-e056205 elementor-headline--style-highlight elementor-widget elementor-widget-animated-headline\" data-id=\"e056205\" data-element_type=\"widget\" data-settings=\"{&quot;highlighted_text&quot;:&quot; coletados &quot;,&quot;headline_style&quot;:&quot;highlight&quot;,&quot;marker&quot;:&quot;circle&quot;,&quot;loop&quot;:&quot;yes&quot;,&quot;highlight_animation_duration&quot;:1200,&quot;highlight_iteration_delay&quot;:8000}\" data-widget_type=\"animated-headline.default\">\n\t\t\t\t<div class=\"elementor-widget-container\">\n\t\t\t\t\t<h3 class=\"elementor-headline\">\n\t\t\t\t\t<span class=\"elementor-headline-plain-text elementor-headline-text-wrapper\">Como s\u00e3o<\/span>\n\t\t\t\t<span class=\"elementor-headline-dynamic-wrapper elementor-headline-text-wrapper\">\n\t\t\t\t\t<span class=\"elementor-headline-dynamic-text elementor-headline-text-active\"> coletados <\/span>\n\t\t\t\t<\/span>\n\t\t\t\t<\/h3>\n\t\t\t\t<\/div>\n\t\t\t\t<\/div>\n\t\t\t\t<div class=\"elementor-element elementor-element-067da51 elementor-widget elementor-widget-text-editor\" data-id=\"067da51\" data-element_type=\"widget\" data-widget_type=\"text-editor.default\">\n\t\t\t\t<div class=\"elementor-widget-container\">\n\t\t\t\t\t\t\t<p>N\u00f3s podemos coletar os seguintes, mas n\u00e3o somente, dados pessoais: Nome, CPF, RG, NIS, E-mail, Endere\u00e7o, Nacionalidade, Naturalidade, Sexo, al\u00e9m de dados acad\u00eamicos e profissionais. Dependendo do servi\u00e7o, podem ser coletados mais ou menos dados do que os informados. As maneiras pelas quais os coletamos podem ser:<\/p><p>Pelo seu preenchimento &#8211; Em geral, n\u00f3s coletamos seus dados quando voc\u00ea preenche campos de cadastro em algum dos nossos sistemas, aplicativos ou formul\u00e1rios.<\/p><p>Atualmente, \u00e9 fato que dados pessoais s\u00e3o ativos e, como acontece com outros bens e direitos, precisam ser protegidos por quem realiza o tratamento deles.<\/p><p>Com esta Pol\u00edtica de Privacidade, buscamos dar transpar\u00eancia sobre como n\u00f3s tratamos os seus dados.<\/p>\t\t\t\t\t\t<\/div>\n\t\t\t\t<\/div>\n\t\t\t\t<div class=\"elementor-element elementor-element-4fcf70f elementor-widget-divider--view-line elementor-widget elementor-widget-divider\" data-id=\"4fcf70f\" data-element_type=\"widget\" data-widget_type=\"divider.default\">\n\t\t\t\t<div class=\"elementor-widget-container\">\n\t\t\t\t\t<div class=\"elementor-divider\">\n\t\t\t<span class=\"elementor-divider-separator\">\n\t\t\t\t\t\t<\/span>\n\t\t<\/div>\n\t\t\t\t<\/div>\n\t\t\t\t<\/div>\n\t\t\t\t<div class=\"elementor-element elementor-element-32a5f60 elementor-widget elementor-widget-text-editor\" data-id=\"32a5f60\" data-element_type=\"widget\" data-widget_type=\"text-editor.default\">\n\t\t\t\t<div class=\"elementor-widget-container\">\n\t\t\t\t\t\t\t<p><strong>Por meio de outros bancos de dados da Administra\u00e7\u00e3o P\u00fablica &#8211;\u00a0<\/strong>Alguns dos seus dados podem ser coletados por meio de APIs de banco de dados de sistemas de outros \u00f3rg\u00e3os ou entidades da Administra\u00e7\u00e3o P\u00fablica, como o CBC, da Receita Federal, e o SIGEPE, do Minist\u00e9rio da Gest\u00e3o e da Inova\u00e7\u00e3o em Servi\u00e7os P\u00fablicos.<\/p>\t\t\t\t\t\t<\/div>\n\t\t\t\t<\/div>\n\t\t\t\t<div class=\"elementor-element elementor-element-9f11224 elementor-widget-divider--view-line elementor-widget elementor-widget-divider\" data-id=\"9f11224\" data-element_type=\"widget\" data-widget_type=\"divider.default\">\n\t\t\t\t<div class=\"elementor-widget-container\">\n\t\t\t\t\t<div class=\"elementor-divider\">\n\t\t\t<span class=\"elementor-divider-separator\">\n\t\t\t\t\t\t<\/span>\n\t\t<\/div>\n\t\t\t\t<\/div>\n\t\t\t\t<\/div>\n\t\t\t\t<div class=\"elementor-element elementor-element-84e0bb5 elementor-widget elementor-widget-text-editor\" data-id=\"84e0bb5\" data-element_type=\"widget\" data-widget_type=\"text-editor.default\">\n\t\t\t\t<div class=\"elementor-widget-container\">\n\t\t\t\t\t\t\t<p><strong>Por meio de cookies &#8211;\u00a0<\/strong>Tamb\u00e9m coletamos atrav\u00e9s de cookies, pequenos arquivos de texto enviados pelo site ao computador do usu\u00e1rio e que nele ficam armazenados. Podem ser armazenados, por exemplo, dados sobre o dispositivo utilizado pelo usu\u00e1rio, bem como seu local e hor\u00e1rio de acesso ao site.\u00a0<br \/><br \/>As informa\u00e7\u00f5es eventualmente armazenadas em cookies tamb\u00e9m s\u00e3o consideradas dados pessoais e todas as regras previstas nesta Pol\u00edtica de Privacidade tamb\u00e9m s\u00e3o aplic\u00e1veis a eles.\u00a0<\/p>\t\t\t\t\t\t<\/div>\n\t\t\t\t<\/div>\n\t\t\t\t<div class=\"elementor-element elementor-element-1b8522a elementor-widget-divider--view-line elementor-widget elementor-widget-divider\" data-id=\"1b8522a\" data-element_type=\"widget\" data-widget_type=\"divider.default\">\n\t\t\t\t<div class=\"elementor-widget-container\">\n\t\t\t\t\t<div class=\"elementor-divider\">\n\t\t\t<span class=\"elementor-divider-separator\">\n\t\t\t\t\t\t<\/span>\n\t\t<\/div>\n\t\t\t\t<\/div>\n\t\t\t\t<\/div>\n\t\t\t\t<div class=\"elementor-element elementor-element-260b068 elementor-headline--style-highlight elementor-widget elementor-widget-animated-headline\" data-id=\"260b068\" data-element_type=\"widget\" data-settings=\"{&quot;highlighted_text&quot;:&quot; usamos&quot;,&quot;headline_style&quot;:&quot;highlight&quot;,&quot;marker&quot;:&quot;circle&quot;,&quot;loop&quot;:&quot;yes&quot;,&quot;highlight_animation_duration&quot;:1200,&quot;highlight_iteration_delay&quot;:8000}\" data-widget_type=\"animated-headline.default\">\n\t\t\t\t<div class=\"elementor-widget-container\">\n\t\t\t\t\t<h3 class=\"elementor-headline\">\n\t\t\t\t\t<span class=\"elementor-headline-plain-text elementor-headline-text-wrapper\">Como <\/span>\n\t\t\t\t<span class=\"elementor-headline-dynamic-wrapper elementor-headline-text-wrapper\">\n\t\t\t\t\t<span class=\"elementor-headline-dynamic-text elementor-headline-text-active\"> usamos<\/span>\n\t\t\t\t<\/span>\n\t\t\t\t<\/h3>\n\t\t\t\t<\/div>\n\t\t\t\t<\/div>\n\t\t\t\t<div class=\"elementor-element elementor-element-e9637fa elementor-widget elementor-widget-text-editor\" data-id=\"e9637fa\" data-element_type=\"widget\" data-widget_type=\"text-editor.default\">\n\t\t\t\t<div class=\"elementor-widget-container\">\n\t\t\t\t\t\t\t<p>De acordo com a <strong>LGPD<\/strong>, s\u00f3 podem ser coletados os dados com uma finalidade bem definida. Por isso, n\u00f3s coletamos seus dados, e somente os necess\u00e1rios, para diversos fins:<\/p><p><strong>Fornecer servi\u00e7os p\u00fablicos<\/strong><\/p><p>Coletamos seus dados para oferecer servi\u00e7os p\u00fablicos de qualidade a voc\u00ea, tais como:<\/p>\t\t\t\t\t\t<\/div>\n\t\t\t\t<\/div>\n\t\t\t\t<div class=\"elementor-element elementor-element-62f87d2 elementor-icon-list--layout-traditional elementor-list-item-link-full_width elementor-widget elementor-widget-icon-list\" data-id=\"62f87d2\" data-element_type=\"widget\" data-widget_type=\"icon-list.default\">\n\t\t\t\t<div class=\"elementor-widget-container\">\n\t\t\t\t\t<ul class=\"elementor-icon-list-items\">\n\t\t\t\t\t\t\t<li class=\"elementor-icon-list-item\">\n\t\t\t\t\t\t\t\t\t\t\t<span class=\"elementor-icon-list-icon\">\n\t\t\t\t\t\t\t<i aria-hidden=\"true\" class=\"far fa-arrow-alt-circle-left\"><\/i>\t\t\t\t\t\t<\/span>\n\t\t\t\t\t\t\t\t\t\t<span class=\"elementor-icon-list-text\">Atendimento e Den\u00fancias<\/span>\n\t\t\t\t\t\t\t\t\t<\/li>\n\t\t\t\t\t\t\t\t<li class=\"elementor-icon-list-item\">\n\t\t\t\t\t\t\t\t\t\t\t<span class=\"elementor-icon-list-icon\">\n\t\t\t\t\t\t\t<i aria-hidden=\"true\" class=\"far fa-arrow-alt-circle-left\"><\/i>\t\t\t\t\t\t<\/span>\n\t\t\t\t\t\t\t\t\t\t<span class=\"elementor-icon-list-text\">Prote\u00e7\u00e3o a V\u00edtimas de Viol\u00eancia<\/span>\n\t\t\t\t\t\t\t\t\t<\/li>\n\t\t\t\t\t\t\t\t<li class=\"elementor-icon-list-item\">\n\t\t\t\t\t\t\t\t\t\t\t<span class=\"elementor-icon-list-icon\">\n\t\t\t\t\t\t\t<i aria-hidden=\"true\" class=\"far fa-arrow-alt-circle-left\"><\/i>\t\t\t\t\t\t<\/span>\n\t\t\t\t\t\t\t\t\t\t<span class=\"elementor-icon-list-text\"> Prote\u00e7\u00e3o de Grupos Vulner\u00e1veis<\/span>\n\t\t\t\t\t\t\t\t\t<\/li>\n\t\t\t\t\t\t\t\t<li class=\"elementor-icon-list-item\">\n\t\t\t\t\t\t\t\t\t\t\t<span class=\"elementor-icon-list-icon\">\n\t\t\t\t\t\t\t<i aria-hidden=\"true\" class=\"far fa-arrow-alt-circle-left\"><\/i>\t\t\t\t\t\t<\/span>\n\t\t\t\t\t\t\t\t\t\t<span class=\"elementor-icon-list-text\">Combate \u00e0 Tortura e Tratamentos Cru\u00e9is<\/span>\n\t\t\t\t\t\t\t\t\t<\/li>\n\t\t\t\t\t\t\t\t<li class=\"elementor-icon-list-item\">\n\t\t\t\t\t\t\t\t\t\t\t<span class=\"elementor-icon-list-icon\">\n\t\t\t\t\t\t\t<i aria-hidden=\"true\" class=\"far fa-arrow-alt-circle-left\"><\/i>\t\t\t\t\t\t<\/span>\n\t\t\t\t\t\t\t\t\t\t<span class=\"elementor-icon-list-text\">Programas de Educa\u00e7\u00e3o em Direitos Humanos<\/span>\n\t\t\t\t\t\t\t\t\t<\/li>\n\t\t\t\t\t\t\t\t<li class=\"elementor-icon-list-item\">\n\t\t\t\t\t\t\t\t\t\t\t<span class=\"elementor-icon-list-icon\">\n\t\t\t\t\t\t\t<i aria-hidden=\"true\" class=\"far fa-arrow-alt-circle-left\"><\/i>\t\t\t\t\t\t<\/span>\n\t\t\t\t\t\t\t\t\t\t<span class=\"elementor-icon-list-text\">Pol\u00edticas de Inclus\u00e3o Social<\/span>\n\t\t\t\t\t\t\t\t\t<\/li>\n\t\t\t\t\t\t\t\t<li class=\"elementor-icon-list-item\">\n\t\t\t\t\t\t\t\t\t\t\t<span class=\"elementor-icon-list-icon\">\n\t\t\t\t\t\t\t<i aria-hidden=\"true\" class=\"far fa-arrow-alt-circle-left\"><\/i>\t\t\t\t\t\t<\/span>\n\t\t\t\t\t\t\t\t\t\t<span class=\"elementor-icon-list-text\">Pol\u00edticas de Acesso \u00e0 Justi\u00e7a<\/span>\n\t\t\t\t\t\t\t\t\t<\/li>\n\t\t\t\t\t\t\t\t<li class=\"elementor-icon-list-item\">\n\t\t\t\t\t\t\t\t\t\t\t<span class=\"elementor-icon-list-icon\">\n\t\t\t\t\t\t\t<i aria-hidden=\"true\" class=\"far fa-arrow-alt-circle-left\"><\/i>\t\t\t\t\t\t<\/span>\n\t\t\t\t\t\t\t\t\t\t<span class=\"elementor-icon-list-text\">Pol\u00edticas de Igualdade e N\u00e3o Discrimina\u00e7\u00e3o<\/span>\n\t\t\t\t\t\t\t\t\t<\/li>\n\t\t\t\t\t\t\t\t<li class=\"elementor-icon-list-item\">\n\t\t\t\t\t\t\t\t\t\t\t<span class=\"elementor-icon-list-icon\">\n\t\t\t\t\t\t\t<i aria-hidden=\"true\" class=\"far fa-arrow-alt-circle-left\"><\/i>\t\t\t\t\t\t<\/span>\n\t\t\t\t\t\t\t\t\t\t<span class=\"elementor-icon-list-text\">Pol\u00edticas de Acesso \u00e0 Informa\u00e7\u00e3o<\/span>\n\t\t\t\t\t\t\t\t\t<\/li>\n\t\t\t\t\t\t<\/ul>\n\t\t\t\t<\/div>\n\t\t\t\t<\/div>\n\t\t\t\t<div class=\"elementor-element elementor-element-72431dc elementor-widget-divider--view-line elementor-widget elementor-widget-divider\" data-id=\"72431dc\" data-element_type=\"widget\" data-widget_type=\"divider.default\">\n\t\t\t\t<div class=\"elementor-widget-container\">\n\t\t\t\t\t<div class=\"elementor-divider\">\n\t\t\t<span class=\"elementor-divider-separator\">\n\t\t\t\t\t\t<\/span>\n\t\t<\/div>\n\t\t\t\t<\/div>\n\t\t\t\t<\/div>\n\t\t\t\t<div class=\"elementor-element elementor-element-77a0e04 elementor-headline--style-highlight elementor-widget elementor-widget-animated-headline\" data-id=\"77a0e04\" data-element_type=\"widget\" data-settings=\"{&quot;highlighted_text&quot;:&quot;t\\u00e9cnico&quot;,&quot;headline_style&quot;:&quot;highlight&quot;,&quot;marker&quot;:&quot;circle&quot;,&quot;loop&quot;:&quot;yes&quot;,&quot;highlight_animation_duration&quot;:1200,&quot;highlight_iteration_delay&quot;:8000}\" data-widget_type=\"animated-headline.default\">\n\t\t\t\t<div class=\"elementor-widget-container\">\n\t\t\t\t\t<h3 class=\"elementor-headline\">\n\t\t\t\t\t<span class=\"elementor-headline-plain-text elementor-headline-text-wrapper\">Prestar suporte <\/span>\n\t\t\t\t<span class=\"elementor-headline-dynamic-wrapper elementor-headline-text-wrapper\">\n\t\t\t\t\t<span class=\"elementor-headline-dynamic-text elementor-headline-text-active\">t\u00e9cnico<\/span>\n\t\t\t\t<\/span>\n\t\t\t\t<\/h3>\n\t\t\t\t<\/div>\n\t\t\t\t<\/div>\n\t\t\t\t<div class=\"elementor-element elementor-element-66e67ea elementor-widget elementor-widget-text-editor\" data-id=\"66e67ea\" data-element_type=\"widget\" data-widget_type=\"text-editor.default\">\n\t\t\t\t<div class=\"elementor-widget-container\">\n\t\t\t\t\t\t\t<p>N\u00f3s podemos usar os dados armazenados para te ajudar em a\u00e7\u00f5es que visam:<\/p><ul><li>Prover suporte t\u00e9cnico e operacional e garantir a seguran\u00e7a e a funcionalidade dos servi\u00e7os;<\/li><li>Prevenir atividades ilegais, fraudulentas ou suspeitas, que possam provocar danos ao \u00d3rg\u00e3o ou a terceiros;<\/li><li>Prevenir problemas t\u00e9cnicos ou de seguran\u00e7a.<\/li><\/ul>\t\t\t\t\t\t<\/div>\n\t\t\t\t<\/div>\n\t\t\t\t<div class=\"elementor-element elementor-element-983bb6c elementor-widget elementor-widget-spacer\" data-id=\"983bb6c\" data-element_type=\"widget\" data-widget_type=\"spacer.default\">\n\t\t\t\t<div class=\"elementor-widget-container\">\n\t\t\t\t\t<div class=\"elementor-spacer\">\n\t\t\t<div class=\"elementor-spacer-inner\"><\/div>\n\t\t<\/div>\n\t\t\t\t<\/div>\n\t\t\t\t<\/div>\n\t\t\t\t\t<\/div>\n\t\t\t\t<\/div>\n\t\t\t\t<\/div>\n\t\t","protected":false},"excerpt":{"rendered":"<p>Pol\u00edtica de Privacidade Ter seus dados pessoais bem cuidados \u00e9 um direito protegido pela Lei 13.709, conhecida como a Lei Geral de Prote\u00e7\u00e3o de Dados Pessoais (LGPD), e uma obriga\u00e7\u00e3o do MDHC com voc\u00ea. Atualmente, \u00e9 fato que dados pessoais s\u00e3o ativos e, como acontece com outros bens e direitos, precisam ser protegidos por quem [&hellip;]<\/p>\n","protected":false},"author":1,"featured_media":0,"parent":0,"menu_order":0,"comment_status":"closed","ping_status":"closed","template":"","meta":{"footnotes":""},"class_list":["post-3889","page","type-page","status-publish","hentry"],"_links":{"self":[{"href":"https:\/\/upgyn.com.br\/sistemas\/associacaotransparente\/wp-json\/wp\/v2\/pages\/3889","targetHints":{"allow":["GET"]}}],"collection":[{"href":"https:\/\/upgyn.com.br\/sistemas\/associacaotransparente\/wp-json\/wp\/v2\/pages"}],"about":[{"href":"https:\/\/upgyn.com.br\/sistemas\/associacaotransparente\/wp-json\/wp\/v2\/types\/page"}],"author":[{"embeddable":true,"href":"https:\/\/upgyn.com.br\/sistemas\/associacaotransparente\/wp-json\/wp\/v2\/users\/1"}],"replies":[{"embeddable":true,"href":"https:\/\/upgyn.com.br\/sistemas\/associacaotransparente\/wp-json\/wp\/v2\/comments?post=3889"}],"version-history":[{"count":22,"href":"https:\/\/upgyn.com.br\/sistemas\/associacaotransparente\/wp-json\/wp\/v2\/pages\/3889\/revisions"}],"predecessor-version":[{"id":3911,"href":"https:\/\/upgyn.com.br\/sistemas\/associacaotransparente\/wp-json\/wp\/v2\/pages\/3889\/revisions\/3911"}],"wp:attachment":[{"href":"https:\/\/upgyn.com.br\/sistemas\/associacaotransparente\/wp-json\/wp\/v2\/media?parent=3889"}],"curies":[{"name":"wp","href":"https:\/\/api.w.org\/{rel}","templated":true}]}}