{"id":3859,"date":"2025-01-04T12:37:13","date_gmt":"2025-01-04T12:37:13","guid":{"rendered":"https:\/\/taticacursos.com.br\/asstransparencia\/?page_id=3859"},"modified":"2025-01-04T12:53:10","modified_gmt":"2025-01-04T12:53:10","slug":"acesso-a-informacao","status":"publish","type":"page","link":"https:\/\/upgyn.com.br\/sistemas\/associacaotransparente\/acesso-a-informacao\/","title":{"rendered":"Acesso a Informa\u00e7\u00e3o"},"content":{"rendered":"\t\t<div data-elementor-type=\"wp-page\" data-elementor-id=\"3859\" class=\"elementor elementor-3859\" data-elementor-post-type=\"page\">\n\t\t\t\t<div class=\"elementor-element elementor-element-78e5b30 e-flex e-con-boxed e-con e-parent\" data-id=\"78e5b30\" data-element_type=\"container\">\n\t\t\t\t\t<div class=\"e-con-inner\">\n\t\t\t\t<div class=\"elementor-element elementor-element-c416b5c elementor-widget elementor-widget-heading\" data-id=\"c416b5c\" data-element_type=\"widget\" data-widget_type=\"heading.default\">\n\t\t\t\t<div class=\"elementor-widget-container\">\n\t\t\t<h2 class=\"elementor-heading-title elementor-size-default\">Acesso a Informa\u00e7\u00e3o<\/h2>\t\t<\/div>\n\t\t\t\t<\/div>\n\t\t\t\t<div class=\"elementor-element elementor-element-8402afc elementor-widget elementor-widget-image\" data-id=\"8402afc\" data-element_type=\"widget\" data-widget_type=\"image.default\">\n\t\t\t\t<div class=\"elementor-widget-container\">\n\t\t\t\t\t\t\t\t\t\t\t\t\t<img fetchpriority=\"high\" decoding=\"async\" width=\"1150\" height=\"394\" src=\"https:\/\/upgyn.com.br\/sistemas\/associacaotransparente\/wp-content\/uploads\/2025\/01\/acesso.jpeg\" class=\"attachment-full size-full wp-image-3861\" alt=\"\" srcset=\"https:\/\/upgyn.com.br\/sistemas\/associacaotransparente\/wp-content\/uploads\/2025\/01\/acesso.jpeg 1150w, https:\/\/upgyn.com.br\/sistemas\/associacaotransparente\/wp-content\/uploads\/2025\/01\/acesso-300x103.jpeg 300w, https:\/\/upgyn.com.br\/sistemas\/associacaotransparente\/wp-content\/uploads\/2025\/01\/acesso-1024x351.jpeg 1024w, https:\/\/upgyn.com.br\/sistemas\/associacaotransparente\/wp-content\/uploads\/2025\/01\/acesso-768x263.jpeg 768w, https:\/\/upgyn.com.br\/sistemas\/associacaotransparente\/wp-content\/uploads\/2025\/01\/acesso-24x8.jpeg 24w, https:\/\/upgyn.com.br\/sistemas\/associacaotransparente\/wp-content\/uploads\/2025\/01\/acesso-36x12.jpeg 36w, https:\/\/upgyn.com.br\/sistemas\/associacaotransparente\/wp-content\/uploads\/2025\/01\/acesso-48x16.jpeg 48w\" sizes=\"(max-width: 1150px) 100vw, 1150px\" \/>\t\t\t\t\t\t\t\t\t\t\t\t\t<\/div>\n\t\t\t\t<\/div>\n\t\t\t\t<div class=\"elementor-element elementor-element-163f148 elementor-headline--style-highlight elementor-widget elementor-widget-animated-headline\" data-id=\"163f148\" data-element_type=\"widget\" data-settings=\"{&quot;highlighted_text&quot;:&quot;procurando?&quot;,&quot;headline_style&quot;:&quot;highlight&quot;,&quot;marker&quot;:&quot;circle&quot;,&quot;loop&quot;:&quot;yes&quot;,&quot;highlight_animation_duration&quot;:1200,&quot;highlight_iteration_delay&quot;:8000}\" data-widget_type=\"animated-headline.default\">\n\t\t\t\t<div class=\"elementor-widget-container\">\n\t\t\t\t\t<h3 class=\"elementor-headline\">\n\t\t\t\t\t<span class=\"elementor-headline-plain-text elementor-headline-text-wrapper\">O que voc\u00ea est\u00e1<\/span>\n\t\t\t\t<span class=\"elementor-headline-dynamic-wrapper elementor-headline-text-wrapper\">\n\t\t\t\t\t<span class=\"elementor-headline-dynamic-text elementor-headline-text-active\">procurando?<\/span>\n\t\t\t\t<\/span>\n\t\t\t\t<\/h3>\n\t\t\t\t<\/div>\n\t\t\t\t<\/div>\n\t\t\t\t\t<\/div>\n\t\t\t\t<\/div>\n\t\t<div class=\"elementor-element elementor-element-eaddda7 e-flex e-con-boxed e-con e-parent\" data-id=\"eaddda7\" data-element_type=\"container\">\n\t\t\t\t\t<div class=\"e-con-inner\">\n\t\t<div class=\"elementor-element elementor-element-1ff8d24 e-con-full e-flex e-con e-child\" data-id=\"1ff8d24\" data-element_type=\"container\">\n\t\t\t\t<div class=\"elementor-element elementor-element-1669db3 elementor-position-top elementor-widget elementor-widget-image-box\" data-id=\"1669db3\" data-element_type=\"widget\" data-widget_type=\"image-box.default\">\n\t\t\t\t<div class=\"elementor-widget-container\">\n\t\t\t<div class=\"elementor-image-box-wrapper\"><figure class=\"elementor-image-box-img\"><img decoding=\"async\" width=\"180\" height=\"180\" src=\"https:\/\/upgyn.com.br\/sistemas\/associacaotransparente\/wp-content\/uploads\/2025\/01\/facaseupedido.png\" class=\"attachment-full size-full wp-image-3865\" alt=\"\" srcset=\"https:\/\/upgyn.com.br\/sistemas\/associacaotransparente\/wp-content\/uploads\/2025\/01\/facaseupedido.png 180w, https:\/\/upgyn.com.br\/sistemas\/associacaotransparente\/wp-content\/uploads\/2025\/01\/facaseupedido-150x150.png 150w, https:\/\/upgyn.com.br\/sistemas\/associacaotransparente\/wp-content\/uploads\/2025\/01\/facaseupedido-24x24.png 24w, https:\/\/upgyn.com.br\/sistemas\/associacaotransparente\/wp-content\/uploads\/2025\/01\/facaseupedido-36x36.png 36w, https:\/\/upgyn.com.br\/sistemas\/associacaotransparente\/wp-content\/uploads\/2025\/01\/facaseupedido-48x48.png 48w\" sizes=\"(max-width: 180px) 100vw, 180px\" \/><\/figure><div class=\"elementor-image-box-content\"><h3 class=\"elementor-image-box-title\">Fa\u00e7a seu pedido de acesso \u00e0 informa\u00e7\u00e3o aqui!<\/h3><\/div><\/div>\t\t<\/div>\n\t\t\t\t<\/div>\n\t\t\t\t<\/div>\n\t\t<div class=\"elementor-element elementor-element-2d52a2f e-con-full e-flex e-con e-child\" data-id=\"2d52a2f\" data-element_type=\"container\">\n\t\t\t\t<div class=\"elementor-element elementor-element-afd43fa elementor-position-top elementor-widget elementor-widget-image-box\" data-id=\"afd43fa\" data-element_type=\"widget\" data-widget_type=\"image-box.default\">\n\t\t\t\t<div class=\"elementor-widget-container\">\n\t\t\t<div class=\"elementor-image-box-wrapper\"><figure class=\"elementor-image-box-img\"><img decoding=\"async\" width=\"180\" height=\"180\" src=\"https:\/\/upgyn.com.br\/sistemas\/associacaotransparente\/wp-content\/uploads\/2025\/01\/pedidoserespostas.png\" class=\"attachment-full size-full wp-image-3866\" alt=\"\" srcset=\"https:\/\/upgyn.com.br\/sistemas\/associacaotransparente\/wp-content\/uploads\/2025\/01\/pedidoserespostas.png 180w, https:\/\/upgyn.com.br\/sistemas\/associacaotransparente\/wp-content\/uploads\/2025\/01\/pedidoserespostas-150x150.png 150w, https:\/\/upgyn.com.br\/sistemas\/associacaotransparente\/wp-content\/uploads\/2025\/01\/pedidoserespostas-24x24.png 24w, https:\/\/upgyn.com.br\/sistemas\/associacaotransparente\/wp-content\/uploads\/2025\/01\/pedidoserespostas-36x36.png 36w, https:\/\/upgyn.com.br\/sistemas\/associacaotransparente\/wp-content\/uploads\/2025\/01\/pedidoserespostas-48x48.png 48w\" sizes=\"(max-width: 180px) 100vw, 180px\" \/><\/figure><div class=\"elementor-image-box-content\"><h3 class=\"elementor-image-box-title\">Consulte pedidos de acesso j\u00e1 respondidos<\/h3><\/div><\/div>\t\t<\/div>\n\t\t\t\t<\/div>\n\t\t\t\t<\/div>\n\t\t<div class=\"elementor-element elementor-element-8823cd4 e-con-full e-flex e-con e-child\" data-id=\"8823cd4\" data-element_type=\"container\">\n\t\t\t\t<div class=\"elementor-element elementor-element-802bda1 elementor-position-top elementor-widget elementor-widget-image-box\" data-id=\"802bda1\" data-element_type=\"widget\" data-widget_type=\"image-box.default\">\n\t\t\t\t<div class=\"elementor-widget-container\">\n\t\t\t<div class=\"elementor-image-box-wrapper\"><figure class=\"elementor-image-box-img\"><img loading=\"lazy\" decoding=\"async\" width=\"180\" height=\"180\" src=\"https:\/\/upgyn.com.br\/sistemas\/associacaotransparente\/wp-content\/uploads\/2025\/01\/dinheiropublico.png\" class=\"attachment-full size-full wp-image-3867\" alt=\"\" srcset=\"https:\/\/upgyn.com.br\/sistemas\/associacaotransparente\/wp-content\/uploads\/2025\/01\/dinheiropublico.png 180w, https:\/\/upgyn.com.br\/sistemas\/associacaotransparente\/wp-content\/uploads\/2025\/01\/dinheiropublico-150x150.png 150w, https:\/\/upgyn.com.br\/sistemas\/associacaotransparente\/wp-content\/uploads\/2025\/01\/dinheiropublico-24x24.png 24w, https:\/\/upgyn.com.br\/sistemas\/associacaotransparente\/wp-content\/uploads\/2025\/01\/dinheiropublico-36x36.png 36w, https:\/\/upgyn.com.br\/sistemas\/associacaotransparente\/wp-content\/uploads\/2025\/01\/dinheiropublico-48x48.png 48w\" sizes=\"(max-width: 180px) 100vw, 180px\" \/><\/figure><div class=\"elementor-image-box-content\"><h3 class=\"elementor-image-box-title\">Acompanhe o uso de recursos no Portal da Transpar\u00eancia<\/h3><\/div><\/div>\t\t<\/div>\n\t\t\t\t<\/div>\n\t\t\t\t<\/div>\n\t\t<div class=\"elementor-element elementor-element-b7b27bc e-con-full e-flex e-con e-child\" data-id=\"b7b27bc\" data-element_type=\"container\">\n\t\t\t\t<div class=\"elementor-element elementor-element-7616271 elementor-position-top elementor-widget elementor-widget-image-box\" data-id=\"7616271\" data-element_type=\"widget\" data-widget_type=\"image-box.default\">\n\t\t\t\t<div class=\"elementor-widget-container\">\n\t\t\t<div class=\"elementor-image-box-wrapper\"><figure class=\"elementor-image-box-img\"><img loading=\"lazy\" decoding=\"async\" width=\"180\" height=\"180\" src=\"https:\/\/upgyn.com.br\/sistemas\/associacaotransparente\/wp-content\/uploads\/2025\/01\/dadospublicos.png\" class=\"attachment-full size-full wp-image-3868\" alt=\"\" srcset=\"https:\/\/upgyn.com.br\/sistemas\/associacaotransparente\/wp-content\/uploads\/2025\/01\/dadospublicos.png 180w, https:\/\/upgyn.com.br\/sistemas\/associacaotransparente\/wp-content\/uploads\/2025\/01\/dadospublicos-150x150.png 150w, https:\/\/upgyn.com.br\/sistemas\/associacaotransparente\/wp-content\/uploads\/2025\/01\/dadospublicos-24x24.png 24w, https:\/\/upgyn.com.br\/sistemas\/associacaotransparente\/wp-content\/uploads\/2025\/01\/dadospublicos-36x36.png 36w, https:\/\/upgyn.com.br\/sistemas\/associacaotransparente\/wp-content\/uploads\/2025\/01\/dadospublicos-48x48.png 48w\" sizes=\"(max-width: 180px) 100vw, 180px\" \/><\/figure><div class=\"elementor-image-box-content\"><h3 class=\"elementor-image-box-title\">Acesse os dados abertos por \u00f3rg\u00e3os p\u00fablicos<\/h3><\/div><\/div>\t\t<\/div>\n\t\t\t\t<\/div>\n\t\t\t\t<\/div>\n\t\t\t\t\t<\/div>\n\t\t\t\t<\/div>\n\t\t<div class=\"elementor-element elementor-element-ba15777 e-flex e-con-boxed e-con e-parent\" data-id=\"ba15777\" data-element_type=\"container\" data-settings=\"{&quot;background_background&quot;:&quot;classic&quot;}\">\n\t\t\t\t\t<div class=\"e-con-inner\">\n\t\t\t\t<div class=\"elementor-element elementor-element-130bacf elementor-widget elementor-widget-heading\" data-id=\"130bacf\" data-element_type=\"widget\" data-widget_type=\"heading.default\">\n\t\t\t\t<div class=\"elementor-widget-container\">\n\t\t\t<h2 class=\"elementor-heading-title elementor-size-default\">N\u00fameros da LAI da da Associa\u00e7\u00e3o Trindade Santa<\/h2>\t\t<\/div>\n\t\t\t\t<\/div>\n\t\t<div class=\"elementor-element elementor-element-699dcb7 e-con-full e-flex e-con e-child\" data-id=\"699dcb7\" data-element_type=\"container\">\n\t\t\t\t<div class=\"elementor-element elementor-element-34b666a elementor-widget__width-initial elementor-widget elementor-widget-counter\" data-id=\"34b666a\" data-element_type=\"widget\" data-widget_type=\"counter.default\">\n\t\t\t\t<div class=\"elementor-widget-container\">\n\t\t\t\t\t<div class=\"elementor-counter\">\n\t\t\t<div class=\"elementor-counter-title\">Pedidos enviados<\/div>\t\t\t<div class=\"elementor-counter-number-wrapper\">\n\t\t\t\t<span class=\"elementor-counter-number-prefix\"><\/span>\n\t\t\t\t<span class=\"elementor-counter-number\" data-duration=\"2000\" data-to-value=\"20\" data-from-value=\"0\" data-delimiter=\",\">0<\/span>\n\t\t\t\t<span class=\"elementor-counter-number-suffix\"><\/span>\n\t\t\t<\/div>\n\t\t<\/div>\n\t\t\t\t<\/div>\n\t\t\t\t<\/div>\n\t\t\t\t<div class=\"elementor-element elementor-element-1b864d0 elementor-widget__width-initial elementor-widget elementor-widget-counter\" data-id=\"1b864d0\" data-element_type=\"widget\" data-widget_type=\"counter.default\">\n\t\t\t\t<div class=\"elementor-widget-container\">\n\t\t\t\t\t<div class=\"elementor-counter\">\n\t\t\t<div class=\"elementor-counter-title\">Pedidos j\u00e1 respondidos<\/div>\t\t\t<div class=\"elementor-counter-number-wrapper\">\n\t\t\t\t<span class=\"elementor-counter-number-prefix\"><\/span>\n\t\t\t\t<span class=\"elementor-counter-number\" data-duration=\"2000\" data-to-value=\"15\" data-from-value=\"0\" data-delimiter=\",\">0<\/span>\n\t\t\t\t<span class=\"elementor-counter-number-suffix\"><\/span>\n\t\t\t<\/div>\n\t\t<\/div>\n\t\t\t\t<\/div>\n\t\t\t\t<\/div>\n\t\t\t\t<div class=\"elementor-element elementor-element-a3b8e90 elementor-widget__width-initial elementor-widget elementor-widget-counter\" data-id=\"a3b8e90\" data-element_type=\"widget\" data-widget_type=\"counter.default\">\n\t\t\t\t<div class=\"elementor-widget-container\">\n\t\t\t\t\t<div class=\"elementor-counter\">\n\t\t\t<div class=\"elementor-counter-title\">Tempo m\u00e9dio de resposta<\/div>\t\t\t<div class=\"elementor-counter-number-wrapper\">\n\t\t\t\t<span class=\"elementor-counter-number-prefix\"><\/span>\n\t\t\t\t<span class=\"elementor-counter-number\" data-duration=\"2000\" data-to-value=\"4\" data-from-value=\"0\" data-delimiter=\",\">0<\/span>\n\t\t\t\t<span class=\"elementor-counter-number-suffix\"><\/span>\n\t\t\t<\/div>\n\t\t<\/div>\n\t\t\t\t<\/div>\n\t\t\t\t<\/div>\n\t\t\t\t<\/div>\n\t\t\t\t\t<\/div>\n\t\t\t\t<\/div>\n\t\t<div class=\"elementor-element elementor-element-0b6c58e e-flex e-con-boxed e-con e-parent\" data-id=\"0b6c58e\" data-element_type=\"container\">\n\t\t\t\t\t<div class=\"e-con-inner\">\n\t\t\t\t<div class=\"elementor-element elementor-element-46c2e42 elementor-widget elementor-widget-spacer\" data-id=\"46c2e42\" data-element_type=\"widget\" data-widget_type=\"spacer.default\">\n\t\t\t\t<div class=\"elementor-widget-container\">\n\t\t\t\t\t<div class=\"elementor-spacer\">\n\t\t\t<div class=\"elementor-spacer-inner\"><\/div>\n\t\t<\/div>\n\t\t\t\t<\/div>\n\t\t\t\t<\/div>\n\t\t\t\t\t<\/div>\n\t\t\t\t<\/div>\n\t\t\t\t<\/div>\n\t\t","protected":false},"excerpt":{"rendered":"<p>Acesso a Informa\u00e7\u00e3o O que voc\u00ea est\u00e1 procurando? Fa\u00e7a seu pedido de acesso \u00e0 informa\u00e7\u00e3o aqui! Consulte pedidos de acesso j\u00e1 respondidos Acompanhe o uso de recursos no Portal da Transpar\u00eancia Acesse os dados abertos por \u00f3rg\u00e3os p\u00fablicos N\u00fameros da LAI da da Associa\u00e7\u00e3o Trindade Santa Pedidos enviados 0 Pedidos j\u00e1 respondidos 0 Tempo m\u00e9dio [&hellip;]<\/p>\n","protected":false},"author":1,"featured_media":0,"parent":0,"menu_order":0,"comment_status":"closed","ping_status":"closed","template":"","meta":{"footnotes":""},"class_list":["post-3859","page","type-page","status-publish","hentry"],"_links":{"self":[{"href":"https:\/\/upgyn.com.br\/sistemas\/associacaotransparente\/wp-json\/wp\/v2\/pages\/3859","targetHints":{"allow":["GET"]}}],"collection":[{"href":"https:\/\/upgyn.com.br\/sistemas\/associacaotransparente\/wp-json\/wp\/v2\/pages"}],"about":[{"href":"https:\/\/upgyn.com.br\/sistemas\/associacaotransparente\/wp-json\/wp\/v2\/types\/page"}],"author":[{"embeddable":true,"href":"https:\/\/upgyn.com.br\/sistemas\/associacaotransparente\/wp-json\/wp\/v2\/users\/1"}],"replies":[{"embeddable":true,"href":"https:\/\/upgyn.com.br\/sistemas\/associacaotransparente\/wp-json\/wp\/v2\/comments?post=3859"}],"version-history":[{"count":22,"href":"https:\/\/upgyn.com.br\/sistemas\/associacaotransparente\/wp-json\/wp\/v2\/pages\/3859\/revisions"}],"predecessor-version":[{"id":3887,"href":"https:\/\/upgyn.com.br\/sistemas\/associacaotransparente\/wp-json\/wp\/v2\/pages\/3859\/revisions\/3887"}],"wp:attachment":[{"href":"https:\/\/upgyn.com.br\/sistemas\/associacaotransparente\/wp-json\/wp\/v2\/media?parent=3859"}],"curies":[{"name":"wp","href":"https:\/\/api.w.org\/{rel}","templated":true}]}}