{"id":3844,"date":"2025-01-04T12:21:49","date_gmt":"2025-01-04T12:21:49","guid":{"rendered":"https:\/\/taticacursos.com.br\/asstransparencia\/?page_id=3844"},"modified":"2025-01-04T12:35:16","modified_gmt":"2025-01-04T12:35:16","slug":"acessibilidade","status":"publish","type":"page","link":"https:\/\/upgyn.com.br\/sistemas\/associacaotransparente\/acessibilidade\/","title":{"rendered":"Acessibilidade"},"content":{"rendered":"\t\t<div data-elementor-type=\"wp-page\" data-elementor-id=\"3844\" class=\"elementor elementor-3844\" data-elementor-post-type=\"page\">\n\t\t\t\t<div class=\"elementor-element elementor-element-78e5b30 e-flex e-con-boxed e-con e-parent\" data-id=\"78e5b30\" data-element_type=\"container\">\n\t\t\t\t\t<div class=\"e-con-inner\">\n\t\t\t\t<div class=\"elementor-element elementor-element-163f148 elementor-headline--style-highlight elementor-widget elementor-widget-animated-headline\" data-id=\"163f148\" data-element_type=\"widget\" data-settings=\"{&quot;highlighted_text&quot;:&quot;Digital&quot;,&quot;headline_style&quot;:&quot;highlight&quot;,&quot;marker&quot;:&quot;circle&quot;,&quot;loop&quot;:&quot;yes&quot;,&quot;highlight_animation_duration&quot;:1200,&quot;highlight_iteration_delay&quot;:8000}\" data-widget_type=\"animated-headline.default\">\n\t\t\t\t<div class=\"elementor-widget-container\">\n\t\t\t\t\t<h3 class=\"elementor-headline\">\n\t\t\t\t\t<span class=\"elementor-headline-plain-text elementor-headline-text-wrapper\">Acessibilidade<\/span>\n\t\t\t\t<span class=\"elementor-headline-dynamic-wrapper elementor-headline-text-wrapper\">\n\t\t\t\t\t<span class=\"elementor-headline-dynamic-text elementor-headline-text-active\">Digital<\/span>\n\t\t\t\t<\/span>\n\t\t\t\t<\/h3>\n\t\t\t\t<\/div>\n\t\t\t\t<\/div>\n\t\t\t\t\t<\/div>\n\t\t\t\t<\/div>\n\t\t<div class=\"elementor-element elementor-element-eaddda7 e-flex e-con-boxed e-con e-parent\" data-id=\"eaddda7\" data-element_type=\"container\">\n\t\t\t\t\t<div class=\"e-con-inner\">\n\t\t<div class=\"elementor-element elementor-element-1ff8d24 e-con-full e-flex e-con e-child\" data-id=\"1ff8d24\" data-element_type=\"container\">\n\t\t\t\t<div class=\"elementor-element elementor-element-3dba28b elementor-widget elementor-widget-icon-box\" data-id=\"3dba28b\" data-element_type=\"widget\" data-widget_type=\"icon-box.default\">\n\t\t\t\t<div class=\"elementor-widget-container\">\n\t\t\t\t\t<div class=\"elementor-icon-box-wrapper\">\n\n\t\t\t\n\t\t\t\t\t\t<div class=\"elementor-icon-box-content\">\n\n\t\t\t\t\t\t\t\t\t<h3 class=\"elementor-icon-box-title\">\n\t\t\t\t\t\t<span  >\n\t\t\t\t\t\t\tO que \u00e9\t\t\t\t\t\t<\/span>\n\t\t\t\t\t<\/h3>\n\t\t\t\t\n\t\t\t\t\t\t\t\t\t<p class=\"elementor-icon-box-description\">\n\t\t\t\t\t\tAcessibilidade Digital \u00e9 a elimina\u00e7\u00e3o de barreiras na Web. O conceito pressup\u00f5e que os sites e portais sejam projetados de modo que todas as pessoas possam perceber, entender, navegar e interagir de maneira efetiva com as p\u00e1ginas.\t\t\t\t\t<\/p>\n\t\t\t\t\n\t\t\t<\/div>\n\t\t\t\n\t\t<\/div>\n\t\t\t\t<\/div>\n\t\t\t\t<\/div>\n\t\t\t\t<\/div>\n\t\t<div class=\"elementor-element elementor-element-2d52a2f e-con-full e-flex e-con e-child\" data-id=\"2d52a2f\" data-element_type=\"container\">\n\t\t\t\t<div class=\"elementor-element elementor-element-42ea9c2 elementor-widget elementor-widget-icon-box\" data-id=\"42ea9c2\" data-element_type=\"widget\" data-widget_type=\"icon-box.default\">\n\t\t\t\t<div class=\"elementor-widget-container\">\n\t\t\t\t\t<div class=\"elementor-icon-box-wrapper\">\n\n\t\t\t\n\t\t\t\t\t\t<div class=\"elementor-icon-box-content\">\n\n\t\t\t\t\t\t\t\t\t<h3 class=\"elementor-icon-box-title\">\n\t\t\t\t\t\t<span  >\n\t\t\t\t\t\t\tObjetivos\t\t\t\t\t\t<\/span>\n\t\t\t\t\t<\/h3>\n\t\t\t\t\n\t\t\t\t\t\t\t\t\t<p class=\"elementor-icon-box-description\">\n\t\t\t\t\t\tDemocratizar o acesso e Garantir o entendimento e o controle da navega\u00e7\u00e3o dos usu\u00e1rios aos conte\u00fados e servi\u00e7os do governo, independentemente das suas capacidades f\u00edsico-motoras e perceptivas, culturais e sociais.\t\t\t\t\t<\/p>\n\t\t\t\t\n\t\t\t<\/div>\n\t\t\t\n\t\t<\/div>\n\t\t\t\t<\/div>\n\t\t\t\t<\/div>\n\t\t\t\t<\/div>\n\t\t<div class=\"elementor-element elementor-element-8823cd4 e-con-full e-flex e-con e-child\" data-id=\"8823cd4\" data-element_type=\"container\">\n\t\t\t\t<div class=\"elementor-element elementor-element-465b665 elementor-widget elementor-widget-icon-box\" data-id=\"465b665\" data-element_type=\"widget\" data-widget_type=\"icon-box.default\">\n\t\t\t\t<div class=\"elementor-widget-container\">\n\t\t\t\t\t<div class=\"elementor-icon-box-wrapper\">\n\n\t\t\t\n\t\t\t\t\t\t<div class=\"elementor-icon-box-content\">\n\n\t\t\t\t\t\t\t\t\t<h3 class=\"elementor-icon-box-title\">\n\t\t\t\t\t\t<span  >\n\t\t\t\t\t\t\tContexto\t\t\t\t\t\t<\/span>\n\t\t\t\t\t<\/h3>\n\t\t\t\t\n\t\t\t\t\t\t\t\t\t<p class=\"elementor-icon-box-description\">\n\t\t\t\t\t\tAs diversas barreiras encontradas nos s\u00edtios eletr\u00f4nicos atingem principalmente as pessoas com defici\u00eancia. Ao utilizarem a Web e seus recursos, as pessoas com defici\u00eancia ou outras limita\u00e7\u00f5es, deparam-se com obst\u00e1culos que dificultam e, muitas vezes, impossibilitam o acesso aos conte\u00fados e p\u00e1ginas.\t\t\t\t\t<\/p>\n\t\t\t\t\n\t\t\t<\/div>\n\t\t\t\n\t\t<\/div>\n\t\t\t\t<\/div>\n\t\t\t\t<\/div>\n\t\t\t\t<\/div>\n\t\t\t\t\t<\/div>\n\t\t\t\t<\/div>\n\t\t<div class=\"elementor-element elementor-element-ba15777 e-flex e-con-boxed e-con e-parent\" data-id=\"ba15777\" data-element_type=\"container\">\n\t\t\t\t\t<div class=\"e-con-inner\">\n\t\t\t\t<div class=\"elementor-element elementor-element-130bacf elementor-widget elementor-widget-heading\" data-id=\"130bacf\" data-element_type=\"widget\" data-widget_type=\"heading.default\">\n\t\t\t\t<div class=\"elementor-widget-container\">\n\t\t\t<h2 class=\"elementor-heading-title elementor-size-default\">Quais as vantagens e os benef\u00edcios da acessibilidade digital?\n<\/h2>\t\t<\/div>\n\t\t\t\t<\/div>\n\t\t\t\t<div class=\"elementor-element elementor-element-e374a0a elementor-widget elementor-widget-text-editor\" data-id=\"e374a0a\" data-element_type=\"widget\" data-widget_type=\"text-editor.default\">\n\t\t\t\t<div class=\"elementor-widget-container\">\n\t\t\t\t\t\t\t<h3>Acesso \u00e9 para todos<\/h3><p>A implementa\u00e7\u00e3o da acessibilidade digital\u00a0<strong>democratiza o acesso<\/strong>, garantindo o entendimento e o controle da navega\u00e7\u00e3o dos usu\u00e1rios aos conte\u00fados e servi\u00e7os do governo, independentemente das suas capacidades f\u00edsico-motoras e perceptivas, culturais e sociais.<\/p><h3>Inclus\u00e3o digital e social<\/h3><p>O computador e a Internet representam um\u00a0<strong>enorme passo para a inclus\u00e3o de pessoas<\/strong>, em especial aquelas com defici\u00eancia, que podem estudar, trabalhar, fazer compras, pagar contas, compartilhar experi\u00eancias e conhecimento, sem necessidade de deslocamento.<\/p><h3>Aumenta o acesso ao seu site<\/h3><p>P\u00e1ginas acess\u00edveis\u00a0<strong>s\u00e3o mais facilmente indexadas por mecanismos de busca<\/strong>, s\u00e3o compat\u00edveis com uma maior variedade de aplicativos, al\u00e9m de serem\u00a0<strong>mais f\u00e1ceis e r\u00e1pidas para navegar<\/strong>, beneficiando, assim, a todas as pessoas, incluindo pessoas idosas, sem habilidade para usar a internet, que utilizam dispositivos m\u00f3veis etc.<\/p>\t\t\t\t\t\t<\/div>\n\t\t\t\t<\/div>\n\t\t\t\t\t<\/div>\n\t\t\t\t<\/div>\n\t\t\t\t<\/div>\n\t\t","protected":false},"excerpt":{"rendered":"<p>Acessibilidade Digital O que \u00e9 Acessibilidade Digital \u00e9 a elimina\u00e7\u00e3o de barreiras na Web. O conceito pressup\u00f5e que os sites e portais sejam projetados de modo que todas as pessoas possam perceber, entender, navegar e interagir de maneira efetiva com as p\u00e1ginas. Objetivos Democratizar o acesso e Garantir o entendimento e o controle da navega\u00e7\u00e3o [&hellip;]<\/p>\n","protected":false},"author":1,"featured_media":0,"parent":0,"menu_order":0,"comment_status":"closed","ping_status":"closed","template":"","meta":{"footnotes":""},"class_list":["post-3844","page","type-page","status-publish","hentry"],"_links":{"self":[{"href":"https:\/\/upgyn.com.br\/sistemas\/associacaotransparente\/wp-json\/wp\/v2\/pages\/3844","targetHints":{"allow":["GET"]}}],"collection":[{"href":"https:\/\/upgyn.com.br\/sistemas\/associacaotransparente\/wp-json\/wp\/v2\/pages"}],"about":[{"href":"https:\/\/upgyn.com.br\/sistemas\/associacaotransparente\/wp-json\/wp\/v2\/types\/page"}],"author":[{"embeddable":true,"href":"https:\/\/upgyn.com.br\/sistemas\/associacaotransparente\/wp-json\/wp\/v2\/users\/1"}],"replies":[{"embeddable":true,"href":"https:\/\/upgyn.com.br\/sistemas\/associacaotransparente\/wp-json\/wp\/v2\/comments?post=3844"}],"version-history":[{"count":13,"href":"https:\/\/upgyn.com.br\/sistemas\/associacaotransparente\/wp-json\/wp\/v2\/pages\/3844\/revisions"}],"predecessor-version":[{"id":3857,"href":"https:\/\/upgyn.com.br\/sistemas\/associacaotransparente\/wp-json\/wp\/v2\/pages\/3844\/revisions\/3857"}],"wp:attachment":[{"href":"https:\/\/upgyn.com.br\/sistemas\/associacaotransparente\/wp-json\/wp\/v2\/media?parent=3844"}],"curies":[{"name":"wp","href":"https:\/\/api.w.org\/{rel}","templated":true}]}}