{"id":3771,"date":"2025-01-03T20:02:13","date_gmt":"2025-01-03T20:02:13","guid":{"rendered":"https:\/\/taticacursos.com.br\/asstransparencia\/?page_id=3771"},"modified":"2025-01-06T18:22:26","modified_gmt":"2025-01-06T18:22:26","slug":"relatoriosgestaofiscal","status":"publish","type":"page","link":"https:\/\/upgyn.com.br\/sistemas\/associacaotransparente\/relatoriosgestaofiscal\/","title":{"rendered":"Relat\u00f3rios de Gest\u00e3o Fiscal"},"content":{"rendered":"\t\t<div data-elementor-type=\"wp-page\" data-elementor-id=\"3771\" class=\"elementor elementor-3771\" data-elementor-post-type=\"page\">\n\t\t\t\t<div class=\"elementor-element elementor-element-0a74fc9 e-flex e-con-boxed e-con e-parent\" data-id=\"0a74fc9\" data-element_type=\"container\">\n\t\t\t\t\t<div class=\"e-con-inner\">\n\t\t<div class=\"elementor-element elementor-element-8b93767 e-con-full e-flex e-con e-child\" data-id=\"8b93767\" data-element_type=\"container\">\n\t\t\t\t<div class=\"elementor-element elementor-element-eb1758b elementor-icon-list--layout-traditional elementor-list-item-link-full_width elementor-widget elementor-widget-icon-list\" data-id=\"eb1758b\" data-element_type=\"widget\" data-widget_type=\"icon-list.default\">\n\t\t\t\t<div class=\"elementor-widget-container\">\n\t\t\t\t\t<ul class=\"elementor-icon-list-items\">\n\t\t\t\t\t\t\t<li class=\"elementor-icon-list-item\">\n\t\t\t\t\t\t\t\t\t\t\t<span class=\"elementor-icon-list-icon\">\n\t\t\t\t\t\t\t<i aria-hidden=\"true\" class=\"far fa-arrow-alt-circle-right\"><\/i>\t\t\t\t\t\t<\/span>\n\t\t\t\t\t\t\t\t\t\t<span class=\"elementor-icon-list-text\">Relat\u00f3rios de Gest\u00e3o Fiscal<\/span>\n\t\t\t\t\t\t\t\t\t<\/li>\n\t\t\t\t\t\t<\/ul>\n\t\t\t\t<\/div>\n\t\t\t\t<\/div>\n\t\t\t\t<div class=\"elementor-element elementor-element-a52c1b5 elementor-icon-list--layout-traditional elementor-list-item-link-full_width elementor-widget elementor-widget-icon-list\" data-id=\"a52c1b5\" data-element_type=\"widget\" data-widget_type=\"icon-list.default\">\n\t\t\t\t<div class=\"elementor-widget-container\">\n\t\t\t\t\t<ul class=\"elementor-icon-list-items\">\n\t\t\t\t\t\t\t<li class=\"elementor-icon-list-item\">\n\t\t\t\t\t\t\t\t\t\t<span class=\"elementor-icon-list-text\">Campos de Pesquisa<\/span>\n\t\t\t\t\t\t\t\t\t<\/li>\n\t\t\t\t\t\t<\/ul>\n\t\t\t\t<\/div>\n\t\t\t\t<\/div>\n\t\t<div class=\"elementor-element elementor-element-b6eac05 e-con-full e-flex e-con e-child\" data-id=\"b6eac05\" data-element_type=\"container\">\n\t\t\t\t<div class=\"elementor-element elementor-element-34b47fe elementor-widget__width-initial elementor-widget elementor-widget-jet-smart-filters-search\" data-id=\"34b47fe\" data-element_type=\"widget\" data-widget_type=\"jet-smart-filters-search.default\">\n\t\t\t\t<div class=\"elementor-widget-container\">\n\t\t\t<div class=\"jet-smart-filters-search jet-filter\"><div class=\"jet-search-filter\" data-query-type=\"_s\" data-query-var=\"query\" data-smart-filter=\"search\" data-filter-id=\"41\" data-apply-type=\"ajax-ontyping\" data-content-provider=\"jet-data-table\" data-additional-providers=\"\" data-query-id=\"default\" data-active-label=\"Pesquisar por N\u00famero ou tipo do Documento\" data-layout-options=\"{&quot;show_label&quot;:&quot;&quot;,&quot;display_options&quot;:[]}\" data-query-var-suffix=\"search\" data-min-letters-count=\"3\">\n\t<div class=\"jet-search-filter__input-wrapper\">\n\t\t<input\n\t\t\tclass=\"jet-search-filter__input\"\n\t\t\ttype=\"search\"\n\t\t\tautocomplete=\"off\"\n\t\t\tname=\"query\"\n\t\t\tvalue=\"\"\n\t\t\tplaceholder=\"Pesquisar...\"\n\t\t\taria-label=\"Pesquisar por N\u00famero ou tipo do Documento\"\n\t\t\t\t\t>\n\t\t\t\t\t<div class=\"jet-search-filter__input-clear\">\n\t\t\t\t<svg width=\"22\" height=\"28\" viewBox=\"0 0 22 28\" xmlns=\"http:\/\/www.w3.org\/2000\/svg\">\n\t<path d=\"M20.281 20.656c0 0.391-0.156 0.781-0.438 1.062l-2.125 2.125c-0.281 0.281-0.672 0.438-1.062 0.438s-0.781-0.156-1.062-0.438l-4.594-4.594-4.594 4.594c-0.281 0.281-0.672 0.438-1.062 0.438s-0.781-0.156-1.062-0.438l-2.125-2.125c-0.281-0.281-0.438-0.672-0.438-1.062s0.156-0.781 0.438-1.062l4.594-4.594-4.594-4.594c-0.281-0.281-0.438-0.672-0.438-1.062s0.156-0.781 0.438-1.062l2.125-2.125c0.281-0.281 0.672-0.438 1.062-0.438s0.781 0.156 1.062 0.438l4.594 4.594 4.594-4.594c0.281-0.281 0.672-0.438 1.062-0.438s0.781 0.156 1.062 0.438l2.125 2.125c0.281 0.281 0.438 0.672 0.438 1.062s-0.156 0.781-0.438 1.062l-4.594 4.594 4.594 4.594c0.281 0.281 0.438 0.672 0.438 1.062z\"><\/path>\n<\/svg>\n\t\t\t<\/div>\n\t\t\t<div class=\"jet-search-filter__input-loading\"><\/div>\n\t\t\t<\/div>\n\t<\/div>\n<\/div>\t\t<\/div>\n\t\t\t\t<\/div>\n\t\t\t\t<div class=\"elementor-element elementor-element-36bf3ff elementor-widget__width-initial jet-smart-filter-content-position-column jet-smart-filter-group-position-column elementor-widget elementor-widget-jet-smart-filters-select\" data-id=\"36bf3ff\" data-element_type=\"widget\" data-widget_type=\"jet-smart-filters-select.default\">\n\t\t\t\t<div class=\"elementor-widget-container\">\n\t\t\t<div class=\"jet-smart-filters-select jet-filter \" data-indexer-rule=\"show\" data-show-counter=\"\" data-change-counter=\"always\"><div class=\"jet-select\" data-query-type=\"meta_query\" data-query-var=\"periodicidade\" data-smart-filter=\"select\" data-filter-id=\"4430\" data-apply-type=\"ajax\" data-content-provider=\"jet-data-table\" data-additional-providers=\"\" data-query-id=\"default\" data-active-label=\"\" data-layout-options=\"{&quot;show_label&quot;:&quot;&quot;,&quot;display_options&quot;:{&quot;show_items_label&quot;:false,&quot;show_decorator&quot;:false,&quot;filter_image_size&quot;:&quot;full&quot;,&quot;show_counter&quot;:false}}\" data-query-var-suffix=\"\" data-apply-on=\"value\">\n\t\t\t\t<select\n\t\t\tclass=\"jet-select__control\"\n\t\t\tname=\"periodicidade\"\n\t\t\t\t\t\taria-label=\"Per\u00edodo Rel Gest\u00e3o Fiscal\"\n\t\t>\n\t\t\n\t\t\t\t\t<option\n\t\t\t\tvalue=\"\"\n\t\t\t\tdata-label=\"Selecione o Per\u00edodo\"\n\t\t\t\tdata-counter-prefix=\"\"\n\t\t\t\tdata-counter-suffix=\"\"\n\t\t\t\t\t\t\t>Selecione o Per\u00edodo<\/option>\n\t\t\t\t\t\t<option\n\t\t\t\tvalue=\"Mensal\"\n\t\t\t\tdata-label=\"Mensal\"\n\t\t\t\tdata-counter-prefix=\"\"\n\t\t\t\tdata-counter-suffix=\"\"\n\t\t\t\t\t\t\t>Mensal<\/option>\n\t\t\t\t\t\t<option\n\t\t\t\tvalue=\"1\u00ba Quadrimestral\"\n\t\t\t\tdata-label=\"1\u00ba Quadrimestral\"\n\t\t\t\tdata-counter-prefix=\"\"\n\t\t\t\tdata-counter-suffix=\"\"\n\t\t\t\t\t\t\t>1\u00ba Quadrimestral<\/option>\n\t\t\t<\/select>\n\t<\/div>\n<\/div>\t\t<\/div>\n\t\t\t\t<\/div>\n\t\t\t\t<div class=\"elementor-element elementor-element-ae0c159 elementor-widget__width-initial jet-smart-filter-content-position-column jet-smart-filter-group-position-column elementor-widget elementor-widget-jet-smart-filters-select\" data-id=\"ae0c159\" data-element_type=\"widget\" data-widget_type=\"jet-smart-filters-select.default\">\n\t\t\t\t<div class=\"elementor-widget-container\">\n\t\t\t<div class=\"jet-smart-filters-select jet-filter \" data-indexer-rule=\"show\" data-show-counter=\"\" data-change-counter=\"always\"><div class=\"jet-select\" data-query-type=\"meta_query\" data-query-var=\"ano\" data-smart-filter=\"select\" data-filter-id=\"4435\" data-apply-type=\"ajax\" data-content-provider=\"jet-data-table\" data-additional-providers=\"\" data-query-id=\"default\" data-active-label=\"\" data-layout-options=\"{&quot;show_label&quot;:&quot;&quot;,&quot;display_options&quot;:{&quot;show_items_label&quot;:false,&quot;show_decorator&quot;:false,&quot;filter_image_size&quot;:&quot;full&quot;,&quot;show_counter&quot;:false}}\" data-query-var-suffix=\"\" data-apply-on=\"value\">\n\t\t\t\t<select\n\t\t\tclass=\"jet-select__control\"\n\t\t\tname=\"ano\"\n\t\t\t\t\t\taria-label=\"Ano Gest\u00e3o Fiscal\"\n\t\t>\n\t\t\n\t\t\t\t\t<option\n\t\t\t\tvalue=\"\"\n\t\t\t\tdata-label=\"Selecione o Ano\"\n\t\t\t\tdata-counter-prefix=\"\"\n\t\t\t\tdata-counter-suffix=\"\"\n\t\t\t\t\t\t\t>Selecione o Ano<\/option>\n\t\t\t\t\t\t<option\n\t\t\t\tvalue=\"2025\"\n\t\t\t\tdata-label=\"2025\"\n\t\t\t\tdata-counter-prefix=\"\"\n\t\t\t\tdata-counter-suffix=\"\"\n\t\t\t\t\t\t\t>2025<\/option>\n\t\t\t\t\t\t<option\n\t\t\t\tvalue=\"2024\"\n\t\t\t\tdata-label=\"2024\"\n\t\t\t\tdata-counter-prefix=\"\"\n\t\t\t\tdata-counter-suffix=\"\"\n\t\t\t\t\t\t\t>2024<\/option>\n\t\t\t<\/select>\n\t<\/div>\n<\/div>\t\t<\/div>\n\t\t\t\t<\/div>\n\t\t\t\t<\/div>\n\t\t\t\t<div class=\"elementor-element elementor-element-20c8a34 elementor-widget__width-initial elementor-widget elementor-widget-jet-dynamic-table\" data-id=\"20c8a34\" data-element_type=\"widget\" data-widget_type=\"jet-dynamic-table.default\">\n\t\t\t\t<div class=\"elementor-widget-container\">\n\t\t\t<style><\/style><div class=\"jet-dynamic-table-wrapper\"><table class=\"jet-dynamic-table\" data-table-id=\"69\" data-query-id=\"68\"><thead class=\"jet-dynamic-table__header\"><tr class=\"jet-dynamic-table__row jet-dynamic-table__row--header\" ><th class=\"jet-dynamic-table__col jet-dynamic-table__col--perodicidade\" >Per\u00edodicidade<\/th><th class=\"jet-dynamic-table__col jet-dynamic-table__col--ano\" >Ano<\/th><th class=\"jet-dynamic-table__col jet-dynamic-table__col--datadapublicao\" >Data da Publica\u00e7\u00e3o<\/th><th class=\"jet-dynamic-table__col jet-dynamic-table__col--relatrio\" >Relat\u00f3rio<\/th><th class=\"jet-dynamic-table__col jet-dynamic-table__col--download\" >Download<\/th><\/tr><\/thead><tbody class=\"jet-dynamic-table__body\"><tr class=\"jet-dynamic-table__row jet-dynamic-table__row--header\" data-item-object=\"4434\"><td class=\"jet-dynamic-table__col jet-dynamic-table__col--perodicidade\" >Mensal<\/td><td class=\"jet-dynamic-table__col jet-dynamic-table__col--ano\" >2025<\/td><td class=\"jet-dynamic-table__col jet-dynamic-table__col--datadapublicao\" >06\/01\/2025<\/td><td class=\"jet-dynamic-table__col jet-dynamic-table__col--relatrio\" >O Relat\u00f3rio de Gest\u00e3o Fiscal (RGF) \u00e9 um dos instrumentos de Transpar\u00eancia da Gest\u00e3o Fiscal criados pela Lei de Responsabilidade Fiscal (LRF). Especificamente, o RGF objetiva o controle, o monitoramento e a publicidade do cumprimento, por parte dos entes federativos, dos limites estabelecidos pela LRF: Despesas com Pessoal, D\u00edvida<\/td><td class=\"jet-dynamic-table__col jet-dynamic-table__col--download\" ><a href=\"https:\/\/upgyn.com.br\/asstransparente\/wp-content\/uploads\/2025\/01\/dadospublicos.png\">https:\/\/upgyn.com.br\/asstransparente\/wp-content\/uploads\/2025\/01\/dadospublicos.png<\/a><\/td><\/tr><tr class=\"jet-dynamic-table__row jet-dynamic-table__row--header\" data-item-object=\"3560\"><td class=\"jet-dynamic-table__col jet-dynamic-table__col--perodicidade\" >1\u00ba Quadrimestral<\/td><td class=\"jet-dynamic-table__col jet-dynamic-table__col--ano\" >2024<\/td><td class=\"jet-dynamic-table__col jet-dynamic-table__col--datadapublicao\" >04\/12\/2024<\/td><td class=\"jet-dynamic-table__col jet-dynamic-table__col--relatrio\" >O Relat\u00f3rio de Gest\u00e3o Fiscal (RGF) \u00e9 um dos instrumentos de Transpar\u00eancia da Gest\u00e3o Fiscal criados pela Lei de Responsabilidade Fiscal (LRF). Especificamente, o RGF objetiva o controle, o monitoramento e a publicidade do cumprimento, por parte dos entes federativos, dos limites estabelecidos pela LRF: Despesas com Pessoal, D\u00edvida Consolidada L\u00edquida, Concess\u00e3o de Garantias e Contrata\u00e7\u00e3o de Opera\u00e7\u00f5es de Cr\u00e9dito. Todos esses limites s\u00e3o definidos em percentuais da Receita Corrente L\u00edquida (RCL), que \u00e9 apurada em demonstrativo pr\u00f3prio elaborado e publicado pela Secretaria do Tesouro Nacional (STN). <\/td><td class=\"jet-dynamic-table__col jet-dynamic-table__col--download\" ><a href=\"https:\/\/upgyn.com.br\/asstransparente\/wp-content\/uploads\/2024\/12\/000111.pdf\">https:\/\/upgyn.com.br\/asstransparente\/wp-content\/uploads\/2024\/12\/000111.pdf<\/a><\/td><\/tr><\/tbody><\/table><\/div>\t\t<\/div>\n\t\t\t\t<\/div>\n\t\t\t\t<div class=\"elementor-element elementor-element-8c018f0 elementor-widget elementor-widget-jet-smart-filters-pagination\" data-id=\"8c018f0\" data-element_type=\"widget\" data-widget_type=\"jet-smart-filters-pagination.default\">\n\t\t\t\t<div class=\"elementor-widget-container\">\n\t\t\t<div\n\t\t\t\tclass=\"jet-smart-filters-pagination jet-filter\"\n\t\t\t\tdata-apply-provider=\"jet-data-table\"\n\t\t\t\tdata-content-provider=\"jet-data-table\"\n\t\t\t\tdata-query-id=\"default\"\n\t\t\t\tdata-controls=\"{&quot;items_enabled&quot;:true,&quot;pages_mid_size&quot;:4,&quot;pages_end_size&quot;:0,&quot;nav_enabled&quot;:true,&quot;prev&quot;:&quot;Anterior&quot;,&quot;next&quot;:&quot;Pr\\u00f3xima&quot;,&quot;hide_inactive_nav&quot;:false,&quot;load_more_enabled&quot;:false}\"\n\t\t\t\tdata-apply-type=\"ajax\"\n\t\t\t><\/div>\t\t<\/div>\n\t\t\t\t<\/div>\n\t\t\t\t<\/div>\n\t\t\t\t\t<\/div>\n\t\t\t\t<\/div>\n\t\t\t\t<\/div>\n\t\t","protected":false},"excerpt":{"rendered":"<p>Relat\u00f3rios de Gest\u00e3o Fiscal Campos de Pesquisa Selecione o Per\u00edodoMensal1\u00ba Quadrimestral Selecione o Ano20252024 Per\u00edodicidade Ano Data da Publica\u00e7\u00e3o Relat\u00f3rio Download Mensal 2025 06\/01\/2025 O Relat\u00f3rio de Gest\u00e3o Fiscal (RGF) \u00e9 um dos instrumentos de Transpar\u00eancia da Gest\u00e3o Fiscal criados pela Lei de Responsabilidade Fiscal (LRF). Especificamente, o RGF objetiva o controle, o monitoramento e [&hellip;]<\/p>\n","protected":false},"author":1,"featured_media":0,"parent":0,"menu_order":0,"comment_status":"closed","ping_status":"closed","template":"elementor_header_footer","meta":{"footnotes":""},"class_list":["post-3771","page","type-page","status-publish","hentry"],"_links":{"self":[{"href":"https:\/\/upgyn.com.br\/sistemas\/associacaotransparente\/wp-json\/wp\/v2\/pages\/3771","targetHints":{"allow":["GET"]}}],"collection":[{"href":"https:\/\/upgyn.com.br\/sistemas\/associacaotransparente\/wp-json\/wp\/v2\/pages"}],"about":[{"href":"https:\/\/upgyn.com.br\/sistemas\/associacaotransparente\/wp-json\/wp\/v2\/types\/page"}],"author":[{"embeddable":true,"href":"https:\/\/upgyn.com.br\/sistemas\/associacaotransparente\/wp-json\/wp\/v2\/users\/1"}],"replies":[{"embeddable":true,"href":"https:\/\/upgyn.com.br\/sistemas\/associacaotransparente\/wp-json\/wp\/v2\/comments?post=3771"}],"version-history":[{"count":16,"href":"https:\/\/upgyn.com.br\/sistemas\/associacaotransparente\/wp-json\/wp\/v2\/pages\/3771\/revisions"}],"predecessor-version":[{"id":4441,"href":"https:\/\/upgyn.com.br\/sistemas\/associacaotransparente\/wp-json\/wp\/v2\/pages\/3771\/revisions\/4441"}],"wp:attachment":[{"href":"https:\/\/upgyn.com.br\/sistemas\/associacaotransparente\/wp-json\/wp\/v2\/media?parent=3771"}],"curies":[{"name":"wp","href":"https:\/\/api.w.org\/{rel}","templated":true}]}}