{"id":3766,"date":"2025-01-03T20:00:13","date_gmt":"2025-01-03T20:00:13","guid":{"rendered":"https:\/\/taticacursos.com.br\/asstransparencia\/?page_id=3766"},"modified":"2025-01-06T15:48:28","modified_gmt":"2025-01-06T15:48:28","slug":"relatorios-de-empenhos","status":"publish","type":"page","link":"https:\/\/upgyn.com.br\/sistemas\/associacaotransparente\/relatorios-de-empenhos\/","title":{"rendered":"Relat\u00f3rios de Empenhos"},"content":{"rendered":"\t\t<div data-elementor-type=\"wp-page\" data-elementor-id=\"3766\" class=\"elementor elementor-3766\" data-elementor-post-type=\"page\">\n\t\t\t\t<div class=\"elementor-element elementor-element-0a74fc9 e-flex e-con-boxed e-con e-parent\" data-id=\"0a74fc9\" data-element_type=\"container\">\n\t\t\t\t\t<div class=\"e-con-inner\">\n\t\t<div class=\"elementor-element elementor-element-8b93767 e-con-full e-flex e-con e-child\" data-id=\"8b93767\" data-element_type=\"container\">\n\t\t\t\t<div class=\"elementor-element elementor-element-eb1758b elementor-icon-list--layout-traditional elementor-list-item-link-full_width elementor-widget elementor-widget-icon-list\" data-id=\"eb1758b\" data-element_type=\"widget\" data-widget_type=\"icon-list.default\">\n\t\t\t\t<div class=\"elementor-widget-container\">\n\t\t\t\t\t<ul class=\"elementor-icon-list-items\">\n\t\t\t\t\t\t\t<li class=\"elementor-icon-list-item\">\n\t\t\t\t\t\t\t\t\t\t\t<span class=\"elementor-icon-list-icon\">\n\t\t\t\t\t\t\t<i aria-hidden=\"true\" class=\"far fa-arrow-alt-circle-right\"><\/i>\t\t\t\t\t\t<\/span>\n\t\t\t\t\t\t\t\t\t\t<span class=\"elementor-icon-list-text\">Relat\u00f3rios de Empenhos<\/span>\n\t\t\t\t\t\t\t\t\t<\/li>\n\t\t\t\t\t\t<\/ul>\n\t\t\t\t<\/div>\n\t\t\t\t<\/div>\n\t\t\t\t<div class=\"elementor-element elementor-element-a52c1b5 elementor-icon-list--layout-traditional elementor-list-item-link-full_width elementor-widget elementor-widget-icon-list\" data-id=\"a52c1b5\" data-element_type=\"widget\" data-widget_type=\"icon-list.default\">\n\t\t\t\t<div class=\"elementor-widget-container\">\n\t\t\t\t\t<ul class=\"elementor-icon-list-items\">\n\t\t\t\t\t\t\t<li class=\"elementor-icon-list-item\">\n\t\t\t\t\t\t\t\t\t\t<span class=\"elementor-icon-list-text\">Campos de Pesquisa<\/span>\n\t\t\t\t\t\t\t\t\t<\/li>\n\t\t\t\t\t\t<\/ul>\n\t\t\t\t<\/div>\n\t\t\t\t<\/div>\n\t\t<div class=\"elementor-element elementor-element-3f0253b e-con-full e-flex e-con e-child\" data-id=\"3f0253b\" data-element_type=\"container\">\n\t\t\t\t<div class=\"elementor-element elementor-element-775a241 elementor-widget__width-initial elementor-widget elementor-widget-jet-smart-filters-search\" data-id=\"775a241\" data-element_type=\"widget\" data-widget_type=\"jet-smart-filters-search.default\">\n\t\t\t\t<div class=\"elementor-widget-container\">\n\t\t\t<div class=\"jet-smart-filters-search jet-filter\"><div class=\"jet-search-filter\" data-query-type=\"_s\" data-query-var=\"query\" data-smart-filter=\"search\" data-filter-id=\"41\" data-apply-type=\"ajax-ontyping\" data-content-provider=\"jet-data-table\" data-additional-providers=\"\" data-query-id=\"default\" data-active-label=\"Pesquisar por N\u00famero ou tipo do Documento\" data-layout-options=\"{&quot;show_label&quot;:&quot;&quot;,&quot;display_options&quot;:[]}\" data-query-var-suffix=\"search\" data-min-letters-count=\"3\">\n\t<div class=\"jet-search-filter__input-wrapper\">\n\t\t<input\n\t\t\tclass=\"jet-search-filter__input\"\n\t\t\ttype=\"search\"\n\t\t\tautocomplete=\"off\"\n\t\t\tname=\"query\"\n\t\t\tvalue=\"\"\n\t\t\tplaceholder=\"Pesquisar...\"\n\t\t\taria-label=\"Pesquisar por N\u00famero ou tipo do Documento\"\n\t\t\t\t\t>\n\t\t\t\t\t<div class=\"jet-search-filter__input-clear\">\n\t\t\t\t<svg width=\"22\" height=\"28\" viewBox=\"0 0 22 28\" xmlns=\"http:\/\/www.w3.org\/2000\/svg\">\n\t<path d=\"M20.281 20.656c0 0.391-0.156 0.781-0.438 1.062l-2.125 2.125c-0.281 0.281-0.672 0.438-1.062 0.438s-0.781-0.156-1.062-0.438l-4.594-4.594-4.594 4.594c-0.281 0.281-0.672 0.438-1.062 0.438s-0.781-0.156-1.062-0.438l-2.125-2.125c-0.281-0.281-0.438-0.672-0.438-1.062s0.156-0.781 0.438-1.062l4.594-4.594-4.594-4.594c-0.281-0.281-0.438-0.672-0.438-1.062s0.156-0.781 0.438-1.062l2.125-2.125c0.281-0.281 0.672-0.438 1.062-0.438s0.781 0.156 1.062 0.438l4.594 4.594 4.594-4.594c0.281-0.281 0.672-0.438 1.062-0.438s0.781 0.156 1.062 0.438l2.125 2.125c0.281 0.281 0.438 0.672 0.438 1.062s-0.156 0.781-0.438 1.062l-4.594 4.594 4.594 4.594c0.281 0.281 0.438 0.672 0.438 1.062z\"><\/path>\n<\/svg>\n\t\t\t<\/div>\n\t\t\t<div class=\"jet-search-filter__input-loading\"><\/div>\n\t\t\t<\/div>\n\t<\/div>\n<\/div>\t\t<\/div>\n\t\t\t\t<\/div>\n\t\t\t\t<div class=\"elementor-element elementor-element-f87f033 elementor-widget__width-initial jet-smart-filter-content-position-column jet-smart-filter-group-position-column elementor-widget elementor-widget-jet-smart-filters-select\" data-id=\"f87f033\" data-element_type=\"widget\" data-widget_type=\"jet-smart-filters-select.default\">\n\t\t\t\t<div class=\"elementor-widget-container\">\n\t\t\t<div class=\"jet-smart-filters-select jet-filter \" data-indexer-rule=\"show\" data-show-counter=\"\" data-change-counter=\"always\"><div class=\"jet-select\" data-query-type=\"meta_query\" data-query-var=\"modalidade_\" data-smart-filter=\"select\" data-filter-id=\"4416\" data-apply-type=\"ajax\" data-content-provider=\"jet-data-table\" data-additional-providers=\"\" data-query-id=\"default\" data-active-label=\"\" data-layout-options=\"{&quot;show_label&quot;:&quot;&quot;,&quot;display_options&quot;:{&quot;show_items_label&quot;:false,&quot;show_decorator&quot;:false,&quot;filter_image_size&quot;:&quot;full&quot;,&quot;show_counter&quot;:false}}\" data-query-var-suffix=\"\" data-apply-on=\"value\">\n\t\t\t\t<select\n\t\t\tclass=\"jet-select__control\"\n\t\t\tname=\"modalidade_\"\n\t\t\t\t\t\taria-label=\"Modalidade Relat\u00f3rio Empenho\"\n\t\t>\n\t\t\n\t\t\t\t\t<option\n\t\t\t\tvalue=\"\"\n\t\t\t\tdata-label=\"Selecione a Modalidade\"\n\t\t\t\tdata-counter-prefix=\"\"\n\t\t\t\tdata-counter-suffix=\"\"\n\t\t\t\t\t\t\t>Selecione a Modalidade<\/option>\n\t\t\t\t\t\t<option\n\t\t\t\tvalue=\"Inexigibilidade\"\n\t\t\t\tdata-label=\"Inexigibilidade\"\n\t\t\t\tdata-counter-prefix=\"\"\n\t\t\t\tdata-counter-suffix=\"\"\n\t\t\t\t\t\t\t>Inexigibilidade<\/option>\n\t\t\t\t\t\t<option\n\t\t\t\tvalue=\"pregao\"\n\t\t\t\tdata-label=\"pregao\"\n\t\t\t\tdata-counter-prefix=\"\"\n\t\t\t\tdata-counter-suffix=\"\"\n\t\t\t\t\t\t\t>pregao<\/option>\n\t\t\t<\/select>\n\t<\/div>\n<\/div>\t\t<\/div>\n\t\t\t\t<\/div>\n\t\t\t\t<\/div>\n\t\t\t\t<div class=\"elementor-element elementor-element-20c8a34 elementor-widget__width-initial elementor-widget elementor-widget-jet-dynamic-table\" data-id=\"20c8a34\" data-element_type=\"widget\" data-widget_type=\"jet-dynamic-table.default\">\n\t\t\t\t<div class=\"elementor-widget-container\">\n\t\t\t<style><\/style><div class=\"jet-dynamic-table-wrapper\"><table class=\"jet-dynamic-table\" data-table-id=\"65\" data-query-id=\"64\"><thead class=\"jet-dynamic-table__header\"><tr class=\"jet-dynamic-table__row jet-dynamic-table__row--header\" ><th class=\"jet-dynamic-table__col jet-dynamic-table__col--favorecido\" >Favorecido<\/th><th class=\"jet-dynamic-table__col jet-dynamic-table__col--cpfcnpj\" >CPF\/CNPJ<\/th><th class=\"jet-dynamic-table__col jet-dynamic-table__col--descrio\" >Descri\u00e7\u00e3o<\/th><th class=\"jet-dynamic-table__col jet-dynamic-table__col--modalidadelicitao\" >Modalidade Licita\u00e7\u00e3o<\/th><th class=\"jet-dynamic-table__col jet-dynamic-table__col--valorpago\" >Valor Pago<\/th><th class=\"jet-dynamic-table__col jet-dynamic-table__col--download\" >Download<\/th><\/tr><\/thead><tbody class=\"jet-dynamic-table__body\"><tr class=\"jet-dynamic-table__row jet-dynamic-table__row--header\" data-item-object=\"3537\"><td class=\"jet-dynamic-table__col jet-dynamic-table__col--favorecido\" >AGROSERVICE SEGURANCA LTDA<\/td><td class=\"jet-dynamic-table__col jet-dynamic-table__col--cpfcnpj\" >03602646000137<\/td><td class=\"jet-dynamic-table__col jet-dynamic-table__col--descrio\" >ABERTURA DE EMPENHO PARA PGTO DE DESPESAS COM PRESTA\u00c7\u00c3O DE SERVI\u00c7O DE VIGIL\u00c2N-CIA ARMADA E DESARMADA, NO EXERC\u00cdCIO DE 2013, CFE CTR 09\/2011-CNMP.           PROC 2.000053\/2013-33<\/td><td class=\"jet-dynamic-table__col jet-dynamic-table__col--modalidadelicitao\" >Inexigibilidade<\/td><td class=\"jet-dynamic-table__col jet-dynamic-table__col--valorpago\" >129.300,11<\/td><td class=\"jet-dynamic-table__col jet-dynamic-table__col--download\" ><\/td><\/tr><tr class=\"jet-dynamic-table__row jet-dynamic-table__row--header\" data-item-object=\"3536\"><td class=\"jet-dynamic-table__col jet-dynamic-table__col--favorecido\" >NCT INFORMATICA LTDA<\/td><td class=\"jet-dynamic-table__col jet-dynamic-table__col--cpfcnpj\" >03017428000135<\/td><td class=\"jet-dynamic-table__col jet-dynamic-table__col--descrio\" >PRORROGA\u00c7\u00c3O DA VIG\u00caNCIA DO CONTRATO 001\/2012, POR 12 MESES, DE 09\/FEV\/2012 A  09\/FEV\/2013, CUJO OBJETO \u00c9 O FORNECIMENTO DE SOLU\u00c7\u00c3O DE SEGURAN\u00c7A DE PER\u00cdMETROREF PREG\u00c3O ELETR\u00d4NICO N\u00ba 66\/2011.<\/td><td class=\"jet-dynamic-table__col jet-dynamic-table__col--modalidadelicitao\" >pregao<\/td><td class=\"jet-dynamic-table__col jet-dynamic-table__col--valorpago\" >7.500,00<\/td><td class=\"jet-dynamic-table__col jet-dynamic-table__col--download\" ><a href=\"https:\/\/upgyn.com.br\/asstransparente\/wp-content\/uploads\/2024\/12\/receita.png\">https:\/\/upgyn.com.br\/asstransparente\/wp-content\/uploads\/2024\/12\/receita.png<\/a><\/td><\/tr><\/tbody><\/table><\/div>\t\t<\/div>\n\t\t\t\t<\/div>\n\t\t\t\t<div class=\"elementor-element elementor-element-8c018f0 elementor-widget elementor-widget-jet-smart-filters-pagination\" data-id=\"8c018f0\" data-element_type=\"widget\" data-widget_type=\"jet-smart-filters-pagination.default\">\n\t\t\t\t<div class=\"elementor-widget-container\">\n\t\t\t<div\n\t\t\t\tclass=\"jet-smart-filters-pagination jet-filter\"\n\t\t\t\tdata-apply-provider=\"jet-data-table\"\n\t\t\t\tdata-content-provider=\"jet-data-table\"\n\t\t\t\tdata-query-id=\"default\"\n\t\t\t\tdata-controls=\"{&quot;items_enabled&quot;:true,&quot;pages_mid_size&quot;:4,&quot;pages_end_size&quot;:0,&quot;nav_enabled&quot;:true,&quot;prev&quot;:&quot;Anterior&quot;,&quot;next&quot;:&quot;Pr\\u00f3xima&quot;,&quot;hide_inactive_nav&quot;:false,&quot;load_more_enabled&quot;:false}\"\n\t\t\t\tdata-apply-type=\"ajax\"\n\t\t\t><\/div>\t\t<\/div>\n\t\t\t\t<\/div>\n\t\t\t\t<\/div>\n\t\t\t\t\t<\/div>\n\t\t\t\t<\/div>\n\t\t\t\t<\/div>\n\t\t","protected":false},"excerpt":{"rendered":"<p>Relat\u00f3rios de Empenhos Campos de Pesquisa Selecione a ModalidadeInexigibilidadepregao Favorecido CPF\/CNPJ Descri\u00e7\u00e3o Modalidade Licita\u00e7\u00e3o Valor Pago Download AGROSERVICE SEGURANCA LTDA 03602646000137 ABERTURA DE EMPENHO PARA PGTO DE DESPESAS COM PRESTA\u00c7\u00c3O DE SERVI\u00c7O DE VIGIL\u00c2N-CIA ARMADA E DESARMADA, NO EXERC\u00cdCIO DE 2013, CFE CTR 09\/2011-CNMP. PROC 2.000053\/2013-33 Inexigibilidade 129.300,11 NCT INFORMATICA LTDA 03017428000135 PRORROGA\u00c7\u00c3O DA VIG\u00caNCIA [&hellip;]<\/p>\n","protected":false},"author":1,"featured_media":0,"parent":0,"menu_order":0,"comment_status":"closed","ping_status":"closed","template":"elementor_header_footer","meta":{"footnotes":""},"class_list":["post-3766","page","type-page","status-publish","hentry"],"_links":{"self":[{"href":"https:\/\/upgyn.com.br\/sistemas\/associacaotransparente\/wp-json\/wp\/v2\/pages\/3766","targetHints":{"allow":["GET"]}}],"collection":[{"href":"https:\/\/upgyn.com.br\/sistemas\/associacaotransparente\/wp-json\/wp\/v2\/pages"}],"about":[{"href":"https:\/\/upgyn.com.br\/sistemas\/associacaotransparente\/wp-json\/wp\/v2\/types\/page"}],"author":[{"embeddable":true,"href":"https:\/\/upgyn.com.br\/sistemas\/associacaotransparente\/wp-json\/wp\/v2\/users\/1"}],"replies":[{"embeddable":true,"href":"https:\/\/upgyn.com.br\/sistemas\/associacaotransparente\/wp-json\/wp\/v2\/comments?post=3766"}],"version-history":[{"count":16,"href":"https:\/\/upgyn.com.br\/sistemas\/associacaotransparente\/wp-json\/wp\/v2\/pages\/3766\/revisions"}],"predecessor-version":[{"id":4428,"href":"https:\/\/upgyn.com.br\/sistemas\/associacaotransparente\/wp-json\/wp\/v2\/pages\/3766\/revisions\/4428"}],"wp:attachment":[{"href":"https:\/\/upgyn.com.br\/sistemas\/associacaotransparente\/wp-json\/wp\/v2\/media?parent=3766"}],"curies":[{"name":"wp","href":"https:\/\/api.w.org\/{rel}","templated":true}]}}