{"id":3752,"date":"2025-01-03T19:48:43","date_gmt":"2025-01-03T19:48:43","guid":{"rendered":"https:\/\/taticacursos.com.br\/asstransparencia\/?page_id=3752"},"modified":"2025-01-07T03:33:43","modified_gmt":"2025-01-07T03:33:43","slug":"receitas_","status":"publish","type":"page","link":"https:\/\/upgyn.com.br\/sistemas\/associacaotransparente\/receitas_\/","title":{"rendered":"Receitas"},"content":{"rendered":"\t\t<div data-elementor-type=\"wp-page\" data-elementor-id=\"3752\" class=\"elementor elementor-3752\" data-elementor-post-type=\"page\">\n\t\t\t\t<div class=\"elementor-element elementor-element-0a74fc9 e-flex e-con-boxed e-con e-parent\" data-id=\"0a74fc9\" data-element_type=\"container\">\n\t\t\t\t\t<div class=\"e-con-inner\">\n\t\t<div class=\"elementor-element elementor-element-8b93767 e-con-full e-flex e-con e-child\" data-id=\"8b93767\" data-element_type=\"container\">\n\t\t\t\t<div class=\"elementor-element elementor-element-eb1758b elementor-icon-list--layout-traditional elementor-list-item-link-full_width elementor-widget elementor-widget-icon-list\" data-id=\"eb1758b\" data-element_type=\"widget\" data-widget_type=\"icon-list.default\">\n\t\t\t\t<div class=\"elementor-widget-container\">\n\t\t\t\t\t<ul class=\"elementor-icon-list-items\">\n\t\t\t\t\t\t\t<li class=\"elementor-icon-list-item\">\n\t\t\t\t\t\t\t\t\t\t\t<span class=\"elementor-icon-list-icon\">\n\t\t\t\t\t\t\t<i aria-hidden=\"true\" class=\"far fa-arrow-alt-circle-right\"><\/i>\t\t\t\t\t\t<\/span>\n\t\t\t\t\t\t\t\t\t\t<span class=\"elementor-icon-list-text\">Receitas<\/span>\n\t\t\t\t\t\t\t\t\t<\/li>\n\t\t\t\t\t\t<\/ul>\n\t\t\t\t<\/div>\n\t\t\t\t<\/div>\n\t\t\t\t<div class=\"elementor-element elementor-element-a52c1b5 elementor-icon-list--layout-traditional elementor-list-item-link-full_width elementor-widget elementor-widget-icon-list\" data-id=\"a52c1b5\" data-element_type=\"widget\" data-widget_type=\"icon-list.default\">\n\t\t\t\t<div class=\"elementor-widget-container\">\n\t\t\t\t\t<ul class=\"elementor-icon-list-items\">\n\t\t\t\t\t\t\t<li class=\"elementor-icon-list-item\">\n\t\t\t\t\t\t\t\t\t\t<span class=\"elementor-icon-list-text\">Campos de Pesquisa<\/span>\n\t\t\t\t\t\t\t\t\t<\/li>\n\t\t\t\t\t\t<\/ul>\n\t\t\t\t<\/div>\n\t\t\t\t<\/div>\n\t\t<div class=\"elementor-element elementor-element-3f7878c e-con-full e-flex e-con e-child\" data-id=\"3f7878c\" data-element_type=\"container\">\n\t\t\t\t<div class=\"elementor-element elementor-element-1eb9db5 elementor-widget__width-initial elementor-widget elementor-widget-jet-smart-filters-search\" data-id=\"1eb9db5\" data-element_type=\"widget\" data-widget_type=\"jet-smart-filters-search.default\">\n\t\t\t\t<div class=\"elementor-widget-container\">\n\t\t\t<div class=\"jet-smart-filters-search jet-filter\"><div class=\"jet-search-filter\" data-query-type=\"_s\" data-query-var=\"query\" data-smart-filter=\"search\" data-filter-id=\"41\" data-apply-type=\"ajax-ontyping\" data-content-provider=\"jet-data-table\" data-additional-providers=\"\" data-query-id=\"default\" data-active-label=\"Pesquisar por N\u00famero ou tipo do Documento\" data-layout-options=\"{&quot;show_label&quot;:&quot;&quot;,&quot;display_options&quot;:[]}\" data-query-var-suffix=\"search\" data-min-letters-count=\"3\">\n\t<div class=\"jet-search-filter__input-wrapper\">\n\t\t<input\n\t\t\tclass=\"jet-search-filter__input\"\n\t\t\ttype=\"search\"\n\t\t\tautocomplete=\"off\"\n\t\t\tname=\"query\"\n\t\t\tvalue=\"\"\n\t\t\tplaceholder=\"Pesquisar...\"\n\t\t\taria-label=\"Pesquisar por N\u00famero ou tipo do Documento\"\n\t\t\t\t\t>\n\t\t\t\t\t<div class=\"jet-search-filter__input-clear\">\n\t\t\t\t<svg width=\"22\" height=\"28\" viewBox=\"0 0 22 28\" xmlns=\"http:\/\/www.w3.org\/2000\/svg\">\n\t<path d=\"M20.281 20.656c0 0.391-0.156 0.781-0.438 1.062l-2.125 2.125c-0.281 0.281-0.672 0.438-1.062 0.438s-0.781-0.156-1.062-0.438l-4.594-4.594-4.594 4.594c-0.281 0.281-0.672 0.438-1.062 0.438s-0.781-0.156-1.062-0.438l-2.125-2.125c-0.281-0.281-0.438-0.672-0.438-1.062s0.156-0.781 0.438-1.062l4.594-4.594-4.594-4.594c-0.281-0.281-0.438-0.672-0.438-1.062s0.156-0.781 0.438-1.062l2.125-2.125c0.281-0.281 0.672-0.438 1.062-0.438s0.781 0.156 1.062 0.438l4.594 4.594 4.594-4.594c0.281-0.281 0.672-0.438 1.062-0.438s0.781 0.156 1.062 0.438l2.125 2.125c0.281 0.281 0.438 0.672 0.438 1.062s-0.156 0.781-0.438 1.062l-4.594 4.594 4.594 4.594c0.281 0.281 0.438 0.672 0.438 1.062z\"><\/path>\n<\/svg>\n\t\t\t<\/div>\n\t\t\t<div class=\"jet-search-filter__input-loading\"><\/div>\n\t\t\t<\/div>\n\t<\/div>\n<\/div>\t\t<\/div>\n\t\t\t\t<\/div>\n\t\t\t\t<div class=\"elementor-element elementor-element-4c2149b elementor-widget__width-initial jet-smart-filter-content-position-column jet-smart-filter-group-position-column elementor-widget elementor-widget-jet-smart-filters-select\" data-id=\"4c2149b\" data-element_type=\"widget\" data-widget_type=\"jet-smart-filters-select.default\">\n\t\t\t\t<div class=\"elementor-widget-container\">\n\t\t\t<div class=\"jet-smart-filters-select jet-filter \" data-indexer-rule=\"show\" data-show-counter=\"\" data-change-counter=\"always\"><div class=\"jet-select\" data-query-type=\"meta_query\" data-query-var=\"tipo\" data-smart-filter=\"select\" data-filter-id=\"4393\" data-apply-type=\"ajax\" data-content-provider=\"jet-data-table\" data-additional-providers=\"\" data-query-id=\"default\" data-active-label=\"Selecione o Tipo\" data-layout-options=\"{&quot;show_label&quot;:&quot;&quot;,&quot;display_options&quot;:{&quot;show_items_label&quot;:false,&quot;show_decorator&quot;:false,&quot;filter_image_size&quot;:&quot;full&quot;,&quot;show_counter&quot;:false}}\" data-query-var-suffix=\"\" data-apply-on=\"value\">\n\t\t\t\t<select\n\t\t\tclass=\"jet-select__control\"\n\t\t\tname=\"tipo\"\n\t\t\t\t\t\taria-label=\"Selecione o Tipo\"\n\t\t>\n\t\t\n\t\t\t\t\t<option\n\t\t\t\tvalue=\"\"\n\t\t\t\tdata-label=\"Selecione o Tipo\"\n\t\t\t\tdata-counter-prefix=\"\"\n\t\t\t\tdata-counter-suffix=\"\"\n\t\t\t\t\t\t\t>Selecione o Tipo<\/option>\n\t\t\t\t\t\t<option\n\t\t\t\tvalue=\"Receita\"\n\t\t\t\tdata-label=\"Receita\"\n\t\t\t\tdata-counter-prefix=\"\"\n\t\t\t\tdata-counter-suffix=\"\"\n\t\t\t\t\t\t\t>Receita<\/option>\n\t\t\t\t\t\t<option\n\t\t\t\tvalue=\"Ren\u00fancia Fiscal\"\n\t\t\t\tdata-label=\"Ren\u00fancia Fiscal\"\n\t\t\t\tdata-counter-prefix=\"\"\n\t\t\t\tdata-counter-suffix=\"\"\n\t\t\t\t\t\t\t>Ren\u00fancia Fiscal<\/option>\n\t\t\t\t\t\t<option\n\t\t\t\tvalue=\"Inscritos em Divida Ativa\"\n\t\t\t\tdata-label=\"Inscritos em Divida Ativa\"\n\t\t\t\tdata-counter-prefix=\"\"\n\t\t\t\tdata-counter-suffix=\"\"\n\t\t\t\t\t\t\t>Inscritos em Divida Ativa<\/option>\n\t\t\t<\/select>\n\t<\/div>\n<\/div>\t\t<\/div>\n\t\t\t\t<\/div>\n\t\t\t\t<\/div>\n\t\t\t\t<div class=\"elementor-element elementor-element-20c8a34 elementor-widget__width-initial elementor-widget elementor-widget-jet-dynamic-table\" data-id=\"20c8a34\" data-element_type=\"widget\" data-widget_type=\"jet-dynamic-table.default\">\n\t\t\t\t<div class=\"elementor-widget-container\">\n\t\t\t<style><\/style><div class=\"jet-dynamic-table-wrapper\"><table class=\"jet-dynamic-table\" data-table-id=\"37\" data-query-id=\"5\"><thead class=\"jet-dynamic-table__header\"><tr class=\"jet-dynamic-table__row jet-dynamic-table__row--header\" ><th class=\"jet-dynamic-table__col jet-dynamic-table__col--cdigo\" >C\u00f3digo<\/th><th class=\"jet-dynamic-table__col jet-dynamic-table__col--tipo\" >Tipo<\/th><th class=\"jet-dynamic-table__col jet-dynamic-table__col--datapublicao\" >Data Publica\u00e7\u00e3o<\/th><th class=\"jet-dynamic-table__col jet-dynamic-table__col--descrio\" >Descri\u00e7\u00e3o<\/th><th class=\"jet-dynamic-table__col jet-dynamic-table__col--anexo\" >Anexo<\/th><\/tr><\/thead><tbody class=\"jet-dynamic-table__body\"><tr class=\"jet-dynamic-table__row jet-dynamic-table__row--header\" data-item-object=\"4411\"><td class=\"jet-dynamic-table__col jet-dynamic-table__col--cdigo\" >teste<\/td><td class=\"jet-dynamic-table__col jet-dynamic-table__col--tipo\" >Receita<\/td><td class=\"jet-dynamic-table__col jet-dynamic-table__col--datapublicao\" >01\/01\/25<\/td><td class=\"jet-dynamic-table__col jet-dynamic-table__col--descrio\" >teste<\/td><td class=\"jet-dynamic-table__col jet-dynamic-table__col--anexo\" ><a href=\"https:\/\/upgyn.com.br\/asstransparente\/wp-content\/uploads\/2025\/01\/1477521928_10_icon-icons.com_74620.svg\">https:\/\/upgyn.com.br\/asstransparente\/wp-content\/uploads\/2025\/01\/1477521928_10_icon-icons.com_74620.svg<\/a><\/td><\/tr><tr class=\"jet-dynamic-table__row jet-dynamic-table__row--header\" data-item-object=\"3212\"><td class=\"jet-dynamic-table__col jet-dynamic-table__col--cdigo\" >222478<\/td><td class=\"jet-dynamic-table__col jet-dynamic-table__col--tipo\" >Ren\u00fancia Fiscal<\/td><td class=\"jet-dynamic-table__col jet-dynamic-table__col--datapublicao\" >01\/01\/25<\/td><td class=\"jet-dynamic-table__col jet-dynamic-table__col--descrio\" >Renuncia fiscal sobre a Propriedade Predial e Territorial Urbana - Principal - Ordin\u00e1rio<\/td><td class=\"jet-dynamic-table__col jet-dynamic-table__col--anexo\" ><a href=\"https:\/\/upgyn.com.br\/asstransparente\/wp-content\/uploads\/2024\/11\/0_Diario-Oficial-3.442_2024.pdf.pdf\">https:\/\/upgyn.com.br\/asstransparente\/wp-content\/uploads\/2024\/11\/0_Diario-Oficial-3.442_2024.pdf.pdf<\/a><\/td><\/tr><tr class=\"jet-dynamic-table__row jet-dynamic-table__row--header\" data-item-object=\"3213\"><td class=\"jet-dynamic-table__col jet-dynamic-table__col--cdigo\" >222210<\/td><td class=\"jet-dynamic-table__col jet-dynamic-table__col--tipo\" >Ren\u00fancia Fiscal<\/td><td class=\"jet-dynamic-table__col jet-dynamic-table__col--datapublicao\" >02\/01\/25<\/td><td class=\"jet-dynamic-table__col jet-dynamic-table__col--descrio\" >Renuncia fiscal sobre a Propriedade Predial e Territorial Urbana - Principal - Ordin\u00e1rio<\/td><td class=\"jet-dynamic-table__col jet-dynamic-table__col--anexo\" ><a href=\"https:\/\/upgyn.com.br\/asstransparente\/wp-content\/uploads\/2024\/11\/0_Diario-Oficial-3.442_2024.pdf.pdf\">https:\/\/upgyn.com.br\/asstransparente\/wp-content\/uploads\/2024\/11\/0_Diario-Oficial-3.442_2024.pdf.pdf<\/a><\/td><\/tr><tr class=\"jet-dynamic-table__row jet-dynamic-table__row--header\" data-item-object=\"3214\"><td class=\"jet-dynamic-table__col jet-dynamic-table__col--cdigo\" >2221541<\/td><td class=\"jet-dynamic-table__col jet-dynamic-table__col--tipo\" >Ren\u00fancia Fiscal<\/td><td class=\"jet-dynamic-table__col jet-dynamic-table__col--datapublicao\" >03\/01\/25<\/td><td class=\"jet-dynamic-table__col jet-dynamic-table__col--descrio\" >Propriedade Predial e Territorial Urbana - Principal - Ordin\u00e1rio<\/td><td class=\"jet-dynamic-table__col jet-dynamic-table__col--anexo\" ><a href=\"https:\/\/upgyn.com.br\/asstransparente\/wp-content\/uploads\/2024\/11\/0_Diario-Oficial-3.442_2024.pdf.pdf\">https:\/\/upgyn.com.br\/asstransparente\/wp-content\/uploads\/2024\/11\/0_Diario-Oficial-3.442_2024.pdf.pdf<\/a><\/td><\/tr><tr class=\"jet-dynamic-table__row jet-dynamic-table__row--header\" data-item-object=\"3215\"><td class=\"jet-dynamic-table__col jet-dynamic-table__col--cdigo\" >2221350<\/td><td class=\"jet-dynamic-table__col jet-dynamic-table__col--tipo\" >Ren\u00fancia Fiscal<\/td><td class=\"jet-dynamic-table__col jet-dynamic-table__col--datapublicao\" >01\/01\/25<\/td><td class=\"jet-dynamic-table__col jet-dynamic-table__col--descrio\" >Renuncia fiscal sobre a Propriedade Predial e Territorial Urbana - Principal - Ordin\u00e1rio<\/td><td class=\"jet-dynamic-table__col jet-dynamic-table__col--anexo\" ><a href=\"https:\/\/upgyn.com.br\/asstransparente\/wp-content\/uploads\/2024\/11\/0_Diario-Oficial-3.442_2024.pdf.pdf\">https:\/\/upgyn.com.br\/asstransparente\/wp-content\/uploads\/2024\/11\/0_Diario-Oficial-3.442_2024.pdf.pdf<\/a><\/td><\/tr><tr class=\"jet-dynamic-table__row jet-dynamic-table__row--header\" data-item-object=\"3216\"><td class=\"jet-dynamic-table__col jet-dynamic-table__col--cdigo\" >2221110<\/td><td class=\"jet-dynamic-table__col jet-dynamic-table__col--tipo\" >Receita<\/td><td class=\"jet-dynamic-table__col jet-dynamic-table__col--datapublicao\" >20\/12\/24<\/td><td class=\"jet-dynamic-table__col jet-dynamic-table__col--descrio\" >Renuncia fiscal sobre a Propriedade Predial e Territorial Urbana <\/td><td class=\"jet-dynamic-table__col jet-dynamic-table__col--anexo\" ><a href=\"https:\/\/upgyn.com.br\/asstransparente\/wp-content\/uploads\/2024\/11\/0_Diario-Oficial-3.442_2024.pdf.pdf\">https:\/\/upgyn.com.br\/asstransparente\/wp-content\/uploads\/2024\/11\/0_Diario-Oficial-3.442_2024.pdf.pdf<\/a><\/td><\/tr><tr class=\"jet-dynamic-table__row jet-dynamic-table__row--header\" data-item-object=\"3217\"><td class=\"jet-dynamic-table__col jet-dynamic-table__col--cdigo\" >2221520<\/td><td class=\"jet-dynamic-table__col jet-dynamic-table__col--tipo\" >Ren\u00fancia Fiscal<\/td><td class=\"jet-dynamic-table__col jet-dynamic-table__col--datapublicao\" >06\/01\/25<\/td><td class=\"jet-dynamic-table__col jet-dynamic-table__col--descrio\" >Predial e Territorial Urbana - Principal - Ordin\u00e1rio<\/td><td class=\"jet-dynamic-table__col jet-dynamic-table__col--anexo\" ><a href=\"https:\/\/upgyn.com.br\/asstransparente\/wp-content\/uploads\/2024\/11\/0_Diario-Oficial-3.442_2024.pdf.pdf\">https:\/\/upgyn.com.br\/asstransparente\/wp-content\/uploads\/2024\/11\/0_Diario-Oficial-3.442_2024.pdf.pdf<\/a><\/td><\/tr><tr class=\"jet-dynamic-table__row jet-dynamic-table__row--header\" data-item-object=\"3218\"><td class=\"jet-dynamic-table__col jet-dynamic-table__col--cdigo\" >2221450<\/td><td class=\"jet-dynamic-table__col jet-dynamic-table__col--tipo\" >Inscritos em Divida Ativa<\/td><td class=\"jet-dynamic-table__col jet-dynamic-table__col--datapublicao\" >01\/01\/25<\/td><td class=\"jet-dynamic-table__col jet-dynamic-table__col--descrio\" > Propriedade Predial e Territorial Urbana - Principal - Ordin\u00e1rio<\/td><td class=\"jet-dynamic-table__col jet-dynamic-table__col--anexo\" ><a href=\"https:\/\/upgyn.com.br\/asstransparente\/wp-content\/uploads\/2024\/11\/0_Diario-Oficial-3.442_2024.pdf.pdf\">https:\/\/upgyn.com.br\/asstransparente\/wp-content\/uploads\/2024\/11\/0_Diario-Oficial-3.442_2024.pdf.pdf<\/a><\/td><\/tr><tr class=\"jet-dynamic-table__row jet-dynamic-table__row--header\" data-item-object=\"3219\"><td class=\"jet-dynamic-table__col jet-dynamic-table__col--cdigo\" >02154<\/td><td class=\"jet-dynamic-table__col jet-dynamic-table__col--tipo\" >Receita<\/td><td class=\"jet-dynamic-table__col jet-dynamic-table__col--datapublicao\" >02\/01\/25<\/td><td class=\"jet-dynamic-table__col jet-dynamic-table__col--descrio\" > Propriedade Predial e Territorial Urbana - Principal - Ordin\u00e1rio<\/td><td class=\"jet-dynamic-table__col jet-dynamic-table__col--anexo\" ><a href=\"https:\/\/upgyn.com.br\/asstransparente\/wp-content\/uploads\/2024\/11\/0_Diario-Oficial-3.442_2024.pdf.pdf\">https:\/\/upgyn.com.br\/asstransparente\/wp-content\/uploads\/2024\/11\/0_Diario-Oficial-3.442_2024.pdf.pdf<\/a><\/td><\/tr><tr class=\"jet-dynamic-table__row jet-dynamic-table__row--header\" data-item-object=\"218\"><td class=\"jet-dynamic-table__col jet-dynamic-table__col--cdigo\" >2221541<\/td><td class=\"jet-dynamic-table__col jet-dynamic-table__col--tipo\" >Ren\u00fancia Fiscal<\/td><td class=\"jet-dynamic-table__col jet-dynamic-table__col--datapublicao\" >05\/01\/25<\/td><td class=\"jet-dynamic-table__col jet-dynamic-table__col--descrio\" >Renuncia fiscal sobre a Propriedade Predial e Territorial Urbana - Principal - Ordin\u00e1rio<\/td><td class=\"jet-dynamic-table__col jet-dynamic-table__col--anexo\" ><a href=\"https:\/\/upgyn.com.br\/asstransparente\/wp-content\/uploads\/2024\/11\/0_Diario-Oficial-3.442_2024.pdf.pdf\">https:\/\/upgyn.com.br\/asstransparente\/wp-content\/uploads\/2024\/11\/0_Diario-Oficial-3.442_2024.pdf.pdf<\/a><\/td><\/tr><\/tbody><\/table><\/div>\t\t<\/div>\n\t\t\t\t<\/div>\n\t\t\t\t<div class=\"elementor-element elementor-element-8c018f0 elementor-widget elementor-widget-jet-smart-filters-pagination\" data-id=\"8c018f0\" data-element_type=\"widget\" data-widget_type=\"jet-smart-filters-pagination.default\">\n\t\t\t\t<div class=\"elementor-widget-container\">\n\t\t\t<div\n\t\t\t\tclass=\"jet-smart-filters-pagination jet-filter\"\n\t\t\t\tdata-apply-provider=\"jet-data-table\"\n\t\t\t\tdata-content-provider=\"jet-data-table\"\n\t\t\t\tdata-query-id=\"default\"\n\t\t\t\tdata-controls=\"{&quot;items_enabled&quot;:true,&quot;pages_mid_size&quot;:4,&quot;pages_end_size&quot;:0,&quot;nav_enabled&quot;:true,&quot;prev&quot;:&quot;Anterior&quot;,&quot;next&quot;:&quot;Pr\\u00f3xima&quot;,&quot;hide_inactive_nav&quot;:false,&quot;load_more_enabled&quot;:false}\"\n\t\t\t\tdata-apply-type=\"ajax\"\n\t\t\t><\/div>\t\t<\/div>\n\t\t\t\t<\/div>\n\t\t\t\t<\/div>\n\t\t\t\t\t<\/div>\n\t\t\t\t<\/div>\n\t\t\t\t<\/div>\n\t\t","protected":false},"excerpt":{"rendered":"<p>Receitas Campos de Pesquisa Selecione o TipoReceitaRen\u00fancia FiscalInscritos em Divida Ativa C\u00f3digo Tipo Data Publica\u00e7\u00e3o Descri\u00e7\u00e3o Anexo teste Receita 01\/01\/25 teste https:\/\/upgyn.com.br\/asstransparente\/wp-content\/uploads\/2025\/01\/1477521928_10_icon-icons.com_74620.svg 222478 Ren\u00fancia Fiscal 01\/01\/25 Renuncia fiscal sobre a Propriedade Predial e Territorial Urbana &#8211; Principal &#8211; Ordin\u00e1rio https:\/\/upgyn.com.br\/asstransparente\/wp-content\/uploads\/2024\/11\/0_Diario-Oficial-3.442_2024.pdf.pdf 222210 Ren\u00fancia Fiscal 02\/01\/25 Renuncia fiscal sobre a Propriedade Predial e Territorial Urbana &#8211; Principal [&hellip;]<\/p>\n","protected":false},"author":1,"featured_media":0,"parent":0,"menu_order":0,"comment_status":"closed","ping_status":"closed","template":"elementor_header_footer","meta":{"footnotes":""},"class_list":["post-3752","page","type-page","status-publish","hentry"],"_links":{"self":[{"href":"https:\/\/upgyn.com.br\/sistemas\/associacaotransparente\/wp-json\/wp\/v2\/pages\/3752","targetHints":{"allow":["GET"]}}],"collection":[{"href":"https:\/\/upgyn.com.br\/sistemas\/associacaotransparente\/wp-json\/wp\/v2\/pages"}],"about":[{"href":"https:\/\/upgyn.com.br\/sistemas\/associacaotransparente\/wp-json\/wp\/v2\/types\/page"}],"author":[{"embeddable":true,"href":"https:\/\/upgyn.com.br\/sistemas\/associacaotransparente\/wp-json\/wp\/v2\/users\/1"}],"replies":[{"embeddable":true,"href":"https:\/\/upgyn.com.br\/sistemas\/associacaotransparente\/wp-json\/wp\/v2\/comments?post=3752"}],"version-history":[{"count":37,"href":"https:\/\/upgyn.com.br\/sistemas\/associacaotransparente\/wp-json\/wp\/v2\/pages\/3752\/revisions"}],"predecessor-version":[{"id":4677,"href":"https:\/\/upgyn.com.br\/sistemas\/associacaotransparente\/wp-json\/wp\/v2\/pages\/3752\/revisions\/4677"}],"wp:attachment":[{"href":"https:\/\/upgyn.com.br\/sistemas\/associacaotransparente\/wp-json\/wp\/v2\/media?parent=3752"}],"curies":[{"name":"wp","href":"https:\/\/api.w.org\/{rel}","templated":true}]}}