{"id":3741,"date":"2025-01-03T19:35:59","date_gmt":"2025-01-03T19:35:59","guid":{"rendered":"https:\/\/taticacursos.com.br\/asstransparencia\/?page_id=3741"},"modified":"2025-01-07T03:30:53","modified_gmt":"2025-01-07T03:30:53","slug":"atosadministrativos","status":"publish","type":"page","link":"https:\/\/upgyn.com.br\/sistemas\/associacaotransparente\/atosadministrativos\/","title":{"rendered":"Atos Administrativos"},"content":{"rendered":"\t\t<div data-elementor-type=\"wp-page\" data-elementor-id=\"3741\" class=\"elementor elementor-3741\" data-elementor-post-type=\"page\">\n\t\t\t\t<div class=\"elementor-element elementor-element-0a74fc9 e-flex e-con-boxed e-con e-parent\" data-id=\"0a74fc9\" data-element_type=\"container\">\n\t\t\t\t\t<div class=\"e-con-inner\">\n\t\t<div class=\"elementor-element elementor-element-8b93767 e-con-full e-flex e-con e-child\" data-id=\"8b93767\" data-element_type=\"container\">\n\t\t\t\t<div class=\"elementor-element elementor-element-eb1758b elementor-icon-list--layout-traditional elementor-list-item-link-full_width elementor-widget elementor-widget-icon-list\" data-id=\"eb1758b\" data-element_type=\"widget\" data-widget_type=\"icon-list.default\">\n\t\t\t\t<div class=\"elementor-widget-container\">\n\t\t\t\t\t<ul class=\"elementor-icon-list-items\">\n\t\t\t\t\t\t\t<li class=\"elementor-icon-list-item\">\n\t\t\t\t\t\t\t\t\t\t\t<span class=\"elementor-icon-list-icon\">\n\t\t\t\t\t\t\t<i aria-hidden=\"true\" class=\"far fa-arrow-alt-circle-right\"><\/i>\t\t\t\t\t\t<\/span>\n\t\t\t\t\t\t\t\t\t\t<span class=\"elementor-icon-list-text\">Atos Administrativos<\/span>\n\t\t\t\t\t\t\t\t\t<\/li>\n\t\t\t\t\t\t<\/ul>\n\t\t\t\t<\/div>\n\t\t\t\t<\/div>\n\t\t\t\t<div class=\"elementor-element elementor-element-a52c1b5 elementor-icon-list--layout-traditional elementor-list-item-link-full_width elementor-widget elementor-widget-icon-list\" data-id=\"a52c1b5\" data-element_type=\"widget\" data-widget_type=\"icon-list.default\">\n\t\t\t\t<div class=\"elementor-widget-container\">\n\t\t\t\t\t<ul class=\"elementor-icon-list-items\">\n\t\t\t\t\t\t\t<li class=\"elementor-icon-list-item\">\n\t\t\t\t\t\t\t\t\t\t<span class=\"elementor-icon-list-text\">Campos de Pesquisa<\/span>\n\t\t\t\t\t\t\t\t\t<\/li>\n\t\t\t\t\t\t<\/ul>\n\t\t\t\t<\/div>\n\t\t\t\t<\/div>\n\t\t<div class=\"elementor-element elementor-element-3e9aa88 e-con-full e-flex e-con e-child\" data-id=\"3e9aa88\" data-element_type=\"container\">\n\t\t\t\t<div class=\"elementor-element elementor-element-ea80965 elementor-widget__width-initial elementor-widget elementor-widget-jet-smart-filters-search\" data-id=\"ea80965\" data-element_type=\"widget\" data-widget_type=\"jet-smart-filters-search.default\">\n\t\t\t\t<div class=\"elementor-widget-container\">\n\t\t\t<div class=\"jet-smart-filters-search jet-filter\"><div class=\"jet-search-filter\" data-query-type=\"_s\" data-query-var=\"query\" data-smart-filter=\"search\" data-filter-id=\"41\" data-apply-type=\"ajax-ontyping\" data-content-provider=\"jet-data-table\" data-additional-providers=\"\" data-query-id=\"default\" data-active-label=\"Pesquisar por N\u00famero ou tipo do Documento\" data-layout-options=\"{&quot;show_label&quot;:&quot;&quot;,&quot;display_options&quot;:[]}\" data-query-var-suffix=\"search\" data-min-letters-count=\"3\">\n\t<div class=\"jet-search-filter__input-wrapper\">\n\t\t<input\n\t\t\tclass=\"jet-search-filter__input\"\n\t\t\ttype=\"search\"\n\t\t\tautocomplete=\"off\"\n\t\t\tname=\"query\"\n\t\t\tvalue=\"\"\n\t\t\tplaceholder=\"Pesquisar...\"\n\t\t\taria-label=\"Pesquisar por N\u00famero ou tipo do Documento\"\n\t\t\t\t\t>\n\t\t\t\t\t<div class=\"jet-search-filter__input-clear\">\n\t\t\t\t<svg width=\"22\" height=\"28\" viewBox=\"0 0 22 28\" xmlns=\"http:\/\/www.w3.org\/2000\/svg\">\n\t<path d=\"M20.281 20.656c0 0.391-0.156 0.781-0.438 1.062l-2.125 2.125c-0.281 0.281-0.672 0.438-1.062 0.438s-0.781-0.156-1.062-0.438l-4.594-4.594-4.594 4.594c-0.281 0.281-0.672 0.438-1.062 0.438s-0.781-0.156-1.062-0.438l-2.125-2.125c-0.281-0.281-0.438-0.672-0.438-1.062s0.156-0.781 0.438-1.062l4.594-4.594-4.594-4.594c-0.281-0.281-0.438-0.672-0.438-1.062s0.156-0.781 0.438-1.062l2.125-2.125c0.281-0.281 0.672-0.438 1.062-0.438s0.781 0.156 1.062 0.438l4.594 4.594 4.594-4.594c0.281-0.281 0.672-0.438 1.062-0.438s0.781 0.156 1.062 0.438l2.125 2.125c0.281 0.281 0.438 0.672 0.438 1.062s-0.156 0.781-0.438 1.062l-4.594 4.594 4.594 4.594c0.281 0.281 0.438 0.672 0.438 1.062z\"><\/path>\n<\/svg>\n\t\t\t<\/div>\n\t\t\t<div class=\"jet-search-filter__input-loading\"><\/div>\n\t\t\t<\/div>\n\t<\/div>\n<\/div>\t\t<\/div>\n\t\t\t\t<\/div>\n\t\t\t\t<div class=\"elementor-element elementor-element-b972687 elementor-widget__width-initial jet-smart-filter-content-position-column jet-smart-filter-group-position-column elementor-widget elementor-widget-jet-smart-filters-select\" data-id=\"b972687\" data-element_type=\"widget\" data-widget_type=\"jet-smart-filters-select.default\">\n\t\t\t\t<div class=\"elementor-widget-container\">\n\t\t\t<div class=\"jet-smart-filters-select jet-filter \" data-indexer-rule=\"show\" data-show-counter=\"\" data-change-counter=\"always\"><div class=\"jet-select\" data-query-type=\"meta_query\" data-query-var=\"_tipo\" data-smart-filter=\"select\" data-filter-id=\"353\" data-apply-type=\"ajax\" data-content-provider=\"jet-data-table\" data-additional-providers=\"\" data-query-id=\"default\" data-active-label=\"Pesquisar Tipo de Documento\" data-layout-options=\"{&quot;show_label&quot;:&quot;&quot;,&quot;display_options&quot;:{&quot;show_items_label&quot;:false,&quot;show_decorator&quot;:false,&quot;filter_image_size&quot;:&quot;full&quot;,&quot;show_counter&quot;:false}}\" data-query-var-suffix=\"\" data-apply-on=\"value\">\n\t\t\t\t<select\n\t\t\tclass=\"jet-select__control\"\n\t\t\tname=\"_tipo\"\n\t\t\t\t\t\taria-label=\"Pesquisar Tipo de Documento\"\n\t\t>\n\t\t\n\t\t\t\t\t<option\n\t\t\t\tvalue=\"\"\n\t\t\t\tdata-label=\"Selecione o Tipo...\"\n\t\t\t\tdata-counter-prefix=\"\"\n\t\t\t\tdata-counter-suffix=\"\"\n\t\t\t\t\t\t\t>Selecione o Tipo...<\/option>\n\t\t\t\t\t\t<option\n\t\t\t\tvalue=\"Decreto\"\n\t\t\t\tdata-label=\"Decreto\"\n\t\t\t\tdata-counter-prefix=\"\"\n\t\t\t\tdata-counter-suffix=\"\"\n\t\t\t\t\t\t\t>Decreto<\/option>\n\t\t\t\t\t\t<option\n\t\t\t\tvalue=\"Nomea\u00e7\u00e3o\"\n\t\t\t\tdata-label=\"Nomea\u00e7\u00e3o\"\n\t\t\t\tdata-counter-prefix=\"\"\n\t\t\t\tdata-counter-suffix=\"\"\n\t\t\t\t\t\t\t>Nomea\u00e7\u00e3o<\/option>\n\t\t\t\t\t\t<option\n\t\t\t\tvalue=\"Portaria\"\n\t\t\t\tdata-label=\"Portaria\"\n\t\t\t\tdata-counter-prefix=\"\"\n\t\t\t\tdata-counter-suffix=\"\"\n\t\t\t\t\t\t\t>Portaria<\/option>\n\t\t\t<\/select>\n\t<\/div>\n<\/div>\t\t<\/div>\n\t\t\t\t<\/div>\n\t\t\t\t<\/div>\n\t\t\t\t<div class=\"elementor-element elementor-element-20c8a34 elementor-widget__width-initial elementor-widget elementor-widget-jet-dynamic-table\" data-id=\"20c8a34\" data-element_type=\"widget\" data-widget_type=\"jet-dynamic-table.default\">\n\t\t\t\t<div class=\"elementor-widget-container\">\n\t\t\t<style><\/style><div class=\"jet-dynamic-table-wrapper\"><table class=\"jet-dynamic-table\" data-table-id=\"61\" data-query-id=\"59\"><thead class=\"jet-dynamic-table__header\"><tr class=\"jet-dynamic-table__row jet-dynamic-table__row--header\" ><th class=\"jet-dynamic-table__col jet-dynamic-table__col--nmero\" >N\u00famero<\/th><th class=\"jet-dynamic-table__col jet-dynamic-table__col--tipo\" >Tipo<\/th><th class=\"jet-dynamic-table__col jet-dynamic-table__col--ementa\" >Ementa<\/th><th class=\"jet-dynamic-table__col jet-dynamic-table__col--datadepublicao\" >Data de Publica\u00e7\u00e3o<\/th><th class=\"jet-dynamic-table__col jet-dynamic-table__col--download\" >Download<\/th><\/tr><\/thead><tbody class=\"jet-dynamic-table__body\"><tr class=\"jet-dynamic-table__row jet-dynamic-table__row--header\" data-item-object=\"3480\"><td class=\"jet-dynamic-table__col jet-dynamic-table__col--nmero\" >013\/2023<\/td><td class=\"jet-dynamic-table__col jet-dynamic-table__col--tipo\" >Decreto<\/td><td class=\"jet-dynamic-table__col jet-dynamic-table__col--ementa\" >Acrescentar um novo artigo ao ato normativo. Exemplo: \"Acrescente-se o art. 9\u00ba-A com a seguinte reda\u00e7\u00e3o: 'Fica institu\u00eddo o cadastro nacional de benefici\u00e1rios.'\"<\/td><td class=\"jet-dynamic-table__col jet-dynamic-table__col--datadepublicao\" >04\/12\/2024<\/td><td class=\"jet-dynamic-table__col jet-dynamic-table__col--download\" ><a href=\"https:\/\/upgyn.com.br\/asstransparente\/wp-content\/uploads\/2024\/12\/form-pedido_pj.pdf\">https:\/\/upgyn.com.br\/asstransparente\/wp-content\/uploads\/2024\/12\/form-pedido_pj.pdf<\/a><\/td><\/tr><tr class=\"jet-dynamic-table__row jet-dynamic-table__row--header\" data-item-object=\"3479\"><td class=\"jet-dynamic-table__col jet-dynamic-table__col--nmero\" >014\/2023<\/td><td class=\"jet-dynamic-table__col jet-dynamic-table__col--tipo\" >Nomea\u00e7\u00e3o<\/td><td class=\"jet-dynamic-table__col jet-dynamic-table__col--ementa\" >Adicionar especifica\u00e7\u00f5es ou condi\u00e7\u00f5es adicionais a um artigo. Exemplo: \"Inclua-se o \u00a73\u00ba no art. 7\u00ba, dispondo sobre o prazo m\u00ednimo para contesta\u00e7\u00e3o.\"<\/td><td class=\"jet-dynamic-table__col jet-dynamic-table__col--datadepublicao\" >02\/12\/2024<\/td><td class=\"jet-dynamic-table__col jet-dynamic-table__col--download\" ><a href=\"https:\/\/upgyn.com.br\/asstransparente\/wp-content\/uploads\/2024\/12\/form-pedido_pj.pdf\">https:\/\/upgyn.com.br\/asstransparente\/wp-content\/uploads\/2024\/12\/form-pedido_pj.pdf<\/a><\/td><\/tr><tr class=\"jet-dynamic-table__row jet-dynamic-table__row--header\" data-item-object=\"3478\"><td class=\"jet-dynamic-table__col jet-dynamic-table__col--nmero\" >015\/2024<\/td><td class=\"jet-dynamic-table__col jet-dynamic-table__col--tipo\" >Portaria<\/td><td class=\"jet-dynamic-table__col jet-dynamic-table__col--ementa\" >Criar regras transit\u00f3rias para implementa\u00e7\u00e3o. Exemplo: \"Adicione-se o art. 12-A: 'As disposi\u00e7\u00f5es deste ato ter\u00e3o car\u00e1ter progressivo em at\u00e9 2 anos.'\"<\/td><td class=\"jet-dynamic-table__col jet-dynamic-table__col--datadepublicao\" >02\/12\/2024<\/td><td class=\"jet-dynamic-table__col jet-dynamic-table__col--download\" ><a href=\"https:\/\/upgyn.com.br\/asstransparente\/wp-content\/uploads\/2024\/12\/form-pedido_pf-1.pdf\">https:\/\/upgyn.com.br\/asstransparente\/wp-content\/uploads\/2024\/12\/form-pedido_pf-1.pdf<\/a><\/td><\/tr><tr class=\"jet-dynamic-table__row jet-dynamic-table__row--header\" data-item-object=\"3477\"><td class=\"jet-dynamic-table__col jet-dynamic-table__col--nmero\" >016\/2024<\/td><td class=\"jet-dynamic-table__col jet-dynamic-table__col--tipo\" >Nomea\u00e7\u00e3o<\/td><td class=\"jet-dynamic-table__col jet-dynamic-table__col--ementa\" >Adicionar especifica\u00e7\u00f5es ou condi\u00e7\u00f5es adicionais a um artigo. Exemplo: \"Inclua-se o \u00a73\u00ba no art. 7\u00ba, dispondo sobre o prazo m\u00ednimo para contesta\u00e7\u00e3o.\"<\/td><td class=\"jet-dynamic-table__col jet-dynamic-table__col--datadepublicao\" >03\/12\/2024<\/td><td class=\"jet-dynamic-table__col jet-dynamic-table__col--download\" ><a href=\"https:\/\/upgyn.com.br\/asstransparente\/wp-content\/uploads\/2024\/12\/form-pedido_pf-1.pdf\">https:\/\/upgyn.com.br\/asstransparente\/wp-content\/uploads\/2024\/12\/form-pedido_pf-1.pdf<\/a><\/td><\/tr><\/tbody><\/table><\/div>\t\t<\/div>\n\t\t\t\t<\/div>\n\t\t\t\t<div class=\"elementor-element elementor-element-8c018f0 elementor-widget elementor-widget-jet-smart-filters-pagination\" data-id=\"8c018f0\" data-element_type=\"widget\" data-widget_type=\"jet-smart-filters-pagination.default\">\n\t\t\t\t<div class=\"elementor-widget-container\">\n\t\t\t<div\n\t\t\t\tclass=\"jet-smart-filters-pagination jet-filter\"\n\t\t\t\tdata-apply-provider=\"jet-data-table\"\n\t\t\t\tdata-content-provider=\"jet-data-table\"\n\t\t\t\tdata-query-id=\"default\"\n\t\t\t\tdata-controls=\"{&quot;items_enabled&quot;:true,&quot;pages_mid_size&quot;:4,&quot;pages_end_size&quot;:0,&quot;nav_enabled&quot;:true,&quot;prev&quot;:&quot;Anterior&quot;,&quot;next&quot;:&quot;Pr\\u00f3xima&quot;,&quot;hide_inactive_nav&quot;:false,&quot;load_more_enabled&quot;:false}\"\n\t\t\t\tdata-apply-type=\"ajax\"\n\t\t\t><\/div>\t\t<\/div>\n\t\t\t\t<\/div>\n\t\t\t\t<\/div>\n\t\t\t\t\t<\/div>\n\t\t\t\t<\/div>\n\t\t\t\t<\/div>\n\t\t","protected":false},"excerpt":{"rendered":"<p>Atos Administrativos Campos de Pesquisa Selecione o Tipo&#8230;DecretoNomea\u00e7\u00e3oPortaria N\u00famero Tipo Ementa Data de Publica\u00e7\u00e3o Download 013\/2023 Decreto Acrescentar um novo artigo ao ato normativo. Exemplo: &#8220;Acrescente-se o art. 9\u00ba-A com a seguinte reda\u00e7\u00e3o: &#8216;Fica institu\u00eddo o cadastro nacional de benefici\u00e1rios.&#8217;&#8221; 04\/12\/2024 https:\/\/upgyn.com.br\/asstransparente\/wp-content\/uploads\/2024\/12\/form-pedido_pj.pdf 014\/2023 Nomea\u00e7\u00e3o Adicionar especifica\u00e7\u00f5es ou condi\u00e7\u00f5es adicionais a um artigo. Exemplo: &#8220;Inclua-se o [&hellip;]<\/p>\n","protected":false},"author":1,"featured_media":0,"parent":0,"menu_order":0,"comment_status":"closed","ping_status":"closed","template":"elementor_header_footer","meta":{"footnotes":""},"class_list":["post-3741","page","type-page","status-publish","hentry"],"_links":{"self":[{"href":"https:\/\/upgyn.com.br\/sistemas\/associacaotransparente\/wp-json\/wp\/v2\/pages\/3741","targetHints":{"allow":["GET"]}}],"collection":[{"href":"https:\/\/upgyn.com.br\/sistemas\/associacaotransparente\/wp-json\/wp\/v2\/pages"}],"about":[{"href":"https:\/\/upgyn.com.br\/sistemas\/associacaotransparente\/wp-json\/wp\/v2\/types\/page"}],"author":[{"embeddable":true,"href":"https:\/\/upgyn.com.br\/sistemas\/associacaotransparente\/wp-json\/wp\/v2\/users\/1"}],"replies":[{"embeddable":true,"href":"https:\/\/upgyn.com.br\/sistemas\/associacaotransparente\/wp-json\/wp\/v2\/comments?post=3741"}],"version-history":[{"count":76,"href":"https:\/\/upgyn.com.br\/sistemas\/associacaotransparente\/wp-json\/wp\/v2\/pages\/3741\/revisions"}],"predecessor-version":[{"id":4668,"href":"https:\/\/upgyn.com.br\/sistemas\/associacaotransparente\/wp-json\/wp\/v2\/pages\/3741\/revisions\/4668"}],"wp:attachment":[{"href":"https:\/\/upgyn.com.br\/sistemas\/associacaotransparente\/wp-json\/wp\/v2\/media?parent=3741"}],"curies":[{"name":"wp","href":"https:\/\/api.w.org\/{rel}","templated":true}]}}